{"id":3687,"date":"2021-08-20T14:45:58","date_gmt":"2021-08-20T12:45:58","guid":{"rendered":"https:\/\/www.m2act.ch\/?page_id=3687"},"modified":"2026-04-01T09:48:42","modified_gmt":"2026-04-01T07:48:42","slug":"foerderung-m2act","status":"publish","type":"page","link":"https:\/\/www.m2act.ch\/it\/foerderung-m2act\/","title":{"rendered":"Possibilit\u00e0 di sostegno attraverso del Percento culturale Migros m2act"},"content":{"rendered":"\n<h3 class=\"wp-block-heading\"><strong>APERTO AL PUBBLICO<\/strong><\/h3>\n\n\n\n<p><strong>Bando di concorso:<\/strong>\u00a0<strong>stimolare e avviare i processi<\/strong><br><a href=\"\/it\/?page_id=12400\">Ogni anno<\/a>\u00a0 m2act cerca nuovi progetti con un focus tematico. Possono partecipare i gruppi professionali, le istituzioni e le reti delle arti della scena, la musica, le arti visive, i film, i videogiochi, la cultura digitale, la letteratura e fumetti, lo spoken word e le arti interdisciplinari. Il processo decisionale consiste in una valutazione in pi\u00f9 fasi dei progetti da parte del team di m2act e di un comitato consultivo esterno. Il volume dei finanziamenti ammonta fino a 150&#8217;000 franchi per 5-8 progetti selezionati. Oltre al sostegno finanziario, m2act accompagna i progetti in modalit\u00e0 dialogante.<\/p>\n\n\n\n<p><\/p>\n\n\n\n<h3 class=\"wp-block-heading\"><strong><strong>SU INVITO<\/strong><\/strong><\/h3>\n\n\n\n<p>Per chiarire la necessit\u00e0 di finanziamento, ti chiediamo di inviarci via e-mail una breve descrizione del tuo progetto e delle persone coinvolte. Se non sei sicuro che il tuo progetto soddisfi i criteri di finanziamento di m2act, il team di m2act \u00e8 disponibile per rispondere alle tue domande oppure puoi trarre ispirazione <a href=\"https:\/\/www.m2act.ch\/it\/gefoerderte-vorhaben\/\">dai progetti gi\u00e0 finanziati<\/a>. Ti preghiamo di non inviare dossier senza un invito.<\/p>\n\n\n\n<p><strong>CONTRIBUTI DI REALIZZAZIONE E CONTRIBUTI DI ACCOMPAGNAMENTO: realizzare le idee e stabilizzare le reti<\/strong>&nbsp;<br>Dopo un colloquio di valutazione e il chiarimento del fabbisogno di sostegno, \u00e8 possibile presentare una richiesta indipendentemente dal bando annuale. Ci\u00f2 consente di realizzare nuove idee nel campo delle prassi eque e della sostenibilit\u00e0 ecologica e sociale. \u00c8 inoltre possibile ottenere un finanziamento integrativo per progetti selezionati che hanno gi\u00e0 beneficiato di un contributo di m2act. Alcuni progetti beneficeranno di un finanziamento pluriennale. I contributi partono da 10&#8217;000 franchi. La loro erogazione comporta un regolare confronto con il team di m2act.<\/p>\n\n\n\n<p><strong>CONTRIBUTI DI SOSTEGNO: rafforzare e favorire eventi e progetti<\/strong><br>m2act offre un sostegno finanziario semplice per eventi, workshop o pubblicazioni realizzati una tantum. Dopo un colloquio iniziale, verr\u00e0 deciso se \u00e8 possibile presentare una richiesta. Una volta inviata la richiesta, le decisioni sui finanziamenti fino a CHF 10\u2019000 saranno prese entro 3-4 settimane.<\/p>\n\n\n\n<p><strong><strong>Criteri per il sostegno di m2act<\/strong><\/strong><br>m2act sostiene progetti innovativi per un cambiamento sistemico nel settore culturale svizzero attraverso i tre strumenti di finanziamento sopra descritti:<\/p>\n\n\n\n<ul class=\"wp-block-list\">\n<li><strong>Valore aggiunto e beneficio:<\/strong> il progetto dovrebbe offrire un chiaro valore aggiunto e un beneficio per molti attori\/trici del settore culturale.<\/li>\n\n\n\n<li><strong>Co-creazione culturale:<\/strong> i progetti devono essere sviluppati e realizzati in <a href=\"https:\/\/www.m2act.ch\/it\/glossar\/\">modo co-creativo<\/a>.<\/li>\n\n\n\n<li><strong>Prassi equa e sostenibile:<\/strong> i progetti dovrebbero applicare <a href=\"https:\/\/www.m2act.ch\/it\/glossar\/\">metodi equi e sostenibili&nbsp;<\/a>nella loro prassi operativa.<\/li>\n\n\n\n<li><strong>Orientamento all&#8217;impatto:<\/strong> i progetti dovrebbero mirare a un cambiamento nei <a href=\"https:\/\/www.m2act.ch\/wp-content\/uploads\/2025\/05\/Ottenere-di-piu-con-la-cultura.pdf\">modi di pensare e di agire<\/a>.<\/li>\n\n\n\n<li><strong>Realizzazione professionale:<\/strong> i progetti devono essere concepiti e realizzati in modo professionale.<\/li>\n\n\n\n<li><strong>Legame con la Svizzera:<\/strong> i progetti devono essere realizzati in Svizzera e i\/le principali responsabili devono risiedere in Svizzera.<\/li>\n<\/ul>\n\n\n\n<p>Oltre al sostegno finanziario, m2act invita i progetti sostenuti a eventi di networking annuali per promuovere il confronto e la creazione di reti.<\/p>\n\n\n\n<p>Se non sei sicuro\/a che il tuo progetto soddisfa i criteri per il sostegno di m2act, il team di m2act \u00e8 volentieri a disposizione per rispondere alle tue domande. In alternativa, puoi trarre ispirazione <a href=\"http:\/\/dai progetti finora sostenuti\">dai progetti finora sostenuti<\/a>.<\/p>\n\n\n\n<p><strong>Importante: m2act non sostiene progetti aventi uno scopo unicamente artistico.<\/strong><\/p>\n\n\n\n<div id=\"bild-sektion-block_8ce670e9b9cd8bfbf94e077a55d6b9f0\" class=\"mod-bild-sektion\">\n    <div class=\"container-breakout\">\n        <div class=\"image-spacer\">\n            <div class=\"image-fixed\">\n                <div class=\"image\" style=\"background-image: url('https:\/\/www.m2act.ch\/wp-content\/uploads\/2025\/07\/KEYVISUAL_2021_KOMPOSITION_FINAL7-2.jpg');\" data-imgurl=\"https:\/\/www.m2act.ch\/wp-content\/uploads\/2025\/07\/KEYVISUAL_2021_KOMPOSITION_FINAL7-2.jpg\"><\/div>\n            <\/div>\n        <\/div>\n    <\/div>\n<\/div>\n\n\n<p><\/p>\n\n\n\n<p><strong>Altre opportunit\u00e0 di sostegno del Percento culturale Migros<\/strong><\/p>\n\n\n\n<p>Il progetto gemello di m2act \u00e8 <a href=\"https:\/\/engagement.migros.ch\/it\/progetti\/promozione-culturale\/disframe\">disframe<\/a>. In collaborazione con i partner e le partner, disframe presenta un programma di&nbsp;<a href=\"https:\/\/engagement.migros.ch\/it\/progetti\/promozione-culturale\/disframe\/glossario\">crip art<\/a>&nbsp;e, attraverso un regolare bando di concorso, offre un sostegno finanziario al lavoro autodeterminato di operatori e operatrici culturali con disabilit\u00e0 e\/o&nbsp;<a href=\"https:\/\/engagement.migros.ch\/it\/progetti\/promozione-culturale\/disframe\/glossario\">malattie croniche<\/a>. Come progetto di rete, disframe crea alleanze per dare attivamente forma a prassi culturali inclusive. Trovi ulteriori progetti di sostegno specifici per discipline e interdisciplinari su <a href=\"https:\/\/engagement.migros.ch\/it\/richiesta-di-sostegno\/bando-m2act\">engagement.migros.ch<\/a>.<\/p>\n\n\n\n<p><strong><strong>Contributi di sostegno per la ricerca artistica e le tourn\u00e9e<\/strong><\/strong><\/p>\n\n\n\n<ol class=\"wp-block-list\">\n<li><a href=\"https:\/\/engagement.migros.ch\/it\/richiesta-di-sostegno\/ideazione\">Sostegno all&#8217;ideazione del progetto<\/a><br>Sostegno allo sviluppo di nuove idee e approcci.<\/li>\n\n\n\n<li>Sostegno alla diffusione I <a href=\"https:\/\/engagement.migros.ch\/it\/richiesta-di-sostegno\/diffusione-progetti\">Progetti <\/a>I <a href=\"https:\/\/engagement.migros.ch\/it\/richiesta-di-sostegno\/diffusione-piattaforme\">Piattaforme<\/a><br>Sostegno alla diffusione e all&#8217;esecuzione di opere artistiche esistenti.<\/li>\n<\/ol>\n\n\n\n<p><strong><strong>Sostegno alla produzione e alla creazione:<\/strong><\/strong><\/p>\n\n\n\n<ul class=\"wp-block-list\">\n<li>Questi tipi di sostegno sono possibili esclusivamente attraverso le <a href=\"https:\/\/engagement.migros.ch\/it\/richiesta-di-sostegno\/filter\/arti-di-scena\">cooperative regionali<\/a>.<\/li>\n<\/ul>\n\n\n\n<div id=\"bild-sektion-block_ea2fadb04d71b21646d02638688483db\" class=\"mod-bild-sektion\">\n    <div class=\"container-breakout\">\n        <div class=\"image-spacer\">\n            <div class=\"image-fixed\">\n                <div class=\"image\" style=\"background-image: url('https:\/\/www.m2act.ch\/wp-content\/uploads\/2021\/07\/CieGreffe_Elementen-III-Blazing-Wreck_-ONLINE-e1625228045682.jpg');\" data-imgurl=\"https:\/\/www.m2act.ch\/wp-content\/uploads\/2021\/07\/CieGreffe_Elementen-III-Blazing-Wreck_-ONLINE-e1625228045682.jpg\"><\/div>\n            <\/div>\n        <\/div>\n    <\/div>\n<\/div>\n\n\n<p>Hai domande <a href=\"https:\/\/engagement.migros.ch\/it\/richiesta-di-sostegno\">sulle offerte di sostegno del Percento culturale Migros nel settore della cultura<\/a>? Hai bisogno di aiuto per presentare una richiesta? <a href=\"https:\/\/engagement.migros.ch\/it\/richieste-sostegno\/sostegno-support\">Consulenza sulle iniziative di sostegno del Percento culturale Migros nel settore della cultura<\/a> \u00e8 a tua disposizione.<\/p>\n\n\n\n<p><\/p>\n","protected":false},"excerpt":{"rendered":"<p>APERTO AL PUBBLICO Bando di concorso:\u00a0stimolare e avviare i processiOgni anno\u00a0 m2act cerca nuovi progetti con un focus tematico. Possono partecipare i gruppi professionali, le istituzioni e le reti delle arti della scena, la musica, le arti visive, i film, i videogiochi, la cultura digitale, la letteratura e fumetti, lo spoken word e le arti [&hellip;]<\/p>\n","protected":false},"author":2,"featured_media":0,"parent":0,"menu_order":89,"comment_status":"closed","ping_status":"closed","template":"","meta":{"_acf_changed":false,"footnotes":""},"class_list":["post-3687","page","type-page","status-publish","hentry"],"acf":[],"yoast_head":"<!-- This site is optimized with the Yoast SEO plugin v27.2 - https:\/\/yoast.com\/product\/yoast-seo-wordpress\/ -->\n<title>Possibilit\u00e0 di sostegno attraverso del Percento culturale Migros m2act - M2ACT<\/title>\n<meta name=\"robots\" content=\"index, follow, max-snippet:-1, max-image-preview:large, max-video-preview:-1\" \/>\n<link rel=\"canonical\" href=\"https:\/\/www.m2act.ch\/it\/foerderung-m2act\/\" \/>\n<meta property=\"og:locale\" content=\"it_IT\" \/>\n<meta property=\"og:type\" content=\"article\" \/>\n<meta property=\"og:title\" content=\"Possibilit\u00e0 di sostegno attraverso del Percento culturale Migros m2act - M2ACT\" \/>\n<meta property=\"og:description\" content=\"APERTO AL PUBBLICO Bando di concorso:\u00a0stimolare e avviare i processiOgni anno\u00a0 m2act cerca nuovi progetti con un focus tematico. Possono partecipare i gruppi professionali, le istituzioni e le reti delle arti della scena, la musica, le arti visive, i film, i videogiochi, la cultura digitale, la letteratura e fumetti, lo spoken word e le arti [&hellip;]\" \/>\n<meta property=\"og:url\" content=\"https:\/\/www.m2act.ch\/it\/foerderung-m2act\/\" \/>\n<meta property=\"og:site_name\" content=\"M2ACT\" \/>\n<meta property=\"article:modified_time\" content=\"2026-04-01T07:48:42+00:00\" \/>\n<meta property=\"og:image\" content=\"https:\/\/www.m2act.ch\/wp-content\/uploads\/2025\/03\/Webbseite_Header.jpg\" \/>\n\t<meta property=\"og:image:width\" content=\"2000\" \/>\n\t<meta property=\"og:image:height\" content=\"640\" \/>\n\t<meta property=\"og:image:type\" content=\"image\/jpeg\" \/>\n<meta name=\"twitter:card\" content=\"summary_large_image\" \/>\n<meta name=\"twitter:label1\" content=\"Tempo di lettura stimato\" \/>\n\t<meta name=\"twitter:data1\" content=\"4 minuti\" \/>\n<script type=\"application\/ld+json\" class=\"yoast-schema-graph\">{\"@context\":\"https:\/\/schema.org\",\"@graph\":[{\"@type\":\"WebPage\",\"@id\":\"https:\/\/www.m2act.ch\/it\/foerderung-m2act\/\",\"url\":\"https:\/\/www.m2act.ch\/it\/foerderung-m2act\/\",\"name\":\"Possibilit\u00e0 di sostegno attraverso del Percento culturale Migros m2act - M2ACT\",\"isPartOf\":{\"@id\":\"https:\/\/www.m2act.ch\/en\/#website\"},\"datePublished\":\"2021-08-20T12:45:58+00:00\",\"dateModified\":\"2026-04-01T07:48:42+00:00\",\"breadcrumb\":{\"@id\":\"https:\/\/www.m2act.ch\/it\/foerderung-m2act\/#breadcrumb\"},\"inLanguage\":\"it-IT\",\"potentialAction\":[{\"@type\":\"ReadAction\",\"target\":[\"https:\/\/www.m2act.ch\/it\/foerderung-m2act\/\"]}]},{\"@type\":\"BreadcrumbList\",\"@id\":\"https:\/\/www.m2act.ch\/it\/foerderung-m2act\/#breadcrumb\",\"itemListElement\":[{\"@type\":\"ListItem\",\"position\":1,\"name\":\"Startseite\",\"item\":\"https:\/\/www.m2act.ch\/it\/\"},{\"@type\":\"ListItem\",\"position\":2,\"name\":\"Possibilit\u00e0 di sostegno attraverso del Percento culturale Migros m2act\"}]},{\"@type\":\"WebSite\",\"@id\":\"https:\/\/www.m2act.ch\/en\/#website\",\"url\":\"https:\/\/www.m2act.ch\/en\/\",\"name\":\"M2ACT\",\"description\":\"Ein Projekt von Migros Kulturprozent\",\"potentialAction\":[{\"@type\":\"SearchAction\",\"target\":{\"@type\":\"EntryPoint\",\"urlTemplate\":\"https:\/\/www.m2act.ch\/en\/?s={search_term_string}\"},\"query-input\":{\"@type\":\"PropertyValueSpecification\",\"valueRequired\":true,\"valueName\":\"search_term_string\"}}],\"inLanguage\":\"it-IT\"}]}<\/script>\n<!-- \/ Yoast SEO plugin. -->","yoast_head_json":{"title":"Possibilit\u00e0 di sostegno attraverso del Percento culturale Migros m2act - M2ACT","robots":{"index":"index","follow":"follow","max-snippet":"max-snippet:-1","max-image-preview":"max-image-preview:large","max-video-preview":"max-video-preview:-1"},"canonical":"https:\/\/www.m2act.ch\/it\/foerderung-m2act\/","og_locale":"it_IT","og_type":"article","og_title":"Possibilit\u00e0 di sostegno attraverso del Percento culturale Migros m2act - M2ACT","og_description":"APERTO AL PUBBLICO Bando di concorso:\u00a0stimolare e avviare i processiOgni anno\u00a0 m2act cerca nuovi progetti con un focus tematico. Possono partecipare i gruppi professionali, le istituzioni e le reti delle arti della scena, la musica, le arti visive, i film, i videogiochi, la cultura digitale, la letteratura e fumetti, lo spoken word e le arti [&hellip;]","og_url":"https:\/\/www.m2act.ch\/it\/foerderung-m2act\/","og_site_name":"M2ACT","article_modified_time":"2026-04-01T07:48:42+00:00","og_image":[{"width":2000,"height":640,"url":"https:\/\/www.m2act.ch\/wp-content\/uploads\/2025\/03\/Webbseite_Header.jpg","type":"image\/jpeg"}],"twitter_card":"summary_large_image","twitter_misc":{"Tempo di lettura stimato":"4 minuti"},"schema":{"@context":"https:\/\/schema.org","@graph":[{"@type":"WebPage","@id":"https:\/\/www.m2act.ch\/it\/foerderung-m2act\/","url":"https:\/\/www.m2act.ch\/it\/foerderung-m2act\/","name":"Possibilit\u00e0 di sostegno attraverso del Percento culturale Migros m2act - M2ACT","isPartOf":{"@id":"https:\/\/www.m2act.ch\/en\/#website"},"datePublished":"2021-08-20T12:45:58+00:00","dateModified":"2026-04-01T07:48:42+00:00","breadcrumb":{"@id":"https:\/\/www.m2act.ch\/it\/foerderung-m2act\/#breadcrumb"},"inLanguage":"it-IT","potentialAction":[{"@type":"ReadAction","target":["https:\/\/www.m2act.ch\/it\/foerderung-m2act\/"]}]},{"@type":"BreadcrumbList","@id":"https:\/\/www.m2act.ch\/it\/foerderung-m2act\/#breadcrumb","itemListElement":[{"@type":"ListItem","position":1,"name":"Startseite","item":"https:\/\/www.m2act.ch\/it\/"},{"@type":"ListItem","position":2,"name":"Possibilit\u00e0 di sostegno attraverso del Percento culturale Migros m2act"}]},{"@type":"WebSite","@id":"https:\/\/www.m2act.ch\/en\/#website","url":"https:\/\/www.m2act.ch\/en\/","name":"M2ACT","description":"Ein Projekt von Migros Kulturprozent","potentialAction":[{"@type":"SearchAction","target":{"@type":"EntryPoint","urlTemplate":"https:\/\/www.m2act.ch\/en\/?s={search_term_string}"},"query-input":{"@type":"PropertyValueSpecification","valueRequired":true,"valueName":"search_term_string"}}],"inLanguage":"it-IT"}]}},"_links":{"self":[{"href":"https:\/\/www.m2act.ch\/it\/wp-json\/wp\/v2\/pages\/3687","targetHints":{"allow":["GET"]}}],"collection":[{"href":"https:\/\/www.m2act.ch\/it\/wp-json\/wp\/v2\/pages"}],"about":[{"href":"https:\/\/www.m2act.ch\/it\/wp-json\/wp\/v2\/types\/page"}],"author":[{"embeddable":true,"href":"https:\/\/www.m2act.ch\/it\/wp-json\/wp\/v2\/users\/2"}],"replies":[{"embeddable":true,"href":"https:\/\/www.m2act.ch\/it\/wp-json\/wp\/v2\/comments?post=3687"}],"version-history":[{"count":51,"href":"https:\/\/www.m2act.ch\/it\/wp-json\/wp\/v2\/pages\/3687\/revisions"}],"predecessor-version":[{"id":15594,"href":"https:\/\/www.m2act.ch\/it\/wp-json\/wp\/v2\/pages\/3687\/revisions\/15594"}],"wp:attachment":[{"href":"https:\/\/www.m2act.ch\/it\/wp-json\/wp\/v2\/media?parent=3687"}],"curies":[{"name":"wp","href":"https:\/\/api.w.org\/{rel}","templated":true}]}}