{"id":3676,"date":"2021-08-16T13:47:10","date_gmt":"2021-08-16T11:47:10","guid":{"rendered":"https:\/\/www.m2act.ch\/?page_id=3676"},"modified":"2025-02-11T17:27:07","modified_gmt":"2025-02-11T16:27:07","slug":"idee","status":"publish","type":"page","link":"https:\/\/www.m2act.ch\/it\/idee\/","title":{"rendered":"Su m2act"},"content":{"rendered":"\n<h3 class=\"wp-block-heading\">M2ACT PROMUOVE LA <a href=\"https:\/\/www.m2act.ch\/it\/glossar\/\">CO-CREAZIONE CULTURALE<\/a><\/h3>\n\n\n\n<p>Incentiviamo processi e progetti sviluppati e realizzati da operatrici e operatori culturali, in modo paritario e in collaborazione con specialisti di altre discipline. Nell\u2019ambito di questa collaborazione le modalit\u00e0 di lavoro artistiche si combinano con metodi e formati di altri settori, come ad esempio affari sociali, economia, societ\u00e0, ricerca, scienza e politica. Tali interazioni hanno il potenziale di generare produzioni partecipative, innovative e orientate al futuro.<\/p>\n\n\n\n<p><\/p>\n\n\n\n<h3 class=\"wp-block-heading\">M2ACT SOSTIENE LA <a href=\"https:\/\/www.m2act.ch\/it\/glossar\/\">CONDIVISIONE APERTA DELLE CONOSCENZE<\/a><\/h3>\n\n\n\n<p>Lo scambio di idee, approcci, esperienze e conoscenze fa parte del nostro DNA. Gli approfondimenti e i risultati di tutte le attivit\u00e0 vengono documentati, elaborati e resi accessibili alle persone interessate, che possono liberamente utilizzarli e svilupparli a loro volta. La condivisione aperta delle conoscenze promuove un cambiamento dei processi e delle strutture nelle arti della scena, in modo sostenibile e rivolto al futuro.<\/p>\n\n\n\n<p><\/p>\n\n\n\n<h3 class=\"wp-block-heading\">M2ACT SI IMPEGNA PER <a href=\"https:\/\/www.m2act.ch\/it\/glossar\/\">PRASSI EQUE<\/a><\/h3>\n\n\n\n<p>Pari opportunit\u00e0, inclusione e sostenibilit\u00e0 sono le condizioni fondamentali per tutte le attivit\u00e0 e le offerte del progetto di promozione e di messa in rete.&nbsp;Nell\u2019ambito della collaborazione, puntiamo a valorizzare la parit\u00e0 sociale, di ruolo e di genere, portando l\u2019attenzione verso s\u00e9 stessi e gli altri, nonch\u00e9 sul giusto compenso attribuito a tutte le persone coinvolte.&nbsp;<\/p>\n\n\n\n<p><\/p>\n\n\n\n<h3 class=\"wp-block-heading\">M2ACT FAVORISCE <a href=\"https:\/\/www.m2act.ch\/it\/glossar\/\">STRUTTURE SOSTENIBILI<\/a><\/h3>\n\n\n\n<p>Le condizioni quadro, i processi e i contesti lavorativi nelle arti della scena devono essere orientati al futuro;fondarsi su una gestione consapevole e responsabile delle risorse naturali, economiche e umane. Insieme ad altri attori et attrici, elaboriamo principi condivisibili e vincolanti su cui far poggiare strutture sostenibili nelle arti della scena.<\/p>\n\n\n\n<div style=\"height:100px\" aria-hidden=\"true\" class=\"wp-block-spacer\"><\/div>\n\n\n\n<div id=\"testimonial-block_9fe95b7755f06dd6c0d475412cd4ac22\" class=\"mod-stoerer-button\">\n    <a href=\"https:\/\/www.m2act.ch\/it\/glossar\/\" target=\"\" class=\"inner\">\n        <span class=\"title\">\n            Glossario        <\/span>\n        <span class=\"more\">\n                        <\/span>\n    <\/a>\n<\/div>\n\n\n<p><br>Consulta il nostro <a href=\"https:\/\/www.m2act.ch\/it\/glossar\/\">glossario<\/a> e scopri di pi\u00f9 su che cosa intendiamo esattamente con i termini di co-creazione, condivisione aperta di conoscenze, prassi equa e strutture sostenibili!<\/p>\n","protected":false},"excerpt":{"rendered":"<p>M2ACT PROMUOVE LA CO-CREAZIONE CULTURALE Incentiviamo processi e progetti sviluppati e realizzati da operatrici e operatori culturali, in modo paritario e in collaborazione con specialisti di altre discipline. Nell\u2019ambito di questa collaborazione le modalit\u00e0 di lavoro artistiche si combinano con metodi e formati di altri settori, come ad esempio affari sociali, economia, societ\u00e0, ricerca, scienza [&hellip;]<\/p>\n","protected":false},"author":2,"featured_media":0,"parent":0,"menu_order":70,"comment_status":"closed","ping_status":"closed","template":"","meta":{"_acf_changed":false,"footnotes":""},"class_list":["post-3676","page","type-page","status-publish","hentry"],"acf":[],"yoast_head":"<!-- This site is optimized with the Yoast SEO plugin v27.2 - https:\/\/yoast.com\/product\/yoast-seo-wordpress\/ -->\n<title>Su m2act - M2ACT<\/title>\n<meta name=\"robots\" content=\"index, follow, max-snippet:-1, max-image-preview:large, max-video-preview:-1\" \/>\n<link rel=\"canonical\" href=\"https:\/\/www.m2act.ch\/it\/idee\/\" \/>\n<meta property=\"og:locale\" content=\"it_IT\" \/>\n<meta property=\"og:type\" content=\"article\" \/>\n<meta property=\"og:title\" content=\"Su m2act - M2ACT\" \/>\n<meta property=\"og:description\" content=\"M2ACT PROMUOVE LA CO-CREAZIONE CULTURALE Incentiviamo processi e progetti sviluppati e realizzati da operatrici e operatori culturali, in modo paritario e in collaborazione con specialisti di altre discipline. Nell\u2019ambito di questa collaborazione le modalit\u00e0 di lavoro artistiche si combinano con metodi e formati di altri settori, come ad esempio affari sociali, economia, societ\u00e0, ricerca, scienza [&hellip;]\" \/>\n<meta property=\"og:url\" content=\"https:\/\/www.m2act.ch\/it\/idee\/\" \/>\n<meta property=\"og:site_name\" content=\"M2ACT\" \/>\n<meta property=\"article:modified_time\" content=\"2025-02-11T16:27:07+00:00\" \/>\n<meta property=\"og:image\" content=\"https:\/\/www.m2act.ch\/wp-content\/uploads\/2025\/03\/Webbseite_Header.jpg\" \/>\n\t<meta property=\"og:image:width\" content=\"2000\" \/>\n\t<meta property=\"og:image:height\" content=\"640\" \/>\n\t<meta property=\"og:image:type\" content=\"image\/jpeg\" \/>\n<meta name=\"twitter:card\" content=\"summary_large_image\" \/>\n<meta name=\"twitter:label1\" content=\"Tempo di lettura stimato\" \/>\n\t<meta name=\"twitter:data1\" content=\"2 minuti\" \/>\n<script type=\"application\/ld+json\" class=\"yoast-schema-graph\">{\"@context\":\"https:\/\/schema.org\",\"@graph\":[{\"@type\":\"WebPage\",\"@id\":\"https:\/\/www.m2act.ch\/it\/idee\/\",\"url\":\"https:\/\/www.m2act.ch\/it\/idee\/\",\"name\":\"Su m2act - M2ACT\",\"isPartOf\":{\"@id\":\"https:\/\/www.m2act.ch\/en\/#website\"},\"datePublished\":\"2021-08-16T11:47:10+00:00\",\"dateModified\":\"2025-02-11T16:27:07+00:00\",\"breadcrumb\":{\"@id\":\"https:\/\/www.m2act.ch\/it\/idee\/#breadcrumb\"},\"inLanguage\":\"it-IT\",\"potentialAction\":[{\"@type\":\"ReadAction\",\"target\":[\"https:\/\/www.m2act.ch\/it\/idee\/\"]}]},{\"@type\":\"BreadcrumbList\",\"@id\":\"https:\/\/www.m2act.ch\/it\/idee\/#breadcrumb\",\"itemListElement\":[{\"@type\":\"ListItem\",\"position\":1,\"name\":\"Startseite\",\"item\":\"https:\/\/www.m2act.ch\/it\/\"},{\"@type\":\"ListItem\",\"position\":2,\"name\":\"Su m2act\"}]},{\"@type\":\"WebSite\",\"@id\":\"https:\/\/www.m2act.ch\/en\/#website\",\"url\":\"https:\/\/www.m2act.ch\/en\/\",\"name\":\"M2ACT\",\"description\":\"Ein Projekt von Migros Kulturprozent\",\"potentialAction\":[{\"@type\":\"SearchAction\",\"target\":{\"@type\":\"EntryPoint\",\"urlTemplate\":\"https:\/\/www.m2act.ch\/en\/?s={search_term_string}\"},\"query-input\":{\"@type\":\"PropertyValueSpecification\",\"valueRequired\":true,\"valueName\":\"search_term_string\"}}],\"inLanguage\":\"it-IT\"}]}<\/script>\n<!-- \/ Yoast SEO plugin. -->","yoast_head_json":{"title":"Su m2act - M2ACT","robots":{"index":"index","follow":"follow","max-snippet":"max-snippet:-1","max-image-preview":"max-image-preview:large","max-video-preview":"max-video-preview:-1"},"canonical":"https:\/\/www.m2act.ch\/it\/idee\/","og_locale":"it_IT","og_type":"article","og_title":"Su m2act - M2ACT","og_description":"M2ACT PROMUOVE LA CO-CREAZIONE CULTURALE Incentiviamo processi e progetti sviluppati e realizzati da operatrici e operatori culturali, in modo paritario e in collaborazione con specialisti di altre discipline. Nell\u2019ambito di questa collaborazione le modalit\u00e0 di lavoro artistiche si combinano con metodi e formati di altri settori, come ad esempio affari sociali, economia, societ\u00e0, ricerca, scienza [&hellip;]","og_url":"https:\/\/www.m2act.ch\/it\/idee\/","og_site_name":"M2ACT","article_modified_time":"2025-02-11T16:27:07+00:00","og_image":[{"width":2000,"height":640,"url":"https:\/\/www.m2act.ch\/wp-content\/uploads\/2025\/03\/Webbseite_Header.jpg","type":"image\/jpeg"}],"twitter_card":"summary_large_image","twitter_misc":{"Tempo di lettura stimato":"2 minuti"},"schema":{"@context":"https:\/\/schema.org","@graph":[{"@type":"WebPage","@id":"https:\/\/www.m2act.ch\/it\/idee\/","url":"https:\/\/www.m2act.ch\/it\/idee\/","name":"Su m2act - M2ACT","isPartOf":{"@id":"https:\/\/www.m2act.ch\/en\/#website"},"datePublished":"2021-08-16T11:47:10+00:00","dateModified":"2025-02-11T16:27:07+00:00","breadcrumb":{"@id":"https:\/\/www.m2act.ch\/it\/idee\/#breadcrumb"},"inLanguage":"it-IT","potentialAction":[{"@type":"ReadAction","target":["https:\/\/www.m2act.ch\/it\/idee\/"]}]},{"@type":"BreadcrumbList","@id":"https:\/\/www.m2act.ch\/it\/idee\/#breadcrumb","itemListElement":[{"@type":"ListItem","position":1,"name":"Startseite","item":"https:\/\/www.m2act.ch\/it\/"},{"@type":"ListItem","position":2,"name":"Su m2act"}]},{"@type":"WebSite","@id":"https:\/\/www.m2act.ch\/en\/#website","url":"https:\/\/www.m2act.ch\/en\/","name":"M2ACT","description":"Ein Projekt von Migros Kulturprozent","potentialAction":[{"@type":"SearchAction","target":{"@type":"EntryPoint","urlTemplate":"https:\/\/www.m2act.ch\/en\/?s={search_term_string}"},"query-input":{"@type":"PropertyValueSpecification","valueRequired":true,"valueName":"search_term_string"}}],"inLanguage":"it-IT"}]}},"_links":{"self":[{"href":"https:\/\/www.m2act.ch\/it\/wp-json\/wp\/v2\/pages\/3676","targetHints":{"allow":["GET"]}}],"collection":[{"href":"https:\/\/www.m2act.ch\/it\/wp-json\/wp\/v2\/pages"}],"about":[{"href":"https:\/\/www.m2act.ch\/it\/wp-json\/wp\/v2\/types\/page"}],"author":[{"embeddable":true,"href":"https:\/\/www.m2act.ch\/it\/wp-json\/wp\/v2\/users\/2"}],"replies":[{"embeddable":true,"href":"https:\/\/www.m2act.ch\/it\/wp-json\/wp\/v2\/comments?post=3676"}],"version-history":[{"count":9,"href":"https:\/\/www.m2act.ch\/it\/wp-json\/wp\/v2\/pages\/3676\/revisions"}],"predecessor-version":[{"id":10756,"href":"https:\/\/www.m2act.ch\/it\/wp-json\/wp\/v2\/pages\/3676\/revisions\/10756"}],"wp:attachment":[{"href":"https:\/\/www.m2act.ch\/it\/wp-json\/wp\/v2\/media?parent=3676"}],"curies":[{"name":"wp","href":"https:\/\/api.w.org\/{rel}","templated":true}]}}