{"id":15272,"date":"2026-03-16T16:38:05","date_gmt":"2026-03-16T15:38:05","guid":{"rendered":"https:\/\/www.m2act.ch\/?page_id=15272"},"modified":"2026-03-18T09:43:07","modified_gmt":"2026-03-18T08:43:07","slug":"m2act-x-cooperativa-vaud","status":"publish","type":"page","link":"https:\/\/www.m2act.ch\/it\/m2act-x-cooperativa-vaud\/","title":{"rendered":"m2act x Cooperativa Vaud"},"content":{"rendered":"\n<p>Il 26 febbraio 2026 si \u00e8 tenuto l&#8217;incontro di rete m2act x Cooperativa Vaud presso il Th\u00e9\u00e2tre Le Reflet a Vevey. Hanno partecipato 20 attori\/attrici del panorama artistico e culturale regionale provenienti da teatro, danza, musica e letteratura. Sono stati presentati i finanziamenti di m2act e della Percentuale culturale Migros Vaud. Inoltre, il programma era interamente dedicato all&#8217;inclusione. Per iniziare, sono stati proiettati 30 minuti del film \u00ab<a href=\"https:\/\/www.m2act.ch\/it\/toolbox\/alle-inklusive-ein-kleintheater-will-mehr\/\">Alle inklusive &#8211; Ein Kleintheater will mehr<\/a>\u00bb, seguiti da un workshop, guidato dal <a href=\"https:\/\/www.m2act.ch\/it\/projects\/kleintheater-luzern\/\">Kleintheater Luzern<\/a>, per sviluppare misure concrete volte a ridurre le barriere. \u00c8 emerso che 90 minuti sono sufficienti per elaborare le prime misure concrete e, soprattutto, realizzabili per migliorare l&#8217;accessibilit\u00e0, permettendo a tutt\u0259 di agire rapidamente. Il pomeriggio si \u00e8 concluso con un aperitivo ricco.<\/p>\n\n\n<div id=\"bild-slider-block_2dbc8e5b523c860dbbf2fd168852369a\" class=\"mod-bild-slider\">\n\t\t\t\t\t            <div class=\"slider\">\n\t\t\t\t                        <div class=\"slide\">\n                            <img decoding=\"async\" class=\"slide-image\"\n                                 srcset=\"https:\/\/www.m2act.ch\/wp-content\/uploads\/2026\/03\/image00003-scaled-1580x920c.jpeg 2x, https:\/\/www.m2act.ch\/wp-content\/uploads\/2026\/03\/image00003-scaled-790x460c.jpeg 1x\"\n                                 src=\"https:\/\/www.m2act.ch\/wp-content\/uploads\/2026\/03\/image00003-scaled-150x150c.jpeg\"\n                                 alt=\"\"\n                            >\n                        <\/div>\n\t\t\t\t\t            <\/div>\n\t\t\t<\/div>\n\n\n<div class=\"wp-bootstrap-blocks-row row\">\n\t\n\n<div class=\"col-12 col-md-6\">\n\t\t\t\n<div id=\"bild-slider-block_f112d255639aed208a688292ada4e828\" class=\"mod-bild-slider\">\n\t\t\t\t\t            <div class=\"slider\">\n\t\t\t\t                        <div class=\"slide\">\n                            <img decoding=\"async\" class=\"slide-image\"\n                                 srcset=\"https:\/\/www.m2act.ch\/wp-content\/uploads\/2026\/03\/image00018-scaled-1580x920c.jpeg 2x, https:\/\/www.m2act.ch\/wp-content\/uploads\/2026\/03\/image00018-scaled-790x460c.jpeg 1x\"\n                                 src=\"https:\/\/www.m2act.ch\/wp-content\/uploads\/2026\/03\/image00018-scaled-150x150c.jpeg\"\n                                 alt=\"\"\n                            >\n                        <\/div>\n\t\t\t\t\t            <\/div>\n\t\t\t<\/div>\n\n\t<\/div>\n\n\n\n<div class=\"col-12 col-md-6\">\n\t\t\t\n<div id=\"bild-slider-block_cedf9192787108d0af90a7e12146a25a\" class=\"mod-bild-slider\">\n\t\t\t\t\t            <div class=\"slider\">\n\t\t\t\t                        <div class=\"slide\">\n                            <img decoding=\"async\" class=\"slide-image\"\n                                 srcset=\"https:\/\/www.m2act.ch\/wp-content\/uploads\/2026\/03\/image00011-scaled-1580x920c.jpeg 2x, https:\/\/www.m2act.ch\/wp-content\/uploads\/2026\/03\/image00011-scaled-790x460c.jpeg 1x\"\n                                 src=\"https:\/\/www.m2act.ch\/wp-content\/uploads\/2026\/03\/image00011-scaled-150x150c.jpeg\"\n                                 alt=\"\"\n                            >\n                        <\/div>\n\t\t\t\t\t            <\/div>\n\t\t\t<\/div>\n\n\t<\/div>\n\n<\/div>\n\n\n<div id=\"bild-slider-block_feac1fb2bb776c2312423a5b450785b9\" class=\"mod-bild-slider\">\n\t\t\t\t\t            <div class=\"slider\">\n\t\t\t\t                        <div class=\"slide\">\n                            <img decoding=\"async\" class=\"slide-image\"\n                                 srcset=\"https:\/\/www.m2act.ch\/wp-content\/uploads\/2026\/03\/image00039-scaled-1580x920c.jpeg 2x, https:\/\/www.m2act.ch\/wp-content\/uploads\/2026\/03\/image00039-scaled-790x460c.jpeg 1x\"\n                                 src=\"https:\/\/www.m2act.ch\/wp-content\/uploads\/2026\/03\/image00039-scaled-150x150c.jpeg\"\n                                 alt=\"\"\n                            >\n                        <\/div>\n\t\t\t\t\t            <\/div>\n\t\t\t<\/div>\n\n\n\n<p>Immagini: Dino Radoncic e Valeria Scheidegger<\/p>\n","protected":false},"excerpt":{"rendered":"<p>Il 26 febbraio 2026 si \u00e8 tenuto l&#8217;incontro di rete m2act x Cooperativa Vaud presso il Th\u00e9\u00e2tre Le Reflet a Vevey. Hanno partecipato 20 attori\/attrici del panorama artistico e culturale regionale provenienti da teatro, danza, musica e letteratura. Sono stati presentati i finanziamenti di m2act e della Percentuale culturale Migros Vaud. Inoltre, il programma era [&hellip;]<\/p>\n","protected":false},"author":3,"featured_media":0,"parent":0,"menu_order":1,"comment_status":"closed","ping_status":"closed","template":"","meta":{"_acf_changed":false,"footnotes":""},"class_list":["post-15272","page","type-page","status-publish","hentry"],"acf":[],"yoast_head":"<!-- This site is optimized with the Yoast SEO plugin v27.2 - https:\/\/yoast.com\/product\/yoast-seo-wordpress\/ -->\n<title>m2act x Cooperativa Vaud - M2ACT<\/title>\n<meta name=\"robots\" content=\"index, follow, max-snippet:-1, max-image-preview:large, max-video-preview:-1\" \/>\n<link rel=\"canonical\" href=\"https:\/\/www.m2act.ch\/it\/m2act-x-cooperativa-vaud\/\" \/>\n<meta property=\"og:locale\" content=\"it_IT\" \/>\n<meta property=\"og:type\" content=\"article\" \/>\n<meta property=\"og:title\" content=\"m2act x Cooperativa Vaud - M2ACT\" \/>\n<meta property=\"og:description\" content=\"Il 26 febbraio 2026 si \u00e8 tenuto l&#8217;incontro di rete m2act x Cooperativa Vaud presso il Th\u00e9\u00e2tre Le Reflet a Vevey. Hanno partecipato 20 attori\/attrici del panorama artistico e culturale regionale provenienti da teatro, danza, musica e letteratura. Sono stati presentati i finanziamenti di m2act e della Percentuale culturale Migros Vaud. Inoltre, il programma era [&hellip;]\" \/>\n<meta property=\"og:url\" content=\"https:\/\/www.m2act.ch\/it\/m2act-x-cooperativa-vaud\/\" \/>\n<meta property=\"og:site_name\" content=\"M2ACT\" \/>\n<meta property=\"article:modified_time\" content=\"2026-03-18T08:43:07+00:00\" \/>\n<meta property=\"og:image\" content=\"https:\/\/www.m2act.ch\/wp-content\/uploads\/2025\/03\/Webbseite_Header.jpg\" \/>\n\t<meta property=\"og:image:width\" content=\"2000\" \/>\n\t<meta property=\"og:image:height\" content=\"640\" \/>\n\t<meta property=\"og:image:type\" content=\"image\/jpeg\" \/>\n<meta name=\"twitter:card\" content=\"summary_large_image\" \/>\n<meta name=\"twitter:label1\" content=\"Tempo di lettura stimato\" \/>\n\t<meta name=\"twitter:data1\" content=\"1 minuto\" \/>\n<script type=\"application\/ld+json\" class=\"yoast-schema-graph\">{\"@context\":\"https:\/\/schema.org\",\"@graph\":[{\"@type\":\"WebPage\",\"@id\":\"https:\/\/www.m2act.ch\/it\/m2act-x-cooperativa-vaud\/\",\"url\":\"https:\/\/www.m2act.ch\/it\/m2act-x-cooperativa-vaud\/\",\"name\":\"m2act x Cooperativa Vaud - M2ACT\",\"isPartOf\":{\"@id\":\"https:\/\/www.m2act.ch\/en\/#website\"},\"datePublished\":\"2026-03-16T15:38:05+00:00\",\"dateModified\":\"2026-03-18T08:43:07+00:00\",\"breadcrumb\":{\"@id\":\"https:\/\/www.m2act.ch\/it\/m2act-x-cooperativa-vaud\/#breadcrumb\"},\"inLanguage\":\"it-IT\",\"potentialAction\":[{\"@type\":\"ReadAction\",\"target\":[\"https:\/\/www.m2act.ch\/it\/m2act-x-cooperativa-vaud\/\"]}]},{\"@type\":\"BreadcrumbList\",\"@id\":\"https:\/\/www.m2act.ch\/it\/m2act-x-cooperativa-vaud\/#breadcrumb\",\"itemListElement\":[{\"@type\":\"ListItem\",\"position\":1,\"name\":\"Startseite\",\"item\":\"https:\/\/www.m2act.ch\/it\/\"},{\"@type\":\"ListItem\",\"position\":2,\"name\":\"m2act x Cooperativa Vaud\"}]},{\"@type\":\"WebSite\",\"@id\":\"https:\/\/www.m2act.ch\/en\/#website\",\"url\":\"https:\/\/www.m2act.ch\/en\/\",\"name\":\"M2ACT\",\"description\":\"Ein Projekt von Migros Kulturprozent\",\"potentialAction\":[{\"@type\":\"SearchAction\",\"target\":{\"@type\":\"EntryPoint\",\"urlTemplate\":\"https:\/\/www.m2act.ch\/en\/?s={search_term_string}\"},\"query-input\":{\"@type\":\"PropertyValueSpecification\",\"valueRequired\":true,\"valueName\":\"search_term_string\"}}],\"inLanguage\":\"it-IT\"}]}<\/script>\n<!-- \/ Yoast SEO plugin. -->","yoast_head_json":{"title":"m2act x Cooperativa Vaud - M2ACT","robots":{"index":"index","follow":"follow","max-snippet":"max-snippet:-1","max-image-preview":"max-image-preview:large","max-video-preview":"max-video-preview:-1"},"canonical":"https:\/\/www.m2act.ch\/it\/m2act-x-cooperativa-vaud\/","og_locale":"it_IT","og_type":"article","og_title":"m2act x Cooperativa Vaud - M2ACT","og_description":"Il 26 febbraio 2026 si \u00e8 tenuto l&#8217;incontro di rete m2act x Cooperativa Vaud presso il Th\u00e9\u00e2tre Le Reflet a Vevey. Hanno partecipato 20 attori\/attrici del panorama artistico e culturale regionale provenienti da teatro, danza, musica e letteratura. Sono stati presentati i finanziamenti di m2act e della Percentuale culturale Migros Vaud. Inoltre, il programma era [&hellip;]","og_url":"https:\/\/www.m2act.ch\/it\/m2act-x-cooperativa-vaud\/","og_site_name":"M2ACT","article_modified_time":"2026-03-18T08:43:07+00:00","og_image":[{"width":2000,"height":640,"url":"https:\/\/www.m2act.ch\/wp-content\/uploads\/2025\/03\/Webbseite_Header.jpg","type":"image\/jpeg"}],"twitter_card":"summary_large_image","twitter_misc":{"Tempo di lettura stimato":"1 minuto"},"schema":{"@context":"https:\/\/schema.org","@graph":[{"@type":"WebPage","@id":"https:\/\/www.m2act.ch\/it\/m2act-x-cooperativa-vaud\/","url":"https:\/\/www.m2act.ch\/it\/m2act-x-cooperativa-vaud\/","name":"m2act x Cooperativa Vaud - M2ACT","isPartOf":{"@id":"https:\/\/www.m2act.ch\/en\/#website"},"datePublished":"2026-03-16T15:38:05+00:00","dateModified":"2026-03-18T08:43:07+00:00","breadcrumb":{"@id":"https:\/\/www.m2act.ch\/it\/m2act-x-cooperativa-vaud\/#breadcrumb"},"inLanguage":"it-IT","potentialAction":[{"@type":"ReadAction","target":["https:\/\/www.m2act.ch\/it\/m2act-x-cooperativa-vaud\/"]}]},{"@type":"BreadcrumbList","@id":"https:\/\/www.m2act.ch\/it\/m2act-x-cooperativa-vaud\/#breadcrumb","itemListElement":[{"@type":"ListItem","position":1,"name":"Startseite","item":"https:\/\/www.m2act.ch\/it\/"},{"@type":"ListItem","position":2,"name":"m2act x Cooperativa Vaud"}]},{"@type":"WebSite","@id":"https:\/\/www.m2act.ch\/en\/#website","url":"https:\/\/www.m2act.ch\/en\/","name":"M2ACT","description":"Ein Projekt von Migros Kulturprozent","potentialAction":[{"@type":"SearchAction","target":{"@type":"EntryPoint","urlTemplate":"https:\/\/www.m2act.ch\/en\/?s={search_term_string}"},"query-input":{"@type":"PropertyValueSpecification","valueRequired":true,"valueName":"search_term_string"}}],"inLanguage":"it-IT"}]}},"_links":{"self":[{"href":"https:\/\/www.m2act.ch\/it\/wp-json\/wp\/v2\/pages\/15272","targetHints":{"allow":["GET"]}}],"collection":[{"href":"https:\/\/www.m2act.ch\/it\/wp-json\/wp\/v2\/pages"}],"about":[{"href":"https:\/\/www.m2act.ch\/it\/wp-json\/wp\/v2\/types\/page"}],"author":[{"embeddable":true,"href":"https:\/\/www.m2act.ch\/it\/wp-json\/wp\/v2\/users\/3"}],"replies":[{"embeddable":true,"href":"https:\/\/www.m2act.ch\/it\/wp-json\/wp\/v2\/comments?post=15272"}],"version-history":[{"count":2,"href":"https:\/\/www.m2act.ch\/it\/wp-json\/wp\/v2\/pages\/15272\/revisions"}],"predecessor-version":[{"id":15317,"href":"https:\/\/www.m2act.ch\/it\/wp-json\/wp\/v2\/pages\/15272\/revisions\/15317"}],"wp:attachment":[{"href":"https:\/\/www.m2act.ch\/it\/wp-json\/wp\/v2\/media?parent=15272"}],"curies":[{"name":"wp","href":"https:\/\/api.w.org\/{rel}","templated":true}]}}