{"id":13019,"date":"2025-10-27T14:55:50","date_gmt":"2025-10-27T13:55:50","guid":{"rendered":"https:\/\/www.m2act.ch\/?page_id=13019"},"modified":"2025-11-09T11:36:27","modified_gmt":"2025-11-09T10:36:27","slug":"m2act-x-helvetiarockt","status":"publish","type":"page","link":"https:\/\/www.m2act.ch\/it\/m2act-x-helvetiarockt\/","title":{"rendered":"m2act \u00d7 Helvetiarockt"},"content":{"rendered":"\n<h3 class=\"wp-block-heading\">Awareness, Agency &amp; Accountability in Music and Performing Arts<\/h3>\n\n\n<p><iframe loading=\"lazy\" hcb-fetch-image-from=\"https:\/\/www.youtube.com\/watch?v=81h0TKSskZ4\" title=\"m2act \u00d7 Helvetiarockt 2025: Awareness, Agency &amp; Accountability in Music and Performing Arts\" width=\"500\" height=\"281\" src=\"https:\/\/www.youtube.com\/embed\/81h0TKSskZ4?feature=oembed\" frameborder=\"0\" allow=\"accelerometer; autoplay; clipboard-write; encrypted-media; gyroscope; picture-in-picture; web-share\" referrerpolicy=\"strict-origin-when-cross-origin\" allowfullscreen><\/iframe><\/p>\n\n\n\n<p>Helvetiarockt, Percento culturale Migros m2act e Kaserne Basel hanno invitato i\/le partecipanti il 16 e 17 ottobre 2025 all\u2019incontro nazionale m2act \u00d7 Helvetiarockt: Awareness, Agency &amp; Accountability in Music and Performing Arts, che si \u00e8 svolto presso Kaserne Basel, il kHaus e il Parterre One. L&#8217;incontro \u00e8 stato incentrato sul tema della violenza di genere nella scena culturale svizzera. Attori\/attrici culturali<strong>&nbsp;<\/strong>delle arti della scena e della musica contemporanea hanno collaborato per sviluppare strategie di prevenzione e intervento, rafforzare l\u2019autodeterminazione e assumersi responsabilit\u00e0. Workshop, tavole rotonde, performance, un Empowerment Space e un Piazza del Mercato, oltre a discussioni e buone pratiche, hanno creato uno spazio dedicato allo scambio, all\u2019empowerment e alla solidariet\u00e0. Verso <a href=\"https:\/\/m2actxhelvetiarockt.events.migros-kulturprozent.ch\/it\/#E73253\">il sito web dell&#8217;evento<\/a><\/p>\n\n\n\n<h2 class=\"wp-block-heading\">Radio X<\/h2>\n\n\n\n<p>Il Keynote di venerd\u00ec mattina e i dialoghi di venerd\u00ec pomeriggio possono essere riascoltati su <a href=\"https:\/\/radiox.ch\/news-archiv\/m2act-helvetiarockt-kaserne-radiox.html\" target=\"_blank\" rel=\"noreferrer noopener\">Radio X<\/a>.<\/p>\n\n\n\n<p><\/p>\n\n\n\n<h2 class=\"wp-block-heading\">Event gallery<\/h2>\n\n\n<div id=\"bild-slider-block_030a0161d7b16cd5fcb63cbd6962221b\" class=\"mod-bild-slider\">\n\t\t\t            <div class=\"titel\">\n                <h3>Impressioni m2act \u00d7 Helvetiarockt 2025<\/h3>\n            <\/div>\n\t\t\t\t            <div class=\"slider\">\n\t\t\t\t                        <div class=\"slide\">\n                            <img decoding=\"async\" class=\"slide-image\"\n                                 srcset=\"https:\/\/www.m2act.ch\/wp-content\/uploads\/2025\/10\/2510_m2actxHelvetiarockt_copyrightNadineNuetzi-7-Kopie-scaled-1580x920c.jpg 2x, https:\/\/www.m2act.ch\/wp-content\/uploads\/2025\/10\/2510_m2actxHelvetiarockt_copyrightNadineNuetzi-7-Kopie-scaled-790x460c.jpg 1x\"\n                                 src=\"https:\/\/www.m2act.ch\/wp-content\/uploads\/2025\/10\/2510_m2actxHelvetiarockt_copyrightNadineNuetzi-7-Kopie-scaled-150x150c.jpg\"\n                                 alt=\"\"\n                            >\n                        <\/div>\n\t\t\t\t\t                        <div class=\"slide\">\n                            <img decoding=\"async\" class=\"slide-image\"\n                                 srcset=\"https:\/\/www.m2act.ch\/wp-content\/uploads\/2025\/10\/2510_m2actxHelvetiarockt_copyrightNadineNuetzi-3-scaled-1580x920c.jpg 2x, https:\/\/www.m2act.ch\/wp-content\/uploads\/2025\/10\/2510_m2actxHelvetiarockt_copyrightNadineNuetzi-3-scaled-790x460c.jpg 1x\"\n                                 src=\"https:\/\/www.m2act.ch\/wp-content\/uploads\/2025\/10\/2510_m2actxHelvetiarockt_copyrightNadineNuetzi-3-scaled-150x150c.jpg\"\n                                 alt=\"\"\n                            >\n                        <\/div>\n\t\t\t\t\t                        <div class=\"slide\">\n                            <img decoding=\"async\" class=\"slide-image\"\n                                 srcset=\"https:\/\/www.m2act.ch\/wp-content\/uploads\/2025\/10\/2510_m2actxHelvetiarockt_copyrightNadineNuetzi-17-3-scaled-1580x920c.jpg 2x, https:\/\/www.m2act.ch\/wp-content\/uploads\/2025\/10\/2510_m2actxHelvetiarockt_copyrightNadineNuetzi-17-3-scaled-790x460c.jpg 1x\"\n                                 src=\"https:\/\/www.m2act.ch\/wp-content\/uploads\/2025\/10\/2510_m2actxHelvetiarockt_copyrightNadineNuetzi-17-3-scaled-150x150c.jpg\"\n                                 alt=\"\"\n                            >\n                        <\/div>\n\t\t\t\t\t                        <div class=\"slide\">\n                            <img decoding=\"async\" class=\"slide-image\"\n                                 srcset=\"https:\/\/www.m2act.ch\/wp-content\/uploads\/2025\/10\/2510_m2actxHelvetiarockt_NadineNuetzi-12-scaled-1580x920c.jpg 2x, https:\/\/www.m2act.ch\/wp-content\/uploads\/2025\/10\/2510_m2actxHelvetiarockt_NadineNuetzi-12-scaled-790x460c.jpg 1x\"\n                                 src=\"https:\/\/www.m2act.ch\/wp-content\/uploads\/2025\/10\/2510_m2actxHelvetiarockt_NadineNuetzi-12-scaled-150x150c.jpg\"\n                                 alt=\"\"\n                            >\n                        <\/div>\n\t\t\t\t\t                        <div class=\"slide\">\n                            <img decoding=\"async\" class=\"slide-image\"\n                                 srcset=\"https:\/\/www.m2act.ch\/wp-content\/uploads\/2025\/10\/2510_m2actxHelvetiarockt_copyrightNadineNuetzi-33-scaled-1580x920c.jpg 2x, https:\/\/www.m2act.ch\/wp-content\/uploads\/2025\/10\/2510_m2actxHelvetiarockt_copyrightNadineNuetzi-33-scaled-790x460c.jpg 1x\"\n                                 src=\"https:\/\/www.m2act.ch\/wp-content\/uploads\/2025\/10\/2510_m2actxHelvetiarockt_copyrightNadineNuetzi-33-scaled-150x150c.jpg\"\n                                 alt=\"\"\n                            >\n                        <\/div>\n\t\t\t\t\t                        <div class=\"slide\">\n                            <img decoding=\"async\" class=\"slide-image\"\n                                 srcset=\"https:\/\/www.m2act.ch\/wp-content\/uploads\/2025\/10\/2510_m2actxHelvetiarockt_copyrightNadineNuetzi-8-Kopie-scaled-1580x920c.jpg 2x, https:\/\/www.m2act.ch\/wp-content\/uploads\/2025\/10\/2510_m2actxHelvetiarockt_copyrightNadineNuetzi-8-Kopie-scaled-790x460c.jpg 1x\"\n                                 src=\"https:\/\/www.m2act.ch\/wp-content\/uploads\/2025\/10\/2510_m2actxHelvetiarockt_copyrightNadineNuetzi-8-Kopie-scaled-150x150c.jpg\"\n                                 alt=\"\"\n                            >\n                        <\/div>\n\t\t\t\t\t                        <div class=\"slide\">\n                            <img decoding=\"async\" class=\"slide-image\"\n                                 srcset=\"https:\/\/www.m2act.ch\/wp-content\/uploads\/2025\/10\/2510_m2actxHelvetiarockt_copyrightNadineNuetzi-32-scaled-1580x920c.jpg 2x, https:\/\/www.m2act.ch\/wp-content\/uploads\/2025\/10\/2510_m2actxHelvetiarockt_copyrightNadineNuetzi-32-scaled-790x460c.jpg 1x\"\n                                 src=\"https:\/\/www.m2act.ch\/wp-content\/uploads\/2025\/10\/2510_m2actxHelvetiarockt_copyrightNadineNuetzi-32-scaled-150x150c.jpg\"\n                                 alt=\"\"\n                            >\n                        <\/div>\n\t\t\t\t\t                        <div class=\"slide\">\n                            <img decoding=\"async\" class=\"slide-image\"\n                                 srcset=\"https:\/\/www.m2act.ch\/wp-content\/uploads\/2025\/10\/2510_m2actxHelvetiarockt_copyrightNadineNuetzi-15-Kopie-scaled-1580x920c.jpg 2x, https:\/\/www.m2act.ch\/wp-content\/uploads\/2025\/10\/2510_m2actxHelvetiarockt_copyrightNadineNuetzi-15-Kopie-scaled-790x460c.jpg 1x\"\n                                 src=\"https:\/\/www.m2act.ch\/wp-content\/uploads\/2025\/10\/2510_m2actxHelvetiarockt_copyrightNadineNuetzi-15-Kopie-scaled-150x150c.jpg\"\n                                 alt=\"\"\n                            >\n                        <\/div>\n\t\t\t\t\t                        <div class=\"slide\">\n                            <img decoding=\"async\" class=\"slide-image\"\n                                 srcset=\"https:\/\/www.m2act.ch\/wp-content\/uploads\/2025\/10\/2510_m2actxHelvetiarockt_copyrightNadineNuetzi-26-scaled-1580x920c.jpg 2x, https:\/\/www.m2act.ch\/wp-content\/uploads\/2025\/10\/2510_m2actxHelvetiarockt_copyrightNadineNuetzi-26-scaled-790x460c.jpg 1x\"\n                                 src=\"https:\/\/www.m2act.ch\/wp-content\/uploads\/2025\/10\/2510_m2actxHelvetiarockt_copyrightNadineNuetzi-26-scaled-150x150c.jpg\"\n                                 alt=\"\"\n                            >\n                        <\/div>\n\t\t\t\t\t                        <div class=\"slide\">\n                            <img decoding=\"async\" class=\"slide-image\"\n                                 srcset=\"https:\/\/www.m2act.ch\/wp-content\/uploads\/2025\/10\/2510_m2actxHelvetiarockt_copyrightNadineNuetzi-1-scaled-1580x920c.jpg 2x, https:\/\/www.m2act.ch\/wp-content\/uploads\/2025\/10\/2510_m2actxHelvetiarockt_copyrightNadineNuetzi-1-scaled-790x460c.jpg 1x\"\n                                 src=\"https:\/\/www.m2act.ch\/wp-content\/uploads\/2025\/10\/2510_m2actxHelvetiarockt_copyrightNadineNuetzi-1-scaled-150x150c.jpg\"\n                                 alt=\"\"\n                            >\n                        <\/div>\n\t\t\t\t\t                        <div class=\"slide\">\n                            <img decoding=\"async\" class=\"slide-image\"\n                                 srcset=\"https:\/\/www.m2act.ch\/wp-content\/uploads\/2025\/10\/2510_m2actxHelvetiarockt_copyrightNadineNuetzi-5-scaled-1580x920c.jpg 2x, https:\/\/www.m2act.ch\/wp-content\/uploads\/2025\/10\/2510_m2actxHelvetiarockt_copyrightNadineNuetzi-5-scaled-790x460c.jpg 1x\"\n                                 src=\"https:\/\/www.m2act.ch\/wp-content\/uploads\/2025\/10\/2510_m2actxHelvetiarockt_copyrightNadineNuetzi-5-scaled-150x150c.jpg\"\n                                 alt=\"\"\n                            >\n                        <\/div>\n\t\t\t\t\t                        <div class=\"slide\">\n                            <img decoding=\"async\" class=\"slide-image\"\n                                 srcset=\"https:\/\/www.m2act.ch\/wp-content\/uploads\/2025\/10\/2510_m2actxHelvetiarockt_copyrightNadineNuetzi-21-Kopie-scaled-1580x920c.jpg 2x, https:\/\/www.m2act.ch\/wp-content\/uploads\/2025\/10\/2510_m2actxHelvetiarockt_copyrightNadineNuetzi-21-Kopie-scaled-790x460c.jpg 1x\"\n                                 src=\"https:\/\/www.m2act.ch\/wp-content\/uploads\/2025\/10\/2510_m2actxHelvetiarockt_copyrightNadineNuetzi-21-Kopie-scaled-150x150c.jpg\"\n                                 alt=\"\"\n                            >\n                        <\/div>\n\t\t\t\t\t                        <div class=\"slide\">\n                            <img decoding=\"async\" class=\"slide-image\"\n                                 srcset=\"https:\/\/www.m2act.ch\/wp-content\/uploads\/2025\/10\/2510_m2actxHelvetiarockt_copyrightNadineNuetzi-31-scaled-1580x920c.jpg 2x, https:\/\/www.m2act.ch\/wp-content\/uploads\/2025\/10\/2510_m2actxHelvetiarockt_copyrightNadineNuetzi-31-scaled-790x460c.jpg 1x\"\n                                 src=\"https:\/\/www.m2act.ch\/wp-content\/uploads\/2025\/10\/2510_m2actxHelvetiarockt_copyrightNadineNuetzi-31-scaled-150x150c.jpg\"\n                                 alt=\"\"\n                            >\n                        <\/div>\n\t\t\t\t\t                        <div class=\"slide\">\n                            <img decoding=\"async\" class=\"slide-image\"\n                                 srcset=\"https:\/\/www.m2act.ch\/wp-content\/uploads\/2025\/10\/2510_m2actxHelvetiarockt_copyrightNadineNuetzi-30-scaled-1580x920c.jpg 2x, https:\/\/www.m2act.ch\/wp-content\/uploads\/2025\/10\/2510_m2actxHelvetiarockt_copyrightNadineNuetzi-30-scaled-790x460c.jpg 1x\"\n                                 src=\"https:\/\/www.m2act.ch\/wp-content\/uploads\/2025\/10\/2510_m2actxHelvetiarockt_copyrightNadineNuetzi-30-scaled-150x150c.jpg\"\n                                 alt=\"\"\n                            >\n                        <\/div>\n\t\t\t\t\t                        <div class=\"slide\">\n                            <img decoding=\"async\" class=\"slide-image\"\n                                 srcset=\"https:\/\/www.m2act.ch\/wp-content\/uploads\/2025\/10\/2510_m2actxHelvetiarockt_copyrightNadineNuetzi-20-1-scaled-1580x920c.jpg 2x, https:\/\/www.m2act.ch\/wp-content\/uploads\/2025\/10\/2510_m2actxHelvetiarockt_copyrightNadineNuetzi-20-1-scaled-790x460c.jpg 1x\"\n                                 src=\"https:\/\/www.m2act.ch\/wp-content\/uploads\/2025\/10\/2510_m2actxHelvetiarockt_copyrightNadineNuetzi-20-1-scaled-150x150c.jpg\"\n                                 alt=\"\"\n                            >\n                        <\/div>\n\t\t\t\t\t                        <div class=\"slide\">\n                            <img decoding=\"async\" class=\"slide-image\"\n                                 srcset=\"https:\/\/www.m2act.ch\/wp-content\/uploads\/2025\/10\/2510_m2actxHelvetiarockt_copyrightNadineNuetzi-16-scaled-1580x920c.jpg 2x, https:\/\/www.m2act.ch\/wp-content\/uploads\/2025\/10\/2510_m2actxHelvetiarockt_copyrightNadineNuetzi-16-scaled-790x460c.jpg 1x\"\n                                 src=\"https:\/\/www.m2act.ch\/wp-content\/uploads\/2025\/10\/2510_m2actxHelvetiarockt_copyrightNadineNuetzi-16-scaled-150x150c.jpg\"\n                                 alt=\"\"\n                            >\n                        <\/div>\n\t\t\t\t\t                        <div class=\"slide\">\n                            <img decoding=\"async\" class=\"slide-image\"\n                                 srcset=\"https:\/\/www.m2act.ch\/wp-content\/uploads\/2025\/10\/2510_m2actxHelvetiarockt_copyrightNadineNuetzi-4-scaled-1580x920c.jpg 2x, https:\/\/www.m2act.ch\/wp-content\/uploads\/2025\/10\/2510_m2actxHelvetiarockt_copyrightNadineNuetzi-4-scaled-790x460c.jpg 1x\"\n                                 src=\"https:\/\/www.m2act.ch\/wp-content\/uploads\/2025\/10\/2510_m2actxHelvetiarockt_copyrightNadineNuetzi-4-scaled-150x150c.jpg\"\n                                 alt=\"\"\n                            >\n                        <\/div>\n\t\t\t\t\t                        <div class=\"slide\">\n                            <img decoding=\"async\" class=\"slide-image\"\n                                 srcset=\"https:\/\/www.m2act.ch\/wp-content\/uploads\/2025\/10\/2510_m2actxHelvetiarockt_copyrightNadineNuetzi-1-Kopie-scaled-1580x920c.jpg 2x, https:\/\/www.m2act.ch\/wp-content\/uploads\/2025\/10\/2510_m2actxHelvetiarockt_copyrightNadineNuetzi-1-Kopie-scaled-790x460c.jpg 1x\"\n                                 src=\"https:\/\/www.m2act.ch\/wp-content\/uploads\/2025\/10\/2510_m2actxHelvetiarockt_copyrightNadineNuetzi-1-Kopie-scaled-150x150c.jpg\"\n                                 alt=\"\"\n                            >\n                        <\/div>\n\t\t\t\t\t                        <div class=\"slide\">\n                            <img decoding=\"async\" class=\"slide-image\"\n                                 srcset=\"https:\/\/www.m2act.ch\/wp-content\/uploads\/2025\/10\/2510_m2actxHelvetiarockt_copyrightNadineNuetzi-19-scaled-1580x920c.jpg 2x, https:\/\/www.m2act.ch\/wp-content\/uploads\/2025\/10\/2510_m2actxHelvetiarockt_copyrightNadineNuetzi-19-scaled-790x460c.jpg 1x\"\n                                 src=\"https:\/\/www.m2act.ch\/wp-content\/uploads\/2025\/10\/2510_m2actxHelvetiarockt_copyrightNadineNuetzi-19-scaled-150x150c.jpg\"\n                                 alt=\"\"\n                            >\n                        <\/div>\n\t\t\t\t\t                        <div class=\"slide\">\n                            <img decoding=\"async\" class=\"slide-image\"\n                                 srcset=\"https:\/\/www.m2act.ch\/wp-content\/uploads\/2025\/10\/2510_m2actxHelvetiarockt_copyrightNadineNuetzi-40-scaled-1580x920c.jpg 2x, https:\/\/www.m2act.ch\/wp-content\/uploads\/2025\/10\/2510_m2actxHelvetiarockt_copyrightNadineNuetzi-40-scaled-790x460c.jpg 1x\"\n                                 src=\"https:\/\/www.m2act.ch\/wp-content\/uploads\/2025\/10\/2510_m2actxHelvetiarockt_copyrightNadineNuetzi-40-scaled-150x150c.jpg\"\n                                 alt=\"\"\n                            >\n                        <\/div>\n\t\t\t\t\t                        <div class=\"slide\">\n                            <img decoding=\"async\" class=\"slide-image\"\n                                 srcset=\"https:\/\/www.m2act.ch\/wp-content\/uploads\/2025\/10\/2510_m2actxHelvetiarockt_copyrightNadineNuetzi-39-scaled-1580x920c.jpg 2x, https:\/\/www.m2act.ch\/wp-content\/uploads\/2025\/10\/2510_m2actxHelvetiarockt_copyrightNadineNuetzi-39-scaled-790x460c.jpg 1x\"\n                                 src=\"https:\/\/www.m2act.ch\/wp-content\/uploads\/2025\/10\/2510_m2actxHelvetiarockt_copyrightNadineNuetzi-39-scaled-150x150c.jpg\"\n                                 alt=\"\"\n                            >\n                        <\/div>\n\t\t\t\t\t            <\/div>\n\t\t\t<\/div>\n\n\n\n<p><\/p>\n\n\n\n<p>Fotos: \u00a9 Nadine N\u00fctzi<br>Video: \u00a9 Elisabeth Bl\u00e4ttler<\/p>\n\n\n\n<p><\/p>\n\n\n\n<p><\/p>\n","protected":false},"excerpt":{"rendered":"<p>Awareness, Agency &amp; Accountability in Music and Performing Arts Helvetiarockt, Percento culturale Migros m2act e Kaserne Basel hanno invitato i\/le partecipanti il 16 e 17 ottobre 2025 all\u2019incontro nazionale m2act \u00d7 Helvetiarockt: Awareness, Agency &amp; Accountability in Music and Performing Arts, che si \u00e8 svolto presso Kaserne Basel, il kHaus e il Parterre One. L&#8217;incontro [&hellip;]<\/p>\n","protected":false},"author":2,"featured_media":0,"parent":0,"menu_order":54,"comment_status":"closed","ping_status":"closed","template":"","meta":{"_acf_changed":false,"footnotes":""},"class_list":["post-13019","page","type-page","status-publish","hentry"],"acf":[],"yoast_head":"<!-- This site is optimized with the Yoast SEO plugin v27.2 - https:\/\/yoast.com\/product\/yoast-seo-wordpress\/ -->\n<title>m2act \u00d7 Helvetiarockt - M2ACT<\/title>\n<meta name=\"robots\" content=\"index, follow, max-snippet:-1, max-image-preview:large, max-video-preview:-1\" \/>\n<link rel=\"canonical\" href=\"https:\/\/www.m2act.ch\/it\/m2act-x-helvetiarockt\/\" \/>\n<meta property=\"og:locale\" content=\"it_IT\" \/>\n<meta property=\"og:type\" content=\"article\" \/>\n<meta property=\"og:title\" content=\"m2act \u00d7 Helvetiarockt - M2ACT\" \/>\n<meta property=\"og:description\" content=\"Awareness, Agency &amp; Accountability in Music and Performing Arts Helvetiarockt, Percento culturale Migros m2act e Kaserne Basel hanno invitato i\/le partecipanti il 16 e 17 ottobre 2025 all\u2019incontro nazionale m2act \u00d7 Helvetiarockt: Awareness, Agency &amp; Accountability in Music and Performing Arts, che si \u00e8 svolto presso Kaserne Basel, il kHaus e il Parterre One. L&#8217;incontro [&hellip;]\" \/>\n<meta property=\"og:url\" content=\"https:\/\/www.m2act.ch\/it\/m2act-x-helvetiarockt\/\" \/>\n<meta property=\"og:site_name\" content=\"M2ACT\" \/>\n<meta property=\"article:modified_time\" content=\"2025-11-09T10:36:27+00:00\" \/>\n<meta property=\"og:image\" content=\"https:\/\/www.m2act.ch\/wp-content\/uploads\/2025\/03\/Webbseite_Header.jpg\" \/>\n\t<meta property=\"og:image:width\" content=\"2000\" \/>\n\t<meta property=\"og:image:height\" content=\"640\" \/>\n\t<meta property=\"og:image:type\" content=\"image\/jpeg\" \/>\n<meta name=\"twitter:card\" content=\"summary_large_image\" \/>\n<meta name=\"twitter:label1\" content=\"Tempo di lettura stimato\" \/>\n\t<meta name=\"twitter:data1\" content=\"1 minuto\" \/>\n<script type=\"application\/ld+json\" class=\"yoast-schema-graph\">{\"@context\":\"https:\/\/schema.org\",\"@graph\":[{\"@type\":\"WebPage\",\"@id\":\"https:\/\/www.m2act.ch\/it\/m2act-x-helvetiarockt\/\",\"url\":\"https:\/\/www.m2act.ch\/it\/m2act-x-helvetiarockt\/\",\"name\":\"m2act \u00d7 Helvetiarockt - M2ACT\",\"isPartOf\":{\"@id\":\"https:\/\/www.m2act.ch\/en\/#website\"},\"datePublished\":\"2025-10-27T13:55:50+00:00\",\"dateModified\":\"2025-11-09T10:36:27+00:00\",\"breadcrumb\":{\"@id\":\"https:\/\/www.m2act.ch\/it\/m2act-x-helvetiarockt\/#breadcrumb\"},\"inLanguage\":\"it-IT\",\"potentialAction\":[{\"@type\":\"ReadAction\",\"target\":[\"https:\/\/www.m2act.ch\/it\/m2act-x-helvetiarockt\/\"]}]},{\"@type\":\"BreadcrumbList\",\"@id\":\"https:\/\/www.m2act.ch\/it\/m2act-x-helvetiarockt\/#breadcrumb\",\"itemListElement\":[{\"@type\":\"ListItem\",\"position\":1,\"name\":\"Startseite\",\"item\":\"https:\/\/www.m2act.ch\/it\/\"},{\"@type\":\"ListItem\",\"position\":2,\"name\":\"m2act \u00d7 Helvetiarockt\"}]},{\"@type\":\"WebSite\",\"@id\":\"https:\/\/www.m2act.ch\/en\/#website\",\"url\":\"https:\/\/www.m2act.ch\/en\/\",\"name\":\"M2ACT\",\"description\":\"Ein Projekt von Migros Kulturprozent\",\"potentialAction\":[{\"@type\":\"SearchAction\",\"target\":{\"@type\":\"EntryPoint\",\"urlTemplate\":\"https:\/\/www.m2act.ch\/en\/?s={search_term_string}\"},\"query-input\":{\"@type\":\"PropertyValueSpecification\",\"valueRequired\":true,\"valueName\":\"search_term_string\"}}],\"inLanguage\":\"it-IT\"}]}<\/script>\n<!-- \/ Yoast SEO plugin. -->","yoast_head_json":{"title":"m2act \u00d7 Helvetiarockt - M2ACT","robots":{"index":"index","follow":"follow","max-snippet":"max-snippet:-1","max-image-preview":"max-image-preview:large","max-video-preview":"max-video-preview:-1"},"canonical":"https:\/\/www.m2act.ch\/it\/m2act-x-helvetiarockt\/","og_locale":"it_IT","og_type":"article","og_title":"m2act \u00d7 Helvetiarockt - M2ACT","og_description":"Awareness, Agency &amp; Accountability in Music and Performing Arts Helvetiarockt, Percento culturale Migros m2act e Kaserne Basel hanno invitato i\/le partecipanti il 16 e 17 ottobre 2025 all\u2019incontro nazionale m2act \u00d7 Helvetiarockt: Awareness, Agency &amp; Accountability in Music and Performing Arts, che si \u00e8 svolto presso Kaserne Basel, il kHaus e il Parterre One. L&#8217;incontro [&hellip;]","og_url":"https:\/\/www.m2act.ch\/it\/m2act-x-helvetiarockt\/","og_site_name":"M2ACT","article_modified_time":"2025-11-09T10:36:27+00:00","og_image":[{"width":2000,"height":640,"url":"https:\/\/www.m2act.ch\/wp-content\/uploads\/2025\/03\/Webbseite_Header.jpg","type":"image\/jpeg"}],"twitter_card":"summary_large_image","twitter_misc":{"Tempo di lettura stimato":"1 minuto"},"schema":{"@context":"https:\/\/schema.org","@graph":[{"@type":"WebPage","@id":"https:\/\/www.m2act.ch\/it\/m2act-x-helvetiarockt\/","url":"https:\/\/www.m2act.ch\/it\/m2act-x-helvetiarockt\/","name":"m2act \u00d7 Helvetiarockt - M2ACT","isPartOf":{"@id":"https:\/\/www.m2act.ch\/en\/#website"},"datePublished":"2025-10-27T13:55:50+00:00","dateModified":"2025-11-09T10:36:27+00:00","breadcrumb":{"@id":"https:\/\/www.m2act.ch\/it\/m2act-x-helvetiarockt\/#breadcrumb"},"inLanguage":"it-IT","potentialAction":[{"@type":"ReadAction","target":["https:\/\/www.m2act.ch\/it\/m2act-x-helvetiarockt\/"]}]},{"@type":"BreadcrumbList","@id":"https:\/\/www.m2act.ch\/it\/m2act-x-helvetiarockt\/#breadcrumb","itemListElement":[{"@type":"ListItem","position":1,"name":"Startseite","item":"https:\/\/www.m2act.ch\/it\/"},{"@type":"ListItem","position":2,"name":"m2act \u00d7 Helvetiarockt"}]},{"@type":"WebSite","@id":"https:\/\/www.m2act.ch\/en\/#website","url":"https:\/\/www.m2act.ch\/en\/","name":"M2ACT","description":"Ein Projekt von Migros Kulturprozent","potentialAction":[{"@type":"SearchAction","target":{"@type":"EntryPoint","urlTemplate":"https:\/\/www.m2act.ch\/en\/?s={search_term_string}"},"query-input":{"@type":"PropertyValueSpecification","valueRequired":true,"valueName":"search_term_string"}}],"inLanguage":"it-IT"}]}},"_links":{"self":[{"href":"https:\/\/www.m2act.ch\/it\/wp-json\/wp\/v2\/pages\/13019","targetHints":{"allow":["GET"]}}],"collection":[{"href":"https:\/\/www.m2act.ch\/it\/wp-json\/wp\/v2\/pages"}],"about":[{"href":"https:\/\/www.m2act.ch\/it\/wp-json\/wp\/v2\/types\/page"}],"author":[{"embeddable":true,"href":"https:\/\/www.m2act.ch\/it\/wp-json\/wp\/v2\/users\/2"}],"replies":[{"embeddable":true,"href":"https:\/\/www.m2act.ch\/it\/wp-json\/wp\/v2\/comments?post=13019"}],"version-history":[{"count":7,"href":"https:\/\/www.m2act.ch\/it\/wp-json\/wp\/v2\/pages\/13019\/revisions"}],"predecessor-version":[{"id":13461,"href":"https:\/\/www.m2act.ch\/it\/wp-json\/wp\/v2\/pages\/13019\/revisions\/13461"}],"wp:attachment":[{"href":"https:\/\/www.m2act.ch\/it\/wp-json\/wp\/v2\/media?parent=13019"}],"curies":[{"name":"wp","href":"https:\/\/api.w.org\/{rel}","templated":true}]}}