{"id":10333,"date":"2025-01-10T15:30:47","date_gmt":"2025-01-10T14:30:47","guid":{"rendered":"https:\/\/www.m2act.ch\/?page_id=10333"},"modified":"2025-01-20T15:25:20","modified_gmt":"2025-01-20T14:25:20","slug":"m2act-x-forum-danza","status":"publish","type":"page","link":"https:\/\/www.m2act.ch\/it\/m2act-x-forum-danza\/","title":{"rendered":"M2ACT \u00d7 FORUM DANZA"},"content":{"rendered":"\n<p><\/p>\n\n\n\n<h3 class=\"wp-block-heading\"><strong>THE ART OF SOLIDARITY<\/strong><\/h3>\n\n\n\n<p>Les alliances dans les arts de la sc\u00e8ne<\/p>\n\n\n\n<p><\/p>\n\n\n<p><iframe loading=\"lazy\" hcb-fetch-image-from=\"https:\/\/www.youtube.com\/watch?v=h3XOvEzRHog\" title=\"Review-Trailer M2ACT x FORUM TANZ\" width=\"500\" height=\"281\" src=\"https:\/\/www.youtube.com\/embed\/h3XOvEzRHog?feature=oembed\" frameborder=\"0\" allow=\"accelerometer; autoplay; clipboard-write; encrypted-media; gyroscope; picture-in-picture; web-share\" referrerpolicy=\"strict-origin-when-cross-origin\" allowfullscreen><\/iframe><\/p>\n\n\n\n<p>Il 22 novembre 2024, professionisti\/e della danza, studenti\/esse e vari\/e rappresentanti delle arti dello spettacolo, nonch\u00e9 decisori\/decisore della politica e della cultura, si incontreranno a Biel presso la Maison.Farel.Haus &amp; Nebia-Bienne spectaculaire.<\/p>\n\n\n\n<p>Verranno discussi temi di grande attualit\u00e0 come la sostenibilit\u00e0, le pratiche corrette, la solidariet\u00e0 internazionale e la rappresentazione delle minoranze nelle arti dello spettacolo. I\/le partecipanti prendono parte a panel, dibattiti e workshop, scambiano idee, si ispirano e stringono nuove collaborazioni<\/p>\n\n\n\n<p><a href=\"https:\/\/m2act-x-forumtanz-2024.events.migros-kulturprozent.ch\/it\/\">Sito web dell&#8217;evento<\/a><\/p>\n\n\n\n<h2 class=\"wp-block-heading\">Event Gallery<\/h2>\n\n\n\n<p><\/p>\n\n\n<div id=\"bild-slider-block_fe2d614fa11cc462cd85aecd861e4931\" class=\"mod-bild-slider\">\n\t\t\t\t\t            <div class=\"slider\">\n\t\t\t\t                        <div class=\"slide\">\n                            <img decoding=\"async\" class=\"slide-image\"\n                                 srcset=\"https:\/\/www.m2act.ch\/wp-content\/uploads\/2025\/01\/ForumTanz2024-236231-1580x920c.jpg 2x, https:\/\/www.m2act.ch\/wp-content\/uploads\/2025\/01\/ForumTanz2024-236231-790x460c.jpg 1x\"\n                                 src=\"https:\/\/www.m2act.ch\/wp-content\/uploads\/2025\/01\/ForumTanz2024-236231-150x150c.jpg\"\n                                 alt=\"\"\n                            >\n                        <\/div>\n\t\t\t\t\t                        <div class=\"slide\">\n                            <img decoding=\"async\" class=\"slide-image\"\n                                 srcset=\"https:\/\/www.m2act.ch\/wp-content\/uploads\/2025\/01\/ForumTanz2024-236105-1580x920c.jpg 2x, https:\/\/www.m2act.ch\/wp-content\/uploads\/2025\/01\/ForumTanz2024-236105-790x460c.jpg 1x\"\n                                 src=\"https:\/\/www.m2act.ch\/wp-content\/uploads\/2025\/01\/ForumTanz2024-236105-150x150c.jpg\"\n                                 alt=\"\"\n                            >\n                        <\/div>\n\t\t\t\t\t                        <div class=\"slide\">\n                            <img decoding=\"async\" class=\"slide-image\"\n                                 srcset=\"https:\/\/www.m2act.ch\/wp-content\/uploads\/2025\/01\/ForumTanz2024-236287-1-1580x920c.jpg 2x, https:\/\/www.m2act.ch\/wp-content\/uploads\/2025\/01\/ForumTanz2024-236287-1-790x460c.jpg 1x\"\n                                 src=\"https:\/\/www.m2act.ch\/wp-content\/uploads\/2025\/01\/ForumTanz2024-236287-1-150x150c.jpg\"\n                                 alt=\"\"\n                            >\n                        <\/div>\n\t\t\t\t\t                        <div class=\"slide\">\n                            <img decoding=\"async\" class=\"slide-image\"\n                                 srcset=\"https:\/\/www.m2act.ch\/wp-content\/uploads\/2025\/01\/ForumTanz2024-236553-1580x920c.jpg 2x, https:\/\/www.m2act.ch\/wp-content\/uploads\/2025\/01\/ForumTanz2024-236553-790x460c.jpg 1x\"\n                                 src=\"https:\/\/www.m2act.ch\/wp-content\/uploads\/2025\/01\/ForumTanz2024-236553-150x150c.jpg\"\n                                 alt=\"\"\n                            >\n                        <\/div>\n\t\t\t\t\t                        <div class=\"slide\">\n                            <img decoding=\"async\" class=\"slide-image\"\n                                 srcset=\"https:\/\/www.m2act.ch\/wp-content\/uploads\/2025\/01\/ForumTanz2024-236600-1580x920c.jpg 2x, https:\/\/www.m2act.ch\/wp-content\/uploads\/2025\/01\/ForumTanz2024-236600-790x460c.jpg 1x\"\n                                 src=\"https:\/\/www.m2act.ch\/wp-content\/uploads\/2025\/01\/ForumTanz2024-236600-150x150c.jpg\"\n                                 alt=\"\"\n                            >\n                        <\/div>\n\t\t\t\t\t                        <div class=\"slide\">\n                            <img decoding=\"async\" class=\"slide-image\"\n                                 srcset=\"https:\/\/www.m2act.ch\/wp-content\/uploads\/2025\/01\/ForumTanz2024-236710-1580x920c.jpg 2x, https:\/\/www.m2act.ch\/wp-content\/uploads\/2025\/01\/ForumTanz2024-236710-790x460c.jpg 1x\"\n                                 src=\"https:\/\/www.m2act.ch\/wp-content\/uploads\/2025\/01\/ForumTanz2024-236710-150x150c.jpg\"\n                                 alt=\"\"\n                            >\n                        <\/div>\n\t\t\t\t\t                        <div class=\"slide\">\n                            <img decoding=\"async\" class=\"slide-image\"\n                                 srcset=\"https:\/\/www.m2act.ch\/wp-content\/uploads\/2025\/01\/ForumTanz2024-236738-1580x920c.jpg 2x, https:\/\/www.m2act.ch\/wp-content\/uploads\/2025\/01\/ForumTanz2024-236738-790x460c.jpg 1x\"\n                                 src=\"https:\/\/www.m2act.ch\/wp-content\/uploads\/2025\/01\/ForumTanz2024-236738-150x150c.jpg\"\n                                 alt=\"\"\n                            >\n                        <\/div>\n\t\t\t\t\t                        <div class=\"slide\">\n                            <img decoding=\"async\" class=\"slide-image\"\n                                 srcset=\"https:\/\/www.m2act.ch\/wp-content\/uploads\/2025\/01\/ForumTanz2024-236853-1580x920c.jpg 2x, https:\/\/www.m2act.ch\/wp-content\/uploads\/2025\/01\/ForumTanz2024-236853-790x460c.jpg 1x\"\n                                 src=\"https:\/\/www.m2act.ch\/wp-content\/uploads\/2025\/01\/ForumTanz2024-236853-150x150c.jpg\"\n                                 alt=\"\"\n                            >\n                        <\/div>\n\t\t\t\t\t                        <div class=\"slide\">\n                            <img decoding=\"async\" class=\"slide-image\"\n                                 srcset=\"https:\/\/www.m2act.ch\/wp-content\/uploads\/2025\/01\/ForumTanz2024-237043-1580x920c.jpg 2x, https:\/\/www.m2act.ch\/wp-content\/uploads\/2025\/01\/ForumTanz2024-237043-790x460c.jpg 1x\"\n                                 src=\"https:\/\/www.m2act.ch\/wp-content\/uploads\/2025\/01\/ForumTanz2024-237043-150x150c.jpg\"\n                                 alt=\"\"\n                            >\n                        <\/div>\n\t\t\t\t\t                        <div class=\"slide\">\n                            <img decoding=\"async\" class=\"slide-image\"\n                                 srcset=\"https:\/\/www.m2act.ch\/wp-content\/uploads\/2025\/01\/ForumTanz2024-237202-1580x920c.jpg 2x, https:\/\/www.m2act.ch\/wp-content\/uploads\/2025\/01\/ForumTanz2024-237202-790x460c.jpg 1x\"\n                                 src=\"https:\/\/www.m2act.ch\/wp-content\/uploads\/2025\/01\/ForumTanz2024-237202-150x150c.jpg\"\n                                 alt=\"\"\n                            >\n                        <\/div>\n\t\t\t\t\t                        <div class=\"slide\">\n                            <img decoding=\"async\" class=\"slide-image\"\n                                 srcset=\"https:\/\/www.m2act.ch\/wp-content\/uploads\/2025\/01\/ForumTanz2024-237448-1580x920c.jpg 2x, https:\/\/www.m2act.ch\/wp-content\/uploads\/2025\/01\/ForumTanz2024-237448-790x460c.jpg 1x\"\n                                 src=\"https:\/\/www.m2act.ch\/wp-content\/uploads\/2025\/01\/ForumTanz2024-237448-150x150c.jpg\"\n                                 alt=\"\"\n                            >\n                        <\/div>\n\t\t\t\t\t                        <div class=\"slide\">\n                            <img decoding=\"async\" class=\"slide-image\"\n                                 srcset=\"https:\/\/www.m2act.ch\/wp-content\/uploads\/2025\/01\/ForumTanz2024-237579-1580x920c.jpg 2x, https:\/\/www.m2act.ch\/wp-content\/uploads\/2025\/01\/ForumTanz2024-237579-790x460c.jpg 1x\"\n                                 src=\"https:\/\/www.m2act.ch\/wp-content\/uploads\/2025\/01\/ForumTanz2024-237579-150x150c.jpg\"\n                                 alt=\"\"\n                            >\n                        <\/div>\n\t\t\t\t\t                        <div class=\"slide\">\n                            <img decoding=\"async\" class=\"slide-image\"\n                                 srcset=\"https:\/\/www.m2act.ch\/wp-content\/uploads\/2025\/01\/ForumTanz2024-237757-1580x920c.jpg 2x, https:\/\/www.m2act.ch\/wp-content\/uploads\/2025\/01\/ForumTanz2024-237757-790x460c.jpg 1x\"\n                                 src=\"https:\/\/www.m2act.ch\/wp-content\/uploads\/2025\/01\/ForumTanz2024-237757-150x150c.jpg\"\n                                 alt=\"\"\n                            >\n                        <\/div>\n\t\t\t\t\t                        <div class=\"slide\">\n                            <img decoding=\"async\" class=\"slide-image\"\n                                 srcset=\"https:\/\/www.m2act.ch\/wp-content\/uploads\/2025\/01\/ForumTanz2024-237945-1580x920c.jpg 2x, https:\/\/www.m2act.ch\/wp-content\/uploads\/2025\/01\/ForumTanz2024-237945-790x460c.jpg 1x\"\n                                 src=\"https:\/\/www.m2act.ch\/wp-content\/uploads\/2025\/01\/ForumTanz2024-237945-150x150c.jpg\"\n                                 alt=\"\"\n                            >\n                        <\/div>\n\t\t\t\t\t                        <div class=\"slide\">\n                            <img decoding=\"async\" class=\"slide-image\"\n                                 srcset=\"https:\/\/www.m2act.ch\/wp-content\/uploads\/2025\/01\/ForumTanz2024-237547-1580x920c.jpg 2x, https:\/\/www.m2act.ch\/wp-content\/uploads\/2025\/01\/ForumTanz2024-237547-790x460c.jpg 1x\"\n                                 src=\"https:\/\/www.m2act.ch\/wp-content\/uploads\/2025\/01\/ForumTanz2024-237547-150x150c.jpg\"\n                                 alt=\"\"\n                            >\n                        <\/div>\n\t\t\t\t\t                        <div class=\"slide\">\n                            <img decoding=\"async\" class=\"slide-image\"\n                                 srcset=\"https:\/\/www.m2act.ch\/wp-content\/uploads\/2025\/01\/ForumTanz2024-237999-1580x920c.jpg 2x, https:\/\/www.m2act.ch\/wp-content\/uploads\/2025\/01\/ForumTanz2024-237999-790x460c.jpg 1x\"\n                                 src=\"https:\/\/www.m2act.ch\/wp-content\/uploads\/2025\/01\/ForumTanz2024-237999-150x150c.jpg\"\n                                 alt=\"\"\n                            >\n                        <\/div>\n\t\t\t\t\t                        <div class=\"slide\">\n                            <img decoding=\"async\" class=\"slide-image\"\n                                 srcset=\"https:\/\/www.m2act.ch\/wp-content\/uploads\/2025\/01\/ForumTanz2024-238059-1580x920c.jpg 2x, https:\/\/www.m2act.ch\/wp-content\/uploads\/2025\/01\/ForumTanz2024-238059-790x460c.jpg 1x\"\n                                 src=\"https:\/\/www.m2act.ch\/wp-content\/uploads\/2025\/01\/ForumTanz2024-238059-150x150c.jpg\"\n                                 alt=\"\"\n                            >\n                        <\/div>\n\t\t\t\t\t                        <div class=\"slide\">\n                            <img decoding=\"async\" class=\"slide-image\"\n                                 srcset=\"https:\/\/www.m2act.ch\/wp-content\/uploads\/2025\/01\/ForumTanz2024-238095-1580x920c.jpg 2x, https:\/\/www.m2act.ch\/wp-content\/uploads\/2025\/01\/ForumTanz2024-238095-790x460c.jpg 1x\"\n                                 src=\"https:\/\/www.m2act.ch\/wp-content\/uploads\/2025\/01\/ForumTanz2024-238095-150x150c.jpg\"\n                                 alt=\"\"\n                            >\n                        <\/div>\n\t\t\t\t\t                        <div class=\"slide\">\n                            <img decoding=\"async\" class=\"slide-image\"\n                                 srcset=\"https:\/\/www.m2act.ch\/wp-content\/uploads\/2025\/01\/ForumTanz2024-238155-1580x920c.jpg 2x, https:\/\/www.m2act.ch\/wp-content\/uploads\/2025\/01\/ForumTanz2024-238155-790x460c.jpg 1x\"\n                                 src=\"https:\/\/www.m2act.ch\/wp-content\/uploads\/2025\/01\/ForumTanz2024-238155-150x150c.jpg\"\n                                 alt=\"\"\n                            >\n                        <\/div>\n\t\t\t\t\t            <\/div>\n\t\t\t<\/div>\n\n\n\n<p><\/p>\n\n\n\n<p>Foto: \u00a9 Nelly Rodriguez<br>Video: \u00a9 Elisabeth Bl\u00e4ttler<\/p>\n\n\n\n<p><\/p>\n","protected":false},"excerpt":{"rendered":"<p>THE ART OF SOLIDARITY Les alliances dans les arts de la sc\u00e8ne Il 22 novembre 2024, professionisti\/e della danza, studenti\/esse e vari\/e rappresentanti delle arti dello spettacolo, nonch\u00e9 decisori\/decisore della politica e della cultura, si incontreranno a Biel presso la Maison.Farel.Haus &amp; Nebia-Bienne spectaculaire. Verranno discussi temi di grande attualit\u00e0 come la sostenibilit\u00e0, le pratiche [&hellip;]<\/p>\n","protected":false},"author":2,"featured_media":0,"parent":0,"menu_order":57,"comment_status":"closed","ping_status":"closed","template":"","meta":{"_acf_changed":false,"footnotes":""},"class_list":["post-10333","page","type-page","status-publish","hentry"],"acf":[],"yoast_head":"<!-- This site is optimized with the Yoast SEO plugin v27.2 - https:\/\/yoast.com\/product\/yoast-seo-wordpress\/ -->\n<title>M2ACT \u00d7 FORUM DANZA - M2ACT<\/title>\n<meta name=\"robots\" content=\"index, follow, max-snippet:-1, max-image-preview:large, max-video-preview:-1\" \/>\n<link rel=\"canonical\" href=\"https:\/\/www.m2act.ch\/it\/m2act-x-forum-danza\/\" \/>\n<meta property=\"og:locale\" content=\"it_IT\" \/>\n<meta property=\"og:type\" content=\"article\" \/>\n<meta property=\"og:title\" content=\"M2ACT \u00d7 FORUM DANZA - M2ACT\" \/>\n<meta property=\"og:description\" content=\"THE ART OF SOLIDARITY Les alliances dans les arts de la sc\u00e8ne Il 22 novembre 2024, professionisti\/e della danza, studenti\/esse e vari\/e rappresentanti delle arti dello spettacolo, nonch\u00e9 decisori\/decisore della politica e della cultura, si incontreranno a Biel presso la Maison.Farel.Haus &amp; Nebia-Bienne spectaculaire. Verranno discussi temi di grande attualit\u00e0 come la sostenibilit\u00e0, le pratiche [&hellip;]\" \/>\n<meta property=\"og:url\" content=\"https:\/\/www.m2act.ch\/it\/m2act-x-forum-danza\/\" \/>\n<meta property=\"og:site_name\" content=\"M2ACT\" \/>\n<meta property=\"article:modified_time\" content=\"2025-01-20T14:25:20+00:00\" \/>\n<meta property=\"og:image\" content=\"https:\/\/www.m2act.ch\/wp-content\/uploads\/2025\/03\/Webbseite_Header.jpg\" \/>\n\t<meta property=\"og:image:width\" content=\"2000\" \/>\n\t<meta property=\"og:image:height\" content=\"640\" \/>\n\t<meta property=\"og:image:type\" content=\"image\/jpeg\" \/>\n<meta name=\"twitter:card\" content=\"summary_large_image\" \/>\n<meta name=\"twitter:label1\" content=\"Tempo di lettura stimato\" \/>\n\t<meta name=\"twitter:data1\" content=\"1 minuto\" \/>\n<script type=\"application\/ld+json\" class=\"yoast-schema-graph\">{\"@context\":\"https:\/\/schema.org\",\"@graph\":[{\"@type\":\"WebPage\",\"@id\":\"https:\/\/www.m2act.ch\/it\/m2act-x-forum-danza\/\",\"url\":\"https:\/\/www.m2act.ch\/it\/m2act-x-forum-danza\/\",\"name\":\"M2ACT \u00d7 FORUM DANZA - M2ACT\",\"isPartOf\":{\"@id\":\"https:\/\/www.m2act.ch\/en\/#website\"},\"datePublished\":\"2025-01-10T14:30:47+00:00\",\"dateModified\":\"2025-01-20T14:25:20+00:00\",\"breadcrumb\":{\"@id\":\"https:\/\/www.m2act.ch\/it\/m2act-x-forum-danza\/#breadcrumb\"},\"inLanguage\":\"it-IT\",\"potentialAction\":[{\"@type\":\"ReadAction\",\"target\":[\"https:\/\/www.m2act.ch\/it\/m2act-x-forum-danza\/\"]}]},{\"@type\":\"BreadcrumbList\",\"@id\":\"https:\/\/www.m2act.ch\/it\/m2act-x-forum-danza\/#breadcrumb\",\"itemListElement\":[{\"@type\":\"ListItem\",\"position\":1,\"name\":\"Startseite\",\"item\":\"https:\/\/www.m2act.ch\/it\/\"},{\"@type\":\"ListItem\",\"position\":2,\"name\":\"M2ACT \u00d7 FORUM DANZA\"}]},{\"@type\":\"WebSite\",\"@id\":\"https:\/\/www.m2act.ch\/en\/#website\",\"url\":\"https:\/\/www.m2act.ch\/en\/\",\"name\":\"M2ACT\",\"description\":\"Ein Projekt von Migros Kulturprozent\",\"potentialAction\":[{\"@type\":\"SearchAction\",\"target\":{\"@type\":\"EntryPoint\",\"urlTemplate\":\"https:\/\/www.m2act.ch\/en\/?s={search_term_string}\"},\"query-input\":{\"@type\":\"PropertyValueSpecification\",\"valueRequired\":true,\"valueName\":\"search_term_string\"}}],\"inLanguage\":\"it-IT\"}]}<\/script>\n<!-- \/ Yoast SEO plugin. -->","yoast_head_json":{"title":"M2ACT \u00d7 FORUM DANZA - M2ACT","robots":{"index":"index","follow":"follow","max-snippet":"max-snippet:-1","max-image-preview":"max-image-preview:large","max-video-preview":"max-video-preview:-1"},"canonical":"https:\/\/www.m2act.ch\/it\/m2act-x-forum-danza\/","og_locale":"it_IT","og_type":"article","og_title":"M2ACT \u00d7 FORUM DANZA - M2ACT","og_description":"THE ART OF SOLIDARITY Les alliances dans les arts de la sc\u00e8ne Il 22 novembre 2024, professionisti\/e della danza, studenti\/esse e vari\/e rappresentanti delle arti dello spettacolo, nonch\u00e9 decisori\/decisore della politica e della cultura, si incontreranno a Biel presso la Maison.Farel.Haus &amp; Nebia-Bienne spectaculaire. Verranno discussi temi di grande attualit\u00e0 come la sostenibilit\u00e0, le pratiche [&hellip;]","og_url":"https:\/\/www.m2act.ch\/it\/m2act-x-forum-danza\/","og_site_name":"M2ACT","article_modified_time":"2025-01-20T14:25:20+00:00","og_image":[{"width":2000,"height":640,"url":"https:\/\/www.m2act.ch\/wp-content\/uploads\/2025\/03\/Webbseite_Header.jpg","type":"image\/jpeg"}],"twitter_card":"summary_large_image","twitter_misc":{"Tempo di lettura stimato":"1 minuto"},"schema":{"@context":"https:\/\/schema.org","@graph":[{"@type":"WebPage","@id":"https:\/\/www.m2act.ch\/it\/m2act-x-forum-danza\/","url":"https:\/\/www.m2act.ch\/it\/m2act-x-forum-danza\/","name":"M2ACT \u00d7 FORUM DANZA - M2ACT","isPartOf":{"@id":"https:\/\/www.m2act.ch\/en\/#website"},"datePublished":"2025-01-10T14:30:47+00:00","dateModified":"2025-01-20T14:25:20+00:00","breadcrumb":{"@id":"https:\/\/www.m2act.ch\/it\/m2act-x-forum-danza\/#breadcrumb"},"inLanguage":"it-IT","potentialAction":[{"@type":"ReadAction","target":["https:\/\/www.m2act.ch\/it\/m2act-x-forum-danza\/"]}]},{"@type":"BreadcrumbList","@id":"https:\/\/www.m2act.ch\/it\/m2act-x-forum-danza\/#breadcrumb","itemListElement":[{"@type":"ListItem","position":1,"name":"Startseite","item":"https:\/\/www.m2act.ch\/it\/"},{"@type":"ListItem","position":2,"name":"M2ACT \u00d7 FORUM DANZA"}]},{"@type":"WebSite","@id":"https:\/\/www.m2act.ch\/en\/#website","url":"https:\/\/www.m2act.ch\/en\/","name":"M2ACT","description":"Ein Projekt von Migros Kulturprozent","potentialAction":[{"@type":"SearchAction","target":{"@type":"EntryPoint","urlTemplate":"https:\/\/www.m2act.ch\/en\/?s={search_term_string}"},"query-input":{"@type":"PropertyValueSpecification","valueRequired":true,"valueName":"search_term_string"}}],"inLanguage":"it-IT"}]}},"_links":{"self":[{"href":"https:\/\/www.m2act.ch\/it\/wp-json\/wp\/v2\/pages\/10333","targetHints":{"allow":["GET"]}}],"collection":[{"href":"https:\/\/www.m2act.ch\/it\/wp-json\/wp\/v2\/pages"}],"about":[{"href":"https:\/\/www.m2act.ch\/it\/wp-json\/wp\/v2\/types\/page"}],"author":[{"embeddable":true,"href":"https:\/\/www.m2act.ch\/it\/wp-json\/wp\/v2\/users\/2"}],"replies":[{"embeddable":true,"href":"https:\/\/www.m2act.ch\/it\/wp-json\/wp\/v2\/comments?post=10333"}],"version-history":[{"count":4,"href":"https:\/\/www.m2act.ch\/it\/wp-json\/wp\/v2\/pages\/10333\/revisions"}],"predecessor-version":[{"id":10670,"href":"https:\/\/www.m2act.ch\/it\/wp-json\/wp\/v2\/pages\/10333\/revisions\/10670"}],"wp:attachment":[{"href":"https:\/\/www.m2act.ch\/it\/wp-json\/wp\/v2\/media?parent=10333"}],"curies":[{"name":"wp","href":"https:\/\/api.w.org\/{rel}","templated":true}]}}