{"id":9828,"date":"2024-09-06T09:30:57","date_gmt":"2024-09-06T07:30:57","guid":{"rendered":"https:\/\/www.m2act.ch\/?page_id=9828"},"modified":"2026-03-16T16:58:04","modified_gmt":"2026-03-16T15:58:04","slug":"evenement","status":"publish","type":"page","link":"https:\/\/www.m2act.ch\/fr\/evenement\/","title":{"rendered":"\u00c9v\u00e9nements"},"content":{"rendered":"\n<p>m2act organise des \u00e9v\u00e8nements publics de mise en r\u00e9seau en collaboration avec diff\u00e9rents partenaires de coop\u00e9ration. Ces rencontres offrent une plateforme d\u2019\u00e9change entre des actrices et acteurs culturel.le.s et d\u2019autres sp\u00e9cialistes. L\u2019accent porte sur un transfert ouvert de connaissances ainsi que sur l\u2019exp\u00e9rimentation commune d\u2019approches d\u2019avenir pour le travail culturel\u200b en Suisse.<\/p>\n\n\n\n<p>De plus, m2act organise des \u00e9v\u00e8nements de mise en r\u00e9seau internes pour les projets soutenus. Ces rencontres font partie int\u00e9grante du soutien de m2act et permettent aux personnes impliqu\u00e9es de faire connaissance, de pr\u00e9senter leurs projets et de les d\u00e9velopper. Lors de ces \u00e9v\u00e8nements, m2act mise sur une pratique inclusive et \u00e9quitable comme mod\u00e8le et source d\u2019inspiration. Souvent, une garde d\u2019enfants est propos\u00e9e. L\u2019interpr\u00e9tation simultan\u00e9e et l\u2019interpr\u00e9tation en langue des signes vont de soi. Nous renon\u00e7ons aux produits imprim\u00e9s et aux voyages en avion. Le service traiteur est v\u00e9g\u00e9talien. Tous les \u00e9v\u00e8nements sont gratuits.<\/p>\n\n\n\n<h2 class=\"wp-block-heading\"><\/h2>\n\n\n\n<h3 class=\"wp-block-heading\"><strong>\u00c9V\u00c9NEMENTS ACTUELS DE M2ACT ET \u00c9V\u00c9NEMENTS PARTENAIRES<\/strong><\/h3>\n\n\n\n<div id=\"event-list-block_6cae68e36d63e5feed4dc2abd0ccb2d7\" class=\"mod-event-list\">\n\t        <ul class=\"events\">\n\t\t\t                <li class=\"event-row\">\n                    <div class=\"event-date\">\n                        <p>F\u00e9vrier &#8211; ao\u00fbt 2026<br \/>\r\nDiff\u00e9rentes r\u00e9gions<\/p>\n\t\t\t\t\t\t                    <\/div>\n                    <div class=\"event-content\">\n                        <h3 class=\"event-title\">m2act x coop\u00e9ratives r\u00e9gionales Migros<\/h3>\n                        <div class=\"event-text\">\n                            <p>\n\t\t\t\t\t\t\t\t\t\t\t\t\t\t\t\t                                    <a href=\"https:\/\/www.m2act.ch\/fr\/m2act-x-migros-genossenschaftsregionen\/\" target=\"\">\n\t\t\t\t\t\t\t\t\t\tD\u00e9tails                                    <\/a>\n\t\t\t\t\t\t\t\t                            <\/p>\n                        <\/div>\n                    <\/div>\n                <\/li>\n\t\t\t        <\/ul>\n\t\t\t<\/div>\n\n\n<div id=\"bild-sektion-block_8e8f638b25281e5185ca20b8dcea236e\" class=\"mod-bild-sektion\">\n    <div class=\"container-breakout\">\n        <div class=\"image-spacer\">\n            <div class=\"image-fixed\">\n                <div class=\"image\" style=\"background-image: url('https:\/\/www.m2act.ch\/wp-content\/uploads\/2025\/07\/M2ACT_2000x640.jpg');\" data-imgurl=\"https:\/\/www.m2act.ch\/wp-content\/uploads\/2025\/07\/M2ACT_2000x640.jpg\"><\/div>\n            <\/div>\n        <\/div>\n    <\/div>\n<\/div>\n\n\n<h2 class=\"wp-block-heading\"><\/h2>\n\n\n\n<h3 class=\"wp-block-heading\"><strong>Rencontres de r\u00e9seautage de m2act et \u00e9v\u00e9nements-partenaires<\/strong><\/h3>\n\n\n\n<div id=\"event-list-block_e6c5fdf0c21cee7a6964d4019216e048\" class=\"mod-event-list\">\n\t        <ul class=\"events\">\n\t\t\t                <li class=\"event-row\">\n                    <div class=\"event-date\">\n                        <p>26 f\u00e9vrier 2026<br \/>\r\nTh\u00e9\u00e2tre Le Reflet<br \/>\r\nVevey<\/p>\n\t\t\t\t\t\t                    <\/div>\n                    <div class=\"event-content\">\n                        <h3 class=\"event-title\">M2ACT X COOP\u00c9RATIVE VAUD<\/h3>\n                        <div class=\"event-text\">\n                            <p>\n\t\t\t\t\t\t\t\t\t\t\t\t\t\t\t\t                                    <a href=\"https:\/\/www.m2act.ch\/fr\/m2act-x-cooperative-vaud\/\" target=\"\">\n\t\t\t\t\t\t\t\t\t\tRetrospective                                    <\/a>\n\t\t\t\t\t\t\t\t                            <\/p>\n                        <\/div>\n                    <\/div>\n                <\/li>\n\t\t\t                <li class=\"event-row\">\n                    <div class=\"event-date\">\n                        <p>16\/17 octobre 2025<br \/>\r\n@Kaserne Basel, <br \/>\r\nkHaus &#038; <br \/>\r\nParterre One<\/p>\n\t\t\t\t\t\t                    <\/div>\n                    <div class=\"event-content\">\n                        <h3 class=\"event-title\">M2ACT \u00d7 HELVETIAROCKT<\/h3>\n                        <div class=\"event-text\">\n                            <p>\n\t\t\t\t\t\t\t\t\t\t\t\t\t\t\t\t                                    <a href=\"https:\/\/www.m2act.ch\/fr\/m2act-x-helvetiarockt\/\" target=\"_blank\">\n\t\t\t\t\t\t\t\t\t\tRetrospective                                    <\/a>\n\t\t\t\t\t\t\t\t                            <\/p>\n                        <\/div>\n                    <\/div>\n                <\/li>\n\t\t\t                <li class=\"event-row\">\n                    <div class=\"event-date\">\n                        <p>16 mai 2025<br \/>\r\n@auawirleben Berne<\/p>\n\t\t\t\t\t\t                    <\/div>\n                    <div class=\"event-content\">\n                        <h3 class=\"event-title\">R\u00c9UNION DE R\u00c9SEAU INTERNE M2ACT <\/h3>\n                        <div class=\"event-text\">\n                            <p>\n\t\t\t\t\t\t\t\t\t\t\t\t\t\t\t\t                                    <a href=\"https:\/\/www.m2act.ch\/fr\/reunion-de-reseau-interne-m2act\/\" target=\"_blank\">\n\t\t\t\t\t\t\t\t\t\tR\u00e9trospective                                    <\/a>\n\t\t\t\t\t\t\t\t                            <\/p>\n                        <\/div>\n                    <\/div>\n                <\/li>\n\t\t\t                <li class=\"event-row\">\n                    <div class=\"event-date\">\n                        <p>22 novembre 2024<br \/>\r\nBienne<\/p>\n\t\t\t\t\t\t                    <\/div>\n                    <div class=\"event-content\">\n                        <h3 class=\"event-title\">M2ACT \u00d7 FORUM DANSE<\/h3>\n                        <div class=\"event-text\">\n                            <p>\n\t\t\t\t\t\t\t\t\t\t\t\t\t\t\t\t                                    <a href=\"https:\/\/www.m2act.ch\/fr\/m2act-x-forum-danse\/\" target=\"\">\n\t\t\t\t\t\t\t\t\t\tR\u00e9trospective                                    <\/a>\n\t\t\t\t\t\t\t\t                            <\/p>\n                        <\/div>\n                    <\/div>\n                <\/li>\n\t\t\t                <li class=\"event-row\">\n                    <div class=\"event-date\">\n                        <p>25 octobre 2024<br \/>\r\nBerne<\/p>\n\t\t\t\t\t\t                    <\/div>\n                    <div class=\"event-content\">\n                        <h3 class=\"event-title\">HKB ENCORE<\/h3>\n                        <div class=\"event-text\">\n                            <p>\n\t\t\t\t\t\t\t\t\t\t\t\t\t\t\t\t                                    <a href=\"https:\/\/www.hkb.bfh.ch\/de\/aktuell\/fachveranstaltungen\/betreff-kreativschaffen-2024\/\" target=\"_blank\">\n\t\t\t\t\t\t\t\t\t\tD\u00e9tails                                    <\/a>\n\t\t\t\t\t\t\t\t                            <\/p>\n                        <\/div>\n                    <\/div>\n                <\/li>\n\t\t\t                <li class=\"event-row\">\n                    <div class=\"event-date\">\n                        <p>1 octobre 2024<br \/>\r\nZ\u00fcrich<\/p>\n\t\t\t\t\t\t                    <\/div>\n                    <div class=\"event-content\">\n                        <h3 class=\"event-title\">Burning issues des arts de la sc\u00e8ne<\/h3>\n                        <div class=\"event-text\">\n                            <p>\n\t\t\t\t\t\t\t\t\t\t\t\t\t\t\t\t                                    <a href=\"https:\/\/www.karldergrosse.ch\/programm\/veranstaltung\/drangende-fragen-in-den-darstellenden-kunsten\" target=\"\">\n\t\t\t\t\t\t\t\t\t\tR\u00e9trospective                                    <\/a>\n\t\t\t\t\t\t\t\t                            <\/p>\n                        <\/div>\n                    <\/div>\n                <\/li>\n\t\t\t                <li class=\"event-row\">\n                    <div class=\"event-date\">\n                        <p>24 mai 2024<br \/>\r\nLugano <\/p>\n\t\t\t\t\t\t                    <\/div>\n                    <div class=\"event-content\">\n                        <h3 class=\"event-title\">M2ACT@JOURN\u00c9ES DU TH\u00c9\u00c2TRE SUISSES<\/h3>\n                        <div class=\"event-text\">\n                            <p>\n\t\t\t\t\t\t\t\t\t\t\t\t\t\t\t\t                                    <a href=\"https:\/\/journees-theatre-suisse.ch\/archives-spectacles\/spectacles-2024\/feminesto2-femmes-en-tete-!.html\" target=\"_blank\">\n\t\t\t\t\t\t\t\t\t\tD\u00e9tails                                    <\/a>\n\t\t\t\t\t\t\t\t                            <\/p>\n                        <\/div>\n                    <\/div>\n                <\/li>\n\t\t\t                <li class=\"event-row\">\n                    <div class=\"event-date\">\n                        <p>19 avril 2024<br \/>\r\nThoune<\/p>\n\t\t\t\t\t\t                    <\/div>\n                    <div class=\"event-content\">\n                        <h3 class=\"event-title\">M2ACT@K\u00dcNSTLERB\u00d6RSE<\/h3>\n                        <div class=\"event-text\">\n                            <p>\n\t\t\t\t\t\t\t\t\t\t\t\t\t\t\t\t                                    <a href=\"https:\/\/www.bourseauxspectacles.ch\/2024-2\/programme\/programm\/\" target=\"_blank\">\n\t\t\t\t\t\t\t\t\t\tD\u00e9tails                                    <\/a>\n\t\t\t\t\t\t\t\t                            <\/p>\n                        <\/div>\n                    <\/div>\n                <\/li>\n\t\t\t                <li class=\"event-row\">\n                    <div class=\"event-date\">\n                        <p>15 \u2013 17 septembre 2023<\/p>\n\t\t\t\t\t\t                    <\/div>\n                    <div class=\"event-content\">\n                        <h3 class=\"event-title\">M2ACT x BURNING ISSUES &#8211; Performing Arts &#038; Action<\/h3>\n                        <div class=\"event-text\">\n                            <p>\n\t\t\t\t\t\t\t\t\t\t\t\t\t\t\t\t                                    <a href=\"https:\/\/www.m2act.ch\/fr\/m2act-x-burning-issues\/\" target=\"_blank\">\n\t\t\t\t\t\t\t\t\t\tD\u00e9tails                                    <\/a>\n\t\t\t\t\t\t\t\t                            <\/p>\n                        <\/div>\n                    <\/div>\n                <\/li>\n\t\t\t                <li class=\"event-row\">\n                    <div class=\"event-date\">\n                        <p>11 &#038; 12 novembre 2022<\/p>\n\t\t\t\t\t\t                    <\/div>\n                    <div class=\"event-content\">\n                        <h3 class=\"event-title\">M2ACT@GRANGE-UNIL<\/h3>\n                        <div class=\"event-text\">\n                            <p>\n\t\t\t\t\t\t\t\t\t\t\t\t\t\t\t\t                                    <a href=\"https:\/\/www.m2act.ch\/fr\/m2actgrange-unil\/\" target=\"\">\n\t\t\t\t\t\t\t\t\t\tD\u00e9tails                                    <\/a>\n\t\t\t\t\t\t\t\t                            <\/p>\n                        <\/div>\n                    <\/div>\n                <\/li>\n\t\t\t                <li class=\"event-row\">\n                    <div class=\"event-date\">\n                        <p>11 juin 2022<\/p>\n\t\t\t\t\t\t                    <\/div>\n                    <div class=\"event-content\">\n                        <h3 class=\"event-title\">m2act@Bluefactory<\/h3>\n                        <div class=\"event-text\">\n                            <p>\n\t\t\t\t\t\t\t\t\t\t\t\t\t\t\t\t                                    <a href=\"https:\/\/www.m2act.ch\/fr\/m2actbluefactory\/\" target=\"\">\n\t\t\t\t\t\t\t\t\t\tD\u00e9tails                                    <\/a>\n\t\t\t\t\t\t\t\t                            <\/p>\n                        <\/div>\n                    <\/div>\n                <\/li>\n\t\t\t                <li class=\"event-row\">\n                    <div class=\"event-date\">\n                        <p>7 mai 2022<\/p>\n\t\t\t\t\t\t                    <\/div>\n                    <div class=\"event-content\">\n                        <h3 class=\"event-title\">m2act@auawirleben<\/h3>\n                        <div class=\"event-text\">\n                            <p>\n\t\t\t\t\t\t\t\t\t\t\t\t\t\t\t\t                                    <a href=\"https:\/\/www.m2act.ch\/fr\/m2actauawirleben\/\" target=\"\">\n\t\t\t\t\t\t\t\t\t\tDetails                                    <\/a>\n\t\t\t\t\t\t\t\t                            <\/p>\n                        <\/div>\n                    <\/div>\n                <\/li>\n\t\t\t                <li class=\"event-row\">\n                    <div class=\"event-date\">\n                        <p>23 \u2013 25 septembre 2021<\/p>\n\t\t\t\t\t\t                    <\/div>\n                    <div class=\"event-content\">\n                        <h3 class=\"event-title\">m2act@Gessnerallee<\/h3>\n                        <div class=\"event-text\">\n                            <p>\n\t\t\t\t\t\t\t\t\t\t\t\t\t\t\t\t                                    <a href=\"https:\/\/www.m2act.ch\/fr\/m2actgessnerallee\/\" target=\"\">\n\t\t\t\t\t\t\t\t\t\tD\u00e9tails                                    <\/a>\n\t\t\t\t\t\t\t\t                            <\/p>\n                        <\/div>\n                    <\/div>\n                <\/li>\n\t\t\t                <li class=\"event-row\">\n                    <div class=\"event-date\">\n                        <p>7 &#038; 8 mai 2021<\/p>\n\t\t\t\t\t\t                    <\/div>\n                    <div class=\"event-content\">\n                        <h3 class=\"event-title\">m2act@Auawirleben<\/h3>\n                        <div class=\"event-text\">\n                            <p>\n\t\t\t\t\t\t\t\t\t\t\t\t\t\t\t\t                                    <a href=\"https:\/\/www.m2act.ch\/fr\/m2actauawirleben\/\" target=\"_blank\">\n\t\t\t\t\t\t\t\t\t\tD\u00e9tails                                    <\/a>\n\t\t\t\t\t\t\t\t                            <\/p>\n                        <\/div>\n                    <\/div>\n                <\/li>\n\t\t\t                <li class=\"event-row\">\n                    <div class=\"event-date\">\n                        <p>8 \u2013 10 octobre 2020<\/p>\n\t\t\t\t\t\t                    <\/div>\n                    <div class=\"event-content\">\n                        <h3 class=\"event-title\">m2act@S\u00fcdpol<\/h3>\n                        <div class=\"event-text\">\n                            <p>\n\t\t\t\t\t\t\t\t\t\t\t\t\t\t\t\t                                    <a href=\"https:\/\/www.m2act.ch\/fr\/m2actsuedpol\/\" target=\"_blank\">\n\t\t\t\t\t\t\t\t\t\tD\u00e9tails                                    <\/a>\n\t\t\t\t\t\t\t\t                            <\/p>\n                        <\/div>\n                    <\/div>\n                <\/li>\n\t\t\t                <li class=\"event-row\">\n                    <div class=\"event-date\">\n                        <p>5 octobre 2020<\/p>\n\t\t\t\t\t\t                    <\/div>\n                    <div class=\"event-content\">\n                        <h3 class=\"event-title\">m2act@LeGr\u00fctli<\/h3>\n                        <div class=\"event-text\">\n                            <p>\n\t\t\t\t\t\t\t\t\t\t\t\t\t\t\t\t                                    <a href=\"https:\/\/www.m2act.ch\/fr\/m2actlegruetli\/\" target=\"_blank\">\n\t\t\t\t\t\t\t\t\t\tD\u00e9tails                                    <\/a>\n\t\t\t\t\t\t\t\t                            <\/p>\n                        <\/div>\n                    <\/div>\n                <\/li>\n\t\t\t        <\/ul>\n\t\t\t<\/div>\n\n\n<div id=\"bild-sektion-block_9111408741816d036e79644475cd51f0\" class=\"mod-bild-sektion\">\n    <div class=\"container-breakout\">\n        <div class=\"image-spacer\">\n            <div class=\"image-fixed\">\n                <div class=\"image\" style=\"background-image: url('https:\/\/www.m2act.ch\/wp-content\/uploads\/2020\/09\/UNPLUSH-orig-scaled-e1654783406687.jpg');\" data-imgurl=\"https:\/\/www.m2act.ch\/wp-content\/uploads\/2020\/09\/UNPLUSH-orig-scaled-e1654783406687.jpg\"><\/div>\n            <\/div>\n        <\/div>\n    <\/div>\n<\/div>","protected":false},"excerpt":{"rendered":"<p>m2act organise des \u00e9v\u00e8nements publics de mise en r\u00e9seau en collaboration avec diff\u00e9rents partenaires de coop\u00e9ration. Ces rencontres offrent une plateforme d\u2019\u00e9change entre des actrices et acteurs culturel.le.s et d\u2019autres sp\u00e9cialistes. L\u2019accent porte sur un transfert ouvert de connaissances ainsi que sur l\u2019exp\u00e9rimentation commune d\u2019approches d\u2019avenir pour le travail culturel\u200b en Suisse. De plus, m2act [&hellip;]<\/p>\n","protected":false},"author":2,"featured_media":0,"parent":0,"menu_order":106,"comment_status":"closed","ping_status":"closed","template":"","meta":{"_acf_changed":false,"footnotes":""},"class_list":["post-9828","page","type-page","status-publish","hentry"],"acf":[],"yoast_head":"<!-- This site is optimized with the Yoast SEO plugin v27.6 - https:\/\/yoast.com\/product\/yoast-seo-wordpress\/ -->\n<title>\u00c9v\u00e9nements - M2ACT<\/title>\n<meta name=\"robots\" content=\"index, follow, max-snippet:-1, max-image-preview:large, max-video-preview:-1\" \/>\n<link rel=\"canonical\" href=\"https:\/\/www.m2act.ch\/fr\/evenement\/\" \/>\n<meta property=\"og:locale\" content=\"fr_FR\" \/>\n<meta property=\"og:type\" content=\"article\" \/>\n<meta property=\"og:title\" content=\"\u00c9v\u00e9nements - M2ACT\" \/>\n<meta property=\"og:description\" content=\"m2act organise des \u00e9v\u00e8nements publics de mise en r\u00e9seau en collaboration avec diff\u00e9rents partenaires de coop\u00e9ration. Ces rencontres offrent une plateforme d\u2019\u00e9change entre des actrices et acteurs culturel.le.s et d\u2019autres sp\u00e9cialistes. L\u2019accent porte sur un transfert ouvert de connaissances ainsi que sur l\u2019exp\u00e9rimentation commune d\u2019approches d\u2019avenir pour le travail culturel\u200b en Suisse. De plus, m2act [&hellip;]\" \/>\n<meta property=\"og:url\" content=\"https:\/\/www.m2act.ch\/fr\/evenement\/\" \/>\n<meta property=\"og:site_name\" content=\"M2ACT\" \/>\n<meta property=\"article:modified_time\" content=\"2026-03-16T15:58:04+00:00\" \/>\n<meta property=\"og:image\" content=\"https:\/\/www.m2act.ch\/wp-content\/uploads\/2025\/03\/Webbseite_Header.jpg\" \/>\n\t<meta property=\"og:image:width\" content=\"2000\" \/>\n\t<meta property=\"og:image:height\" content=\"640\" \/>\n\t<meta property=\"og:image:type\" content=\"image\/jpeg\" \/>\n<meta name=\"twitter:card\" content=\"summary_large_image\" \/>\n<meta name=\"twitter:label1\" content=\"Dur\u00e9e de lecture estim\u00e9e\" \/>\n\t<meta name=\"twitter:data1\" content=\"1 minute\" \/>\n<script type=\"application\/ld+json\" class=\"yoast-schema-graph\">{\"@context\":\"https:\\\/\\\/schema.org\",\"@graph\":[{\"@type\":\"WebPage\",\"@id\":\"https:\\\/\\\/www.m2act.ch\\\/fr\\\/evenement\\\/\",\"url\":\"https:\\\/\\\/www.m2act.ch\\\/fr\\\/evenement\\\/\",\"name\":\"\u00c9v\u00e9nements - M2ACT\",\"isPartOf\":{\"@id\":\"https:\\\/\\\/www.m2act.ch\\\/en\\\/#website\"},\"datePublished\":\"2024-09-06T07:30:57+00:00\",\"dateModified\":\"2026-03-16T15:58:04+00:00\",\"breadcrumb\":{\"@id\":\"https:\\\/\\\/www.m2act.ch\\\/fr\\\/evenement\\\/#breadcrumb\"},\"inLanguage\":\"fr-FR\",\"potentialAction\":[{\"@type\":\"ReadAction\",\"target\":[\"https:\\\/\\\/www.m2act.ch\\\/fr\\\/evenement\\\/\"]}]},{\"@type\":\"BreadcrumbList\",\"@id\":\"https:\\\/\\\/www.m2act.ch\\\/fr\\\/evenement\\\/#breadcrumb\",\"itemListElement\":[{\"@type\":\"ListItem\",\"position\":1,\"name\":\"Startseite\",\"item\":\"https:\\\/\\\/www.m2act.ch\\\/fr\\\/\"},{\"@type\":\"ListItem\",\"position\":2,\"name\":\"\u00c9v\u00e9nements\"}]},{\"@type\":\"WebSite\",\"@id\":\"https:\\\/\\\/www.m2act.ch\\\/en\\\/#website\",\"url\":\"https:\\\/\\\/www.m2act.ch\\\/en\\\/\",\"name\":\"M2ACT\",\"description\":\"Ein Projekt von Migros Kulturprozent\",\"potentialAction\":[{\"@type\":\"SearchAction\",\"target\":{\"@type\":\"EntryPoint\",\"urlTemplate\":\"https:\\\/\\\/www.m2act.ch\\\/en\\\/?s={search_term_string}\"},\"query-input\":{\"@type\":\"PropertyValueSpecification\",\"valueRequired\":true,\"valueName\":\"search_term_string\"}}],\"inLanguage\":\"fr-FR\"}]}<\/script>\n<!-- \/ Yoast SEO plugin. -->","yoast_head_json":{"title":"\u00c9v\u00e9nements - M2ACT","robots":{"index":"index","follow":"follow","max-snippet":"max-snippet:-1","max-image-preview":"max-image-preview:large","max-video-preview":"max-video-preview:-1"},"canonical":"https:\/\/www.m2act.ch\/fr\/evenement\/","og_locale":"fr_FR","og_type":"article","og_title":"\u00c9v\u00e9nements - M2ACT","og_description":"m2act organise des \u00e9v\u00e8nements publics de mise en r\u00e9seau en collaboration avec diff\u00e9rents partenaires de coop\u00e9ration. Ces rencontres offrent une plateforme d\u2019\u00e9change entre des actrices et acteurs culturel.le.s et d\u2019autres sp\u00e9cialistes. L\u2019accent porte sur un transfert ouvert de connaissances ainsi que sur l\u2019exp\u00e9rimentation commune d\u2019approches d\u2019avenir pour le travail culturel\u200b en Suisse. De plus, m2act [&hellip;]","og_url":"https:\/\/www.m2act.ch\/fr\/evenement\/","og_site_name":"M2ACT","article_modified_time":"2026-03-16T15:58:04+00:00","og_image":[{"width":2000,"height":640,"url":"https:\/\/www.m2act.ch\/wp-content\/uploads\/2025\/03\/Webbseite_Header.jpg","type":"image\/jpeg"}],"twitter_card":"summary_large_image","twitter_misc":{"Dur\u00e9e de lecture estim\u00e9e":"1 minute"},"schema":{"@context":"https:\/\/schema.org","@graph":[{"@type":"WebPage","@id":"https:\/\/www.m2act.ch\/fr\/evenement\/","url":"https:\/\/www.m2act.ch\/fr\/evenement\/","name":"\u00c9v\u00e9nements - M2ACT","isPartOf":{"@id":"https:\/\/www.m2act.ch\/en\/#website"},"datePublished":"2024-09-06T07:30:57+00:00","dateModified":"2026-03-16T15:58:04+00:00","breadcrumb":{"@id":"https:\/\/www.m2act.ch\/fr\/evenement\/#breadcrumb"},"inLanguage":"fr-FR","potentialAction":[{"@type":"ReadAction","target":["https:\/\/www.m2act.ch\/fr\/evenement\/"]}]},{"@type":"BreadcrumbList","@id":"https:\/\/www.m2act.ch\/fr\/evenement\/#breadcrumb","itemListElement":[{"@type":"ListItem","position":1,"name":"Startseite","item":"https:\/\/www.m2act.ch\/fr\/"},{"@type":"ListItem","position":2,"name":"\u00c9v\u00e9nements"}]},{"@type":"WebSite","@id":"https:\/\/www.m2act.ch\/en\/#website","url":"https:\/\/www.m2act.ch\/en\/","name":"M2ACT","description":"Ein Projekt von Migros Kulturprozent","potentialAction":[{"@type":"SearchAction","target":{"@type":"EntryPoint","urlTemplate":"https:\/\/www.m2act.ch\/en\/?s={search_term_string}"},"query-input":{"@type":"PropertyValueSpecification","valueRequired":true,"valueName":"search_term_string"}}],"inLanguage":"fr-FR"}]}},"_links":{"self":[{"href":"https:\/\/www.m2act.ch\/fr\/wp-json\/wp\/v2\/pages\/9828","targetHints":{"allow":["GET"]}}],"collection":[{"href":"https:\/\/www.m2act.ch\/fr\/wp-json\/wp\/v2\/pages"}],"about":[{"href":"https:\/\/www.m2act.ch\/fr\/wp-json\/wp\/v2\/types\/page"}],"author":[{"embeddable":true,"href":"https:\/\/www.m2act.ch\/fr\/wp-json\/wp\/v2\/users\/2"}],"replies":[{"embeddable":true,"href":"https:\/\/www.m2act.ch\/fr\/wp-json\/wp\/v2\/comments?post=9828"}],"version-history":[{"count":46,"href":"https:\/\/www.m2act.ch\/fr\/wp-json\/wp\/v2\/pages\/9828\/revisions"}],"predecessor-version":[{"id":15284,"href":"https:\/\/www.m2act.ch\/fr\/wp-json\/wp\/v2\/pages\/9828\/revisions\/15284"}],"wp:attachment":[{"href":"https:\/\/www.m2act.ch\/fr\/wp-json\/wp\/v2\/media?parent=9828"}],"curies":[{"name":"wp","href":"https:\/\/api.w.org\/{rel}","templated":true}]}}