{"id":945,"date":"2020-09-25T10:33:51","date_gmt":"2020-09-25T08:33:51","guid":{"rendered":"https:\/\/www.m2act.ch\/migros-kulturprozent\/"},"modified":"2020-11-10T16:53:25","modified_gmt":"2020-11-10T15:53:25","slug":"migros-kulturprozent","status":"publish","type":"page","link":"https:\/\/www.m2act.ch\/fr\/migros-kulturprozent\/","title":{"rendered":"Le Pour-cent culturel Migros"},"content":{"rendered":"\n<p>Le Pour-cent culturel Migros est un engagement volontaire de Migros, inscrit dans ses statuts, et qui plonge ses racines dans le sens de responsabilit\u00e9 du groupe \u00e0 l\u2019\u00e9gard de la soci\u00e9t\u00e9. Il s\u2019engage \u00e0 fournir \u00e0 la population un large acc\u00e8s \u00e0 la culture et \u00e0 la formation, \u00e0 donner aux gens la possibilit\u00e9 de r\u00e9fl\u00e9chir \u00e0 la soci\u00e9t\u00e9 et de contribuer aux changements sociaux, \u00e9conomiques et culturels. Les piliers de l\u2019engagement de Migros sont la culture, la soci\u00e9t\u00e9, la formation, les loisirs et l\u2019\u00e9conomie.<\/p>\n\n\n\n<p><a href=\"http:\/\/www.pour-cent-culturel-migros.ch\" data-type=\"URL\" data-id=\"www.pour-cent-culturel-migros.ch\">www.pour-cent-culturel-migros.ch<\/a><\/p>\n","protected":false},"excerpt":{"rendered":"<p>Le Pour-cent culturel Migros est un engagement volontaire de Migros, inscrit dans ses statuts, et qui plonge ses racines dans le sens de responsabilit\u00e9 du groupe \u00e0 l\u2019\u00e9gard de la soci\u00e9t\u00e9. Il s\u2019engage \u00e0 fournir \u00e0 la population un large acc\u00e8s \u00e0 la culture et \u00e0 la formation, \u00e0 donner aux gens la possibilit\u00e9 de [&hellip;]<\/p>\n","protected":false},"author":1,"featured_media":0,"parent":0,"menu_order":157,"comment_status":"closed","ping_status":"closed","template":"","meta":{"_acf_changed":false,"footnotes":""},"class_list":["post-945","page","type-page","status-publish","hentry"],"acf":[],"yoast_head":"<!-- This site is optimized with the Yoast SEO plugin v27.2 - https:\/\/yoast.com\/product\/yoast-seo-wordpress\/ -->\n<title>Le Pour-cent culturel Migros - M2ACT<\/title>\n<meta name=\"robots\" content=\"index, follow, max-snippet:-1, max-image-preview:large, max-video-preview:-1\" \/>\n<link rel=\"canonical\" href=\"https:\/\/www.m2act.ch\/migros-kulturprozent\/\" \/>\n<meta property=\"og:locale\" content=\"fr_FR\" \/>\n<meta property=\"og:type\" content=\"article\" \/>\n<meta property=\"og:title\" content=\"Le Pour-cent culturel Migros - M2ACT\" \/>\n<meta property=\"og:description\" content=\"Le Pour-cent culturel Migros est un engagement volontaire de Migros, inscrit dans ses statuts, et qui plonge ses racines dans le sens de responsabilit\u00e9 du groupe \u00e0 l\u2019\u00e9gard de la soci\u00e9t\u00e9. Il s\u2019engage \u00e0 fournir \u00e0 la population un large acc\u00e8s \u00e0 la culture et \u00e0 la formation, \u00e0 donner aux gens la possibilit\u00e9 de [&hellip;]\" \/>\n<meta property=\"og:url\" content=\"https:\/\/www.m2act.ch\/migros-kulturprozent\/\" \/>\n<meta property=\"og:site_name\" content=\"M2ACT\" \/>\n<meta property=\"article:modified_time\" content=\"2020-11-10T15:53:25+00:00\" \/>\n<meta property=\"og:image\" content=\"https:\/\/www.m2act.ch\/wp-content\/uploads\/2025\/03\/Webbseite_Header.jpg\" \/>\n\t<meta property=\"og:image:width\" content=\"2000\" \/>\n\t<meta property=\"og:image:height\" content=\"640\" \/>\n\t<meta property=\"og:image:type\" content=\"image\/jpeg\" \/>\n<meta name=\"twitter:card\" content=\"summary_large_image\" \/>\n<script type=\"application\/ld+json\" class=\"yoast-schema-graph\">{\"@context\":\"https:\/\/schema.org\",\"@graph\":[{\"@type\":\"WebPage\",\"@id\":\"https:\/\/www.m2act.ch\/migros-kulturprozent\/\",\"url\":\"https:\/\/www.m2act.ch\/migros-kulturprozent\/\",\"name\":\"Le Pour-cent culturel Migros - M2ACT\",\"isPartOf\":{\"@id\":\"https:\/\/www.m2act.ch\/en\/#website\"},\"datePublished\":\"2020-09-25T08:33:51+00:00\",\"dateModified\":\"2020-11-10T15:53:25+00:00\",\"breadcrumb\":{\"@id\":\"https:\/\/www.m2act.ch\/migros-kulturprozent\/#breadcrumb\"},\"inLanguage\":\"fr-FR\",\"potentialAction\":[{\"@type\":\"ReadAction\",\"target\":[\"https:\/\/www.m2act.ch\/migros-kulturprozent\/\"]}]},{\"@type\":\"BreadcrumbList\",\"@id\":\"https:\/\/www.m2act.ch\/migros-kulturprozent\/#breadcrumb\",\"itemListElement\":[{\"@type\":\"ListItem\",\"position\":1,\"name\":\"Startseite\",\"item\":\"https:\/\/www.m2act.ch\/fr\/\"},{\"@type\":\"ListItem\",\"position\":2,\"name\":\"Le Pour-cent culturel Migros\"}]},{\"@type\":\"WebSite\",\"@id\":\"https:\/\/www.m2act.ch\/en\/#website\",\"url\":\"https:\/\/www.m2act.ch\/en\/\",\"name\":\"M2ACT\",\"description\":\"Ein Projekt von Migros Kulturprozent\",\"potentialAction\":[{\"@type\":\"SearchAction\",\"target\":{\"@type\":\"EntryPoint\",\"urlTemplate\":\"https:\/\/www.m2act.ch\/en\/?s={search_term_string}\"},\"query-input\":{\"@type\":\"PropertyValueSpecification\",\"valueRequired\":true,\"valueName\":\"search_term_string\"}}],\"inLanguage\":\"fr-FR\"}]}<\/script>\n<!-- \/ Yoast SEO plugin. -->","yoast_head_json":{"title":"Le Pour-cent culturel Migros - M2ACT","robots":{"index":"index","follow":"follow","max-snippet":"max-snippet:-1","max-image-preview":"max-image-preview:large","max-video-preview":"max-video-preview:-1"},"canonical":"https:\/\/www.m2act.ch\/migros-kulturprozent\/","og_locale":"fr_FR","og_type":"article","og_title":"Le Pour-cent culturel Migros - M2ACT","og_description":"Le Pour-cent culturel Migros est un engagement volontaire de Migros, inscrit dans ses statuts, et qui plonge ses racines dans le sens de responsabilit\u00e9 du groupe \u00e0 l\u2019\u00e9gard de la soci\u00e9t\u00e9. Il s\u2019engage \u00e0 fournir \u00e0 la population un large acc\u00e8s \u00e0 la culture et \u00e0 la formation, \u00e0 donner aux gens la possibilit\u00e9 de [&hellip;]","og_url":"https:\/\/www.m2act.ch\/migros-kulturprozent\/","og_site_name":"M2ACT","article_modified_time":"2020-11-10T15:53:25+00:00","og_image":[{"width":2000,"height":640,"url":"https:\/\/www.m2act.ch\/wp-content\/uploads\/2025\/03\/Webbseite_Header.jpg","type":"image\/jpeg"}],"twitter_card":"summary_large_image","schema":{"@context":"https:\/\/schema.org","@graph":[{"@type":"WebPage","@id":"https:\/\/www.m2act.ch\/migros-kulturprozent\/","url":"https:\/\/www.m2act.ch\/migros-kulturprozent\/","name":"Le Pour-cent culturel Migros - M2ACT","isPartOf":{"@id":"https:\/\/www.m2act.ch\/en\/#website"},"datePublished":"2020-09-25T08:33:51+00:00","dateModified":"2020-11-10T15:53:25+00:00","breadcrumb":{"@id":"https:\/\/www.m2act.ch\/migros-kulturprozent\/#breadcrumb"},"inLanguage":"fr-FR","potentialAction":[{"@type":"ReadAction","target":["https:\/\/www.m2act.ch\/migros-kulturprozent\/"]}]},{"@type":"BreadcrumbList","@id":"https:\/\/www.m2act.ch\/migros-kulturprozent\/#breadcrumb","itemListElement":[{"@type":"ListItem","position":1,"name":"Startseite","item":"https:\/\/www.m2act.ch\/fr\/"},{"@type":"ListItem","position":2,"name":"Le Pour-cent culturel Migros"}]},{"@type":"WebSite","@id":"https:\/\/www.m2act.ch\/en\/#website","url":"https:\/\/www.m2act.ch\/en\/","name":"M2ACT","description":"Ein Projekt von Migros Kulturprozent","potentialAction":[{"@type":"SearchAction","target":{"@type":"EntryPoint","urlTemplate":"https:\/\/www.m2act.ch\/en\/?s={search_term_string}"},"query-input":{"@type":"PropertyValueSpecification","valueRequired":true,"valueName":"search_term_string"}}],"inLanguage":"fr-FR"}]}},"_links":{"self":[{"href":"https:\/\/www.m2act.ch\/fr\/wp-json\/wp\/v2\/pages\/945","targetHints":{"allow":["GET"]}}],"collection":[{"href":"https:\/\/www.m2act.ch\/fr\/wp-json\/wp\/v2\/pages"}],"about":[{"href":"https:\/\/www.m2act.ch\/fr\/wp-json\/wp\/v2\/types\/page"}],"author":[{"embeddable":true,"href":"https:\/\/www.m2act.ch\/fr\/wp-json\/wp\/v2\/users\/1"}],"replies":[{"embeddable":true,"href":"https:\/\/www.m2act.ch\/fr\/wp-json\/wp\/v2\/comments?post=945"}],"version-history":[{"count":2,"href":"https:\/\/www.m2act.ch\/fr\/wp-json\/wp\/v2\/pages\/945\/revisions"}],"predecessor-version":[{"id":1104,"href":"https:\/\/www.m2act.ch\/fr\/wp-json\/wp\/v2\/pages\/945\/revisions\/1104"}],"wp:attachment":[{"href":"https:\/\/www.m2act.ch\/fr\/wp-json\/wp\/v2\/media?parent=945"}],"curies":[{"name":"wp","href":"https:\/\/api.w.org\/{rel}","templated":true}]}}