{"id":8439,"date":"2023-12-15T10:09:05","date_gmt":"2023-12-15T09:09:05","guid":{"rendered":"https:\/\/www.m2act.ch\/?page_id=8439"},"modified":"2024-03-05T08:33:28","modified_gmt":"2024-03-05T07:33:28","slug":"m2act-call-for-action-2024","status":"publish","type":"page","link":"https:\/\/www.m2act.ch\/fr\/m2act-call-for-action-2024\/","title":{"rendered":"m2act Call for Action 2024"},"content":{"rendered":"\n<h2 class=\"wp-block-heading\" id=\"time-to-act-agissons-ensemble-pour-une-pratique-equitable-et-durable-dans-les-arts-de-la-scene\">Team up &amp; make a change \u2013 Faire \u00e9voluer durablement la pratique professionnelle \u00e0 l\u2019aide d\u2019expert-e-x-s<\/h2>\n\n\n\n<p><em>Souhaitez-vous vous atteler \u00e0 un d\u00e9fi actuel et concret de votre r\u00e9alit\u00e9 professionnelle ou changer durablement votre fa\u00e7on de travailler?<\/em><br><br><em>Souhaitez-vous aborder ce processus avec le soutien d\u2019expert-e-x-s?<br><\/em><br><em>Souhaitez-vous utiliser des outils, m\u00e9thodes ou processus sp\u00e9cifiques?<br><\/em><br><em>Votre projet s\u2019inscrit-il dans les objectifs de m2act (pratique \u00e9quitable, durabilit\u00e9, transfert ouvert de connaissances)?<br><\/em><br><em>\u00cates-vous dispos\u00e9-e-x-s \u00e0 effectuer du travail de relations publiques, c\u2019est-\u00e0-dire \u00e0 partager votre travail et votre exp\u00e9rience avec les m\u00e9dias et d\u2019autres acteurs et actrices culturel-le-x-s?<br><\/em><br><em>Avez-vous le temps de peaufiner votre projet d\u2019ici l\u2019\u00e9t\u00e9 2024, puis de le r\u00e9aliser et de le clore d\u2019ici l\u2019\u00e9t\u00e9 2025?<\/em><\/p>\n\n\n\n<p>m2act Call for Action 2024 s\u2019adresse aux <strong>compagnies<\/strong>, <strong>th\u00e9\u00e2tres, festivals, bureaux de production, r\u00e9seaux <\/strong>et autres formations et structures permanentes qui souhaitent aborder <strong>de mani\u00e8re co-cr\u00e9ative<\/strong> \u2013 c\u2019est-\u00e0-dire en collaboration avec des expert-e-x-s \u2013un <strong>d\u00e9fi concret <\/strong>de leur <strong>quotidien professionnel <\/strong>et appliquer <strong>des approches novatrices.<\/strong> Il revient aux candidat-e-x-s de proposer <strong>des expert-e-x-s<\/strong> ainsi que des outils et des m\u00e9thodes qui seront int\u00e9gr\u00e9s au processus.<\/p>\n\n\n\n    <div id=\"text-shadow-box-block_d96f899b2aa075d485c17fe719d38b51\" class=\"mod-text-shadow-box\" data-scheme=\"yellow\">\n\t\t<h3>Que doit contenir la demande?<\/h3>\n<p>Les demandes peuvent \u00eatre d\u00e9pos\u00e9es \u00e0 partir du<strong> 5\u00a0f\u00e9vrier jusqu\u2019au 4 mars 2024<\/strong> via le <strong>formulaire en ligne du Pourcent culturel Migros<\/strong>. Les informations suivantes relatives \u00e0 votre projet y seront (entre autres) requises:<\/p>\n<p><strong>Description du projet:<\/strong><\/p>\n<ul>\n<li>En quoi consiste votre d\u00e9fi ou votre opportunit\u00e9?<\/li>\n<li>Pourquoi est-il important et urgent de vous atteler \u00e0 ce d\u00e9fi?<\/li>\n<li>Comment comptez-vous aborder ce d\u00e9fi? Que pr\u00e9voyez-vous?<\/li>\n<li>De l\u2019expertise de qui aimeriez-vous b\u00e9n\u00e9ficier?<\/li>\n<li>Souhaitez-vous utiliser des outils, m\u00e9thodes ou processus sp\u00e9cifiques? Pourquoi?<\/li>\n<li>Qu\u2019attendez-vous de l\u2019intervention \/ du processus?<\/li>\n<li>Dans quelle mesure un soutien \u00e0 votre projet pourrait-il b\u00e9n\u00e9ficier \u00e0 d\u2019autres organisations ou actrices et acteurs des arts de la sc\u00e8ne?<\/li>\n<li>De quelle mani\u00e8re comptez-vous communiquer publiquement votre projet et partager vos enseignements?<\/li>\n<\/ul>\n<p><strong>Calendrier \/ feuille de route:<\/strong><\/p>\n<ul>\n<li>Comment l\u2019intervention \/ le processus va-t-il se d\u00e9rouler?<\/li>\n<\/ul>\n<p><strong>Budget:<\/strong><\/p>\n<ul>\n<li>Quels sont les co\u00fbts \u00e0 pr\u00e9voir?<\/li>\n<\/ul>\n    <\/div>\n\n\n\n    <div id=\"text-shadow-box-block_8c0cfacfdab264b135510abdddd206b0\" class=\"mod-text-shadow-box\" data-scheme=\"white\">\n\t\t<h3>Quels sont les conditions et les crit\u00e8res d\u2019\u00e9valuation?<\/h3>\n<ul>\n<li>Pertinence pour les arts de la sc\u00e8ne conform\u00e9ment \u00e0 notre appel \u00e0 projets.<\/li>\n<li>Valeur ajout\u00e9e \/ promesse d\u2019utilit\u00e9 pour nombre d\u2019actrices et d\u2019acteurs et de projets dans les arts de la sc\u00e8ne.<\/li>\n<li>Le projet est d\u00e9velopp\u00e9 et mis en \u0153uvre en co-cr\u00e9ation,<\/li>\n<li>repose sur des pratiques \u00e9quitables et durables,<\/li>\n<li>est ax\u00e9 sur les r\u00e9sultats,<\/li>\n<li>a l\u2019ambition d\u2019\u00eatre mis en \u0153uvre de mani\u00e8re professionnelle,<\/li>\n<li>est d\u00e9velopp\u00e9 et r\u00e9alis\u00e9 en Suisse.<\/li>\n<li>Les responsables principaux du projet sont domicili\u00e9s en Suisse.<\/li>\n<\/ul>\n    <\/div>\n\n\n\n    <div id=\"text-shadow-box-block_d32bfd4e2acf6a73bbc4bf86daf54228\" class=\"mod-text-shadow-box\" data-scheme=\"white\">\n\t\t<h3>D\u00e9lais et proc\u00e9dure de s\u00e9lection:<\/h3>\n<ul>\n<li>D\u00e9but de l\u2019appel \u00e0 projets: <strong>5.2.2024<\/strong><\/li>\n<li>R\u00e9union Teams ouverte (de 15 h 00 \u00e0 17 h 00): r\u00e9ponses aux questions relatives \u00e0 l\u2019appel \u00e0 projets et au processus de soutien par l\u2019\u00e9quipe m2act: les <strong>14.2.2024<\/strong> et <strong>27.2.2024<\/strong><\/li>\n<li>Fin de l\u2019appel \u00e0 projets (23\u00a0h\u00a059):<span style=\"text-decoration: underline;\"><strong> 4.3.2024<\/strong><\/span><\/li>\n<li>Invitation \u00e0 la pr\u00e9sentation du projet ou r\u00e9ponse n\u00e9gative: <strong>25.3.2024<\/strong><\/li>\n<li>Pr\u00e9sentation du projet (sur Teams): <strong>10.4.2024<\/strong><\/li>\n<li>Envoi des r\u00e9ponses positives et n\u00e9gatives: <strong>11.4.2024<\/strong><\/li>\n<li>Premier entretien: <strong>18.4.2024<\/strong> ou <strong>24.4.2024<\/strong><\/li>\n<li>Deuxi\u00e8me entretien: <strong>d\u00e9but juin 2024<\/strong><\/li>\n<li>Lancement de la phase de mise en \u0153uvre: <strong>\u00e9t\u00e9 2024<\/strong><\/li>\n<li>Fin du projet et discussion finale: <strong>\u00e9t\u00e9 2025<\/strong><\/li>\n<\/ul>\n    <\/div>\n\n\n\n    <div id=\"text-shadow-box-block_3135abb16f39a256a37ac33e5c5b48ed\" class=\"mod-text-shadow-box\" data-scheme=\"yellow\">\n\t\t<h3>Informations d\u00e9taill\u00e9es sur l\u2019appel \u00e0 projets, le processus et les conditions:<\/h3>\n<ul>\n<li><a href=\"https:\/\/www.m2act.ch\/wp-content\/uploads\/2023\/12\/Merkblatt-Call-for-Action-2024_fr-1.pdf\" target=\"_blank\" rel=\"noopener\">Fiche d\u2019information \u00abm2act \u2013 Call for Action 2024\u00bb<\/a><\/li>\n<li><a href=\"https:\/\/www.m2act.ch\/wp-content\/uploads\/2023\/12\/Termine_Call-for-Action-2024_fr-1.pdf\" target=\"_blank\" rel=\"noopener\">Dates et d\u00e9lais<\/a><\/li>\n<\/ul>\n    <\/div>\n\n\n\n    <div id=\"text-shadow-box-block_f5a7ae4cc5dbbd402e6a5a27cbe99785\" class=\"mod-text-shadow-box\" data-scheme=\"white\">\n\t\t<h3>R\u00e9unions d\u2019information sur Teams<\/h3>\n<p>Avez-vous des questions sur l&rsquo;appel \u00e0 projets 2024? Nous nous tenons \u00e0 votre disposition aux dates suivantes:<\/p>\n<p><strong>14.2.2024, 15 h &#8211; 17 h<\/strong><\/p>\n<p><strong>27.2.2024, 15 h &#8211; 17 h<\/strong><\/p>\n    <\/div>\n\n\n\n<h3 class=\"wp-block-heading\" id=\"qu-est-ce-que-m2act\">Qu\u2019est-ce que m2act?<\/h3>\n\n\n\n<p>Pour-cent culturel Migros m2act soutient des projets qui contribuent \u00e0 une pratique \u00e9quitable et durable dans les arts de la sc\u00e8ne. L\u2019accent porte sur des <a href=\"https:\/\/www.m2act.ch\/fr\/gefoerderte-vorhaben\/\">initiatives<\/a> mises en \u0153uvre en co-cr\u00e9ation, pertinentes pour nombre d\u2019acteurs et d\u2019actrices culturel-les. Nos <a href=\"https:\/\/www.m2act.ch\/fr\/reseau\/\">\u00e9v\u00e9nements de r\u00e9seautage<\/a> offrent une plateforme d\u2019\u00e9change pour \u00e9laborer et tester ensemble des id\u00e9es et des approches d\u2019avenir pour les arts de la sc\u00e8ne. Une <a href=\"https:\/\/www.m2act.ch\/fr\/#toolbox\">Toolbox<\/a> num\u00e9rique permet d\u2019acc\u00e9der aux r\u00e9sultats, perspectives et conseils pratiques issus des \u00e9v\u00e9nements et des projets soutenus.<\/p>\n\n\n\n<p>Informations sur d\u2019autres formats de soutien destin\u00e9s aux arts de la sc\u00e8ne (id\u00e9ation et diffusion) sur: <a href=\"http:\/\/www.migros-kulturprozent.ch\">www.pour-cent-culturel-migros.ch<\/a><\/p>\n","protected":false},"excerpt":{"rendered":"<p>Team up &amp; make a change \u2013 Faire \u00e9voluer durablement la pratique professionnelle \u00e0 l\u2019aide d\u2019expert-e-x-s Souhaitez-vous vous atteler \u00e0 un d\u00e9fi actuel et concret de votre r\u00e9alit\u00e9 professionnelle ou changer durablement votre fa\u00e7on de travailler? Souhaitez-vous aborder ce processus avec le soutien d\u2019expert-e-x-s?Souhaitez-vous utiliser des outils, m\u00e9thodes ou processus sp\u00e9cifiques?Votre projet s\u2019inscrit-il dans les [&hellip;]<\/p>\n","protected":false},"author":2,"featured_media":0,"parent":0,"menu_order":31,"comment_status":"closed","ping_status":"closed","template":"","meta":{"_acf_changed":false,"footnotes":""},"class_list":["post-8439","page","type-page","status-publish","hentry"],"acf":[],"yoast_head":"<!-- This site is optimized with the Yoast SEO plugin v27.2 - https:\/\/yoast.com\/product\/yoast-seo-wordpress\/ -->\n<title>m2act Call for Action 2024 - M2ACT<\/title>\n<meta name=\"robots\" content=\"index, follow, max-snippet:-1, max-image-preview:large, max-video-preview:-1\" \/>\n<link rel=\"canonical\" href=\"https:\/\/www.m2act.ch\/m2act-call-for-action-2024\/\" \/>\n<meta property=\"og:locale\" content=\"fr_FR\" \/>\n<meta property=\"og:type\" content=\"article\" \/>\n<meta property=\"og:title\" content=\"m2act Call for Action 2024 - M2ACT\" \/>\n<meta property=\"og:description\" content=\"Team up &amp; make a change \u2013 Faire \u00e9voluer durablement la pratique professionnelle \u00e0 l\u2019aide d\u2019expert-e-x-s Souhaitez-vous vous atteler \u00e0 un d\u00e9fi actuel et concret de votre r\u00e9alit\u00e9 professionnelle ou changer durablement votre fa\u00e7on de travailler? Souhaitez-vous aborder ce processus avec le soutien d\u2019expert-e-x-s?Souhaitez-vous utiliser des outils, m\u00e9thodes ou processus sp\u00e9cifiques?Votre projet s\u2019inscrit-il dans les [&hellip;]\" \/>\n<meta property=\"og:url\" content=\"https:\/\/www.m2act.ch\/m2act-call-for-action-2024\/\" \/>\n<meta property=\"og:site_name\" content=\"M2ACT\" \/>\n<meta property=\"article:modified_time\" content=\"2024-03-05T07:33:28+00:00\" \/>\n<meta property=\"og:image\" content=\"https:\/\/www.m2act.ch\/wp-content\/uploads\/2025\/03\/Webbseite_Header.jpg\" \/>\n\t<meta property=\"og:image:width\" content=\"2000\" \/>\n\t<meta property=\"og:image:height\" content=\"640\" \/>\n\t<meta property=\"og:image:type\" content=\"image\/jpeg\" \/>\n<meta name=\"twitter:card\" content=\"summary_large_image\" \/>\n<meta name=\"twitter:label1\" content=\"Dur\u00e9e de lecture estim\u00e9e\" \/>\n\t<meta name=\"twitter:data1\" content=\"2 minutes\" \/>\n<script type=\"application\/ld+json\" class=\"yoast-schema-graph\">{\"@context\":\"https:\/\/schema.org\",\"@graph\":[{\"@type\":\"WebPage\",\"@id\":\"https:\/\/www.m2act.ch\/m2act-call-for-action-2024\/\",\"url\":\"https:\/\/www.m2act.ch\/m2act-call-for-action-2024\/\",\"name\":\"m2act Call for Action 2024 - M2ACT\",\"isPartOf\":{\"@id\":\"https:\/\/www.m2act.ch\/en\/#website\"},\"datePublished\":\"2023-12-15T09:09:05+00:00\",\"dateModified\":\"2024-03-05T07:33:28+00:00\",\"breadcrumb\":{\"@id\":\"https:\/\/www.m2act.ch\/m2act-call-for-action-2024\/#breadcrumb\"},\"inLanguage\":\"fr-FR\",\"potentialAction\":[{\"@type\":\"ReadAction\",\"target\":[\"https:\/\/www.m2act.ch\/m2act-call-for-action-2024\/\"]}]},{\"@type\":\"BreadcrumbList\",\"@id\":\"https:\/\/www.m2act.ch\/m2act-call-for-action-2024\/#breadcrumb\",\"itemListElement\":[{\"@type\":\"ListItem\",\"position\":1,\"name\":\"Startseite\",\"item\":\"https:\/\/www.m2act.ch\/fr\/\"},{\"@type\":\"ListItem\",\"position\":2,\"name\":\"m2act Call for Action 2024\"}]},{\"@type\":\"WebSite\",\"@id\":\"https:\/\/www.m2act.ch\/en\/#website\",\"url\":\"https:\/\/www.m2act.ch\/en\/\",\"name\":\"M2ACT\",\"description\":\"Ein Projekt von Migros Kulturprozent\",\"potentialAction\":[{\"@type\":\"SearchAction\",\"target\":{\"@type\":\"EntryPoint\",\"urlTemplate\":\"https:\/\/www.m2act.ch\/en\/?s={search_term_string}\"},\"query-input\":{\"@type\":\"PropertyValueSpecification\",\"valueRequired\":true,\"valueName\":\"search_term_string\"}}],\"inLanguage\":\"fr-FR\"}]}<\/script>\n<!-- \/ Yoast SEO plugin. -->","yoast_head_json":{"title":"m2act Call for Action 2024 - M2ACT","robots":{"index":"index","follow":"follow","max-snippet":"max-snippet:-1","max-image-preview":"max-image-preview:large","max-video-preview":"max-video-preview:-1"},"canonical":"https:\/\/www.m2act.ch\/m2act-call-for-action-2024\/","og_locale":"fr_FR","og_type":"article","og_title":"m2act Call for Action 2024 - M2ACT","og_description":"Team up &amp; make a change \u2013 Faire \u00e9voluer durablement la pratique professionnelle \u00e0 l\u2019aide d\u2019expert-e-x-s Souhaitez-vous vous atteler \u00e0 un d\u00e9fi actuel et concret de votre r\u00e9alit\u00e9 professionnelle ou changer durablement votre fa\u00e7on de travailler? Souhaitez-vous aborder ce processus avec le soutien d\u2019expert-e-x-s?Souhaitez-vous utiliser des outils, m\u00e9thodes ou processus sp\u00e9cifiques?Votre projet s\u2019inscrit-il dans les [&hellip;]","og_url":"https:\/\/www.m2act.ch\/m2act-call-for-action-2024\/","og_site_name":"M2ACT","article_modified_time":"2024-03-05T07:33:28+00:00","og_image":[{"width":2000,"height":640,"url":"https:\/\/www.m2act.ch\/wp-content\/uploads\/2025\/03\/Webbseite_Header.jpg","type":"image\/jpeg"}],"twitter_card":"summary_large_image","twitter_misc":{"Dur\u00e9e de lecture estim\u00e9e":"2 minutes"},"schema":{"@context":"https:\/\/schema.org","@graph":[{"@type":"WebPage","@id":"https:\/\/www.m2act.ch\/m2act-call-for-action-2024\/","url":"https:\/\/www.m2act.ch\/m2act-call-for-action-2024\/","name":"m2act Call for Action 2024 - M2ACT","isPartOf":{"@id":"https:\/\/www.m2act.ch\/en\/#website"},"datePublished":"2023-12-15T09:09:05+00:00","dateModified":"2024-03-05T07:33:28+00:00","breadcrumb":{"@id":"https:\/\/www.m2act.ch\/m2act-call-for-action-2024\/#breadcrumb"},"inLanguage":"fr-FR","potentialAction":[{"@type":"ReadAction","target":["https:\/\/www.m2act.ch\/m2act-call-for-action-2024\/"]}]},{"@type":"BreadcrumbList","@id":"https:\/\/www.m2act.ch\/m2act-call-for-action-2024\/#breadcrumb","itemListElement":[{"@type":"ListItem","position":1,"name":"Startseite","item":"https:\/\/www.m2act.ch\/fr\/"},{"@type":"ListItem","position":2,"name":"m2act Call for Action 2024"}]},{"@type":"WebSite","@id":"https:\/\/www.m2act.ch\/en\/#website","url":"https:\/\/www.m2act.ch\/en\/","name":"M2ACT","description":"Ein Projekt von Migros Kulturprozent","potentialAction":[{"@type":"SearchAction","target":{"@type":"EntryPoint","urlTemplate":"https:\/\/www.m2act.ch\/en\/?s={search_term_string}"},"query-input":{"@type":"PropertyValueSpecification","valueRequired":true,"valueName":"search_term_string"}}],"inLanguage":"fr-FR"}]}},"_links":{"self":[{"href":"https:\/\/www.m2act.ch\/fr\/wp-json\/wp\/v2\/pages\/8439","targetHints":{"allow":["GET"]}}],"collection":[{"href":"https:\/\/www.m2act.ch\/fr\/wp-json\/wp\/v2\/pages"}],"about":[{"href":"https:\/\/www.m2act.ch\/fr\/wp-json\/wp\/v2\/types\/page"}],"author":[{"embeddable":true,"href":"https:\/\/www.m2act.ch\/fr\/wp-json\/wp\/v2\/users\/2"}],"replies":[{"embeddable":true,"href":"https:\/\/www.m2act.ch\/fr\/wp-json\/wp\/v2\/comments?post=8439"}],"version-history":[{"count":19,"href":"https:\/\/www.m2act.ch\/fr\/wp-json\/wp\/v2\/pages\/8439\/revisions"}],"predecessor-version":[{"id":9340,"href":"https:\/\/www.m2act.ch\/fr\/wp-json\/wp\/v2\/pages\/8439\/revisions\/9340"}],"wp:attachment":[{"href":"https:\/\/www.m2act.ch\/fr\/wp-json\/wp\/v2\/media?parent=8439"}],"curies":[{"name":"wp","href":"https:\/\/api.w.org\/{rel}","templated":true}]}}