{"id":6994,"date":"2023-02-01T15:16:40","date_gmt":"2023-02-01T14:16:40","guid":{"rendered":"https:\/\/www.m2act.ch\/?page_id=6994"},"modified":"2023-04-11T09:55:22","modified_gmt":"2023-04-11T07:55:22","slug":"m2act-call-for-action-2023","status":"publish","type":"page","link":"https:\/\/www.m2act.ch\/fr\/m2act-call-for-action-2023\/","title":{"rendered":"m2act Call for Action 2023"},"content":{"rendered":"\n<h2 class=\"wp-block-heading\" id=\"time-to-act-agissons-ensemble-pour-une-pratique-equitable-et-durable-dans-les-arts-de-la-scene\">Team up &amp; make a change \u2013 Faire \u00e9voluer durablement la pratique professionnelle \u00e0 l\u2019aide d\u2019expert-es<\/h2>\n\n\n\n<p><em>Souhaitez-vous vous atteler \u00e0 un d\u00e9fi actuel et concret de votre r\u00e9alit\u00e9 professionnelle ou changer durablement votre fa\u00e7on de travailler?<br><br>Souhaitez-vous aborder ce processus avec le soutien d\u2019expert-es?<br><br>Souhaitez-vous utiliser certains outils, m\u00e9thodes ou processus sp\u00e9cifiques dans ce cadre?<br><br>Retrouve-t-on les objectifs de m2act dans votre projet? (pratique \u00e9quitable, durabilit\u00e9, transfert ouvert de connaissances)<br><br>\u00cates-vous dispos\u00e9-es \u00e0 formaliser et \u00e0 partager vos conclusions sur le processus?<br><br>Avez-vous le temps d\u2019\u00e9laborer votre projet en d\u00e9tail d\u2019ici l\u2019\u00e9t\u00e9 2023 et de le terminer d\u2019ici l\u2019\u00e9t\u00e9 2024?<\/em><\/p>\n\n\n\n<p>Le m2act Call for Action 2023 s\u2019adresse aux <strong>compagnies<\/strong>, <strong>maisons, festivals, bureaux de production, r\u00e9seaux <\/strong>et autres formations et structures permanentes qui souhaitent aborder <strong>de mani\u00e8re co-cr\u00e9ative<\/strong> \u2013 c\u2019est-\u00e0-dire en collaboration avec des expert-es \u2013 un <strong>d\u00e9fi concret <\/strong>de leur <strong>activit\u00e9 quotidienne <\/strong>et appliquer <strong>des pistes de solutions<\/strong>. Les requ\u00e9rant-es peuvent proposer eux-m\u00eames des <strong>expert-es<\/strong> ou, si le projet est s\u00e9lectionn\u00e9, rechercher des personnes appropri\u00e9es en collaboration avec m2act.<\/p>\n\n\n\n    <div id=\"text-shadow-box-block_8d50adaf04fd883fbe52da854a431318\" class=\"mod-text-shadow-box\" data-scheme=\"yellow\">\n\t\t<h3>Que doit contenir la demande?<\/h3>\n<p>Les demandes peuvent \u00eatre d\u00e9pos\u00e9es via le formulaire en ligne du Pour-cent culturel Migros jusqu&rsquo;au 4 avril 2023. Les informations suivantes (entre autres) y seront requises:<\/p>\n<p><strong>Description du projet:<\/strong><\/p>\n<ul>\n<li>En quoi consiste votre d\u00e9fi ou votre opportunit\u00e9?<\/li>\n<li>Pourquoi est-il important et urgent de s\u2019atteler \u00e0 ce d\u00e9fi?<\/li>\n<li>Dans quelle mesure et comment traitez-vous d\u00e9j\u00e0 le d\u00e9fi?<\/li>\n<li>Qui pourrait vous apporter son expertise?<\/li>\n<li>Existe-t-il un \u00abmoyen\u00bb particulier (outil, m\u00e9thode, processus) que vous souhaitez utiliser? Pourquoi?<\/li>\n<li>Qu\u2019esp\u00e9rez-vous de l\u2019intervention \/ du processus?<\/li>\n<li>Dans quelle mesure un soutien \u00e0 votre projet pourrait-il b\u00e9n\u00e9ficier \u00e0 d\u2019autres organisations \/actrices et acteurs des arts sc\u00e9niques?<\/li>\n<\/ul>\n<p><strong>Calendrier \/ feuille de route:<\/strong><\/p>\n<ul>\n<li>Comment l\u2019intervention \/ le processus va-t-il se d\u00e9rouler?<\/li>\n<\/ul>\n<p><strong>Budget:<\/strong><\/p>\n<ul>\n<li>Quels sont les co\u00fbts \u00e0 pr\u00e9voir?<\/li>\n<\/ul>\n    <\/div>\n\n\n\n    <div id=\"text-shadow-box-block_2a7681772ebe288799da61db04d1dece\" class=\"mod-text-shadow-box\" data-scheme=\"white\">\n\t\t<h3>Quels sont les conditions et les crit\u00e8res d\u2019\u00e9valuation?<\/h3>\n<ul>\n<li>Pertinence pour les arts de la sc\u00e8ne conform\u00e9ment \u00e0 notre appel \u00e0 projets.<\/li>\n<li>Valeur ajout\u00e9e \/ promesse d\u2019utilit\u00e9 pour nombre d\u2019actrices et d\u2019acteurs et de projets dans les arts de la sc\u00e8ne.<\/li>\n<li>Le projet est d\u00e9velopp\u00e9 et mis en \u0153uvre en co-cr\u00e9ation,<\/li>\n<li>repose sur des pratiques \u00e9quitables et durables,<\/li>\n<li>est ax\u00e9 sur les r\u00e9sultats,<\/li>\n<li>a l\u2019ambition d\u2019\u00eatre mis en \u0153uvre de mani\u00e8re professionnelle,<\/li>\n<li>est d\u00e9velopp\u00e9 et r\u00e9alis\u00e9 en Suisse.<\/li>\n<li>Les responsables principaux du projet sont domicili\u00e9s en Suisse.<\/li>\n<\/ul>\n    <\/div>\n\n\n\n    <div id=\"text-shadow-box-block_7ff64f011c611be4912f942d46b80055\" class=\"mod-text-shadow-box\" data-scheme=\"white\">\n\t\t<h3>D\u00e9lais et proc\u00e9dure de s\u00e9lection:<\/h3>\n<ul>\n<li>D\u00e9but de l\u2019appel \u00e0 projets \/ ouverture du portail de requ\u00eates: <strong><u>6.3.2023<\/u><\/strong><\/li>\n<li>R\u00e9union Zoom ouverte (de 16\u00a0h \u00e0 18\u00a0h): r\u00e9ponses aux questions relatives \u00e0 l\u2019appel \u00e0 projets et au processus de soutien par l\u2019\u00e9quipe m2act. Les liens Zoom sont publi\u00e9s sur Instagram et www.m2act.ch: <strong>21.3.2023<\/strong> et <strong>23.3.2023<\/strong><\/li>\n<li>Fin de l\u2019appel \u00e0 projets (fermeture du portail de requ\u00eates 23\u00a0h\u00a059):<strong> <u>4.4.2023<\/u><\/strong><\/li>\n<li>Invitation \u00e0 la pr\u00e9sentation du projet ou refus: <strong>28.4.2023<\/strong><\/li>\n<li>Pr\u00e9sentation du projet (sur Zoom): <strong>16.5.2023<\/strong><\/li>\n<li>Envoi des acceptations et des refus: <strong>17.5.2023<\/strong><\/li>\n<li>Premiers entretiens d\u2019\u00e9change \/ de lancement de la phase d\u2019\u00e9laboration: <strong>23.5.2023<\/strong> et <strong>25.5.2023<\/strong><\/li>\n<li>Deuxi\u00e8me entretien d\u2019\u00e9change \/ de lancement de la phase de mise en \u0153uvre &amp; discussion finale: \u00e0 convenir individuellement<\/li>\n<\/ul>\n    <\/div>\n\n\n\n    <div id=\"text-shadow-box-block_0b693f21cde6af11cb04649f0317b79d\" class=\"mod-text-shadow-box\" data-scheme=\"yellow\">\n\t\t<h3>Informations d\u00e9taill\u00e9es sur l\u2019appel \u00e0 projets, le processus et les conditions:<\/h3>\n<ul>\n<li><a href=\"https:\/\/www.m2act.ch\/wp-content\/uploads\/2023\/02\/FR_Notice-explicative-Call-for-Action-2023-1.pdf\" target=\"_blank\" rel=\"noopener\">Fiche d\u2019information \u00abm2act \u2013 Call for Action 2023\u00bb<\/a><\/li>\n<li><a href=\"https:\/\/www.m2act.ch\/wp-content\/uploads\/2023\/03\/FR_Dates_Call-for-Action-2023.pdf\" target=\"_blank\" rel=\"noopener\">Dates<\/a><\/li>\n<\/ul>\n    <\/div>\n\n\n\n    <div id=\"text-shadow-box-block_c6c9aa1396b86ca9571b3ade55893e3b\" class=\"mod-text-shadow-box\" data-scheme=\"white\">\n\t\t<h3>R\u00e9unions d\u2019information sur Zoom<\/h3>\n<p>Avez-vous des questions sur l&rsquo;appel \u00e0 projets 2023? Rejoignez-nous sur Zoom:<\/p>\n<p><span data-contrast=\"none\"><strong>21.03.2023<\/strong>: 16 h \u00e0 17 h en allemand &amp; anglais, 17 h \u00e0 18 h en fran\u00e7ais &amp; anglais<\/span><\/p>\n<p><strong>23.03.2023<\/strong>: 16 h \u00e0 17 h en fran\u00e7ais &amp; italien, 17 h \u00e0 18 h\u00a0en allemand &amp; anglais<\/p>\n    <\/div>\n\n\n\n<h3 class=\"wp-block-heading\" id=\"qu-est-ce-que-m2act\">Qu\u2019est-ce que m2act?<\/h3>\n\n\n\n<p>m2act soutient des projets qui contribuent \u00e0 une pratique \u00e9quitable et durable dans les arts de la sc\u00e8ne. L\u2019accent porte sur des <a href=\"https:\/\/www.m2act.ch\/fr\/gefoerderte-vorhaben\/\">initiatives<\/a> mises en \u0153uvre en co-cr\u00e9ation, pertinentes pour nombre d\u2019acteurs et d\u2019actrices culturel-les. Nos <a href=\"https:\/\/www.m2act.ch\/fr\/reseau\/\">\u00e9v\u00e9nements de r\u00e9seautage<\/a> offrent une plateforme d\u2019\u00e9change pour \u00e9laborer et tester ensemble des id\u00e9es et des approches d\u2019avenir pour les arts de la sc\u00e8ne. Une <a href=\"https:\/\/www.m2act.ch\/fr\/#toolbox\">Toolbox<\/a> num\u00e9rique permet d\u2019acc\u00e9der aux r\u00e9sultats, perspectives et conseils pratiques issus des \u00e9v\u00e9nements et des projets soutenus.<\/p>\n\n\n\n<p>Informations sur d\u2019autres formats de soutien destin\u00e9s aux arts de la sc\u00e8ne (id\u00e9ation et diffusion) sur: <a href=\"http:\/\/www.migros-kulturprozent.ch\">www.pour-cent-culturel-migros.ch<\/a><\/p>\n","protected":false},"excerpt":{"rendered":"<p>Team up &amp; make a change \u2013 Faire \u00e9voluer durablement la pratique professionnelle \u00e0 l\u2019aide d\u2019expert-es Souhaitez-vous vous atteler \u00e0 un d\u00e9fi actuel et concret de votre r\u00e9alit\u00e9 professionnelle ou changer durablement votre fa\u00e7on de travailler? Souhaitez-vous aborder ce processus avec le soutien d\u2019expert-es? Souhaitez-vous utiliser certains outils, m\u00e9thodes ou processus sp\u00e9cifiques dans ce cadre? [&hellip;]<\/p>\n","protected":false},"author":2,"featured_media":0,"parent":0,"menu_order":17,"comment_status":"closed","ping_status":"closed","template":"","meta":{"_acf_changed":false,"footnotes":""},"class_list":["post-6994","page","type-page","status-publish","hentry"],"acf":[],"yoast_head":"<!-- This site is optimized with the Yoast SEO plugin v27.2 - https:\/\/yoast.com\/product\/yoast-seo-wordpress\/ -->\n<title>m2act Call for Action 2023 - M2ACT<\/title>\n<meta name=\"robots\" content=\"index, follow, max-snippet:-1, max-image-preview:large, max-video-preview:-1\" \/>\n<link rel=\"canonical\" href=\"https:\/\/www.m2act.ch\/m2act-call-for-action-2023\/\" \/>\n<meta property=\"og:locale\" content=\"fr_FR\" \/>\n<meta property=\"og:type\" content=\"article\" \/>\n<meta property=\"og:title\" content=\"m2act Call for Action 2023 - M2ACT\" \/>\n<meta property=\"og:description\" content=\"Team up &amp; make a change \u2013 Faire \u00e9voluer durablement la pratique professionnelle \u00e0 l\u2019aide d\u2019expert-es Souhaitez-vous vous atteler \u00e0 un d\u00e9fi actuel et concret de votre r\u00e9alit\u00e9 professionnelle ou changer durablement votre fa\u00e7on de travailler? Souhaitez-vous aborder ce processus avec le soutien d\u2019expert-es? Souhaitez-vous utiliser certains outils, m\u00e9thodes ou processus sp\u00e9cifiques dans ce cadre? [&hellip;]\" \/>\n<meta property=\"og:url\" content=\"https:\/\/www.m2act.ch\/m2act-call-for-action-2023\/\" \/>\n<meta property=\"og:site_name\" content=\"M2ACT\" \/>\n<meta property=\"article:modified_time\" content=\"2023-04-11T07:55:22+00:00\" \/>\n<meta property=\"og:image\" content=\"https:\/\/www.m2act.ch\/wp-content\/uploads\/2025\/03\/Webbseite_Header.jpg\" \/>\n\t<meta property=\"og:image:width\" content=\"2000\" \/>\n\t<meta property=\"og:image:height\" content=\"640\" \/>\n\t<meta property=\"og:image:type\" content=\"image\/jpeg\" \/>\n<meta name=\"twitter:card\" content=\"summary_large_image\" \/>\n<meta name=\"twitter:label1\" content=\"Dur\u00e9e de lecture estim\u00e9e\" \/>\n\t<meta name=\"twitter:data1\" content=\"2 minutes\" \/>\n<script type=\"application\/ld+json\" class=\"yoast-schema-graph\">{\"@context\":\"https:\/\/schema.org\",\"@graph\":[{\"@type\":\"WebPage\",\"@id\":\"https:\/\/www.m2act.ch\/m2act-call-for-action-2023\/\",\"url\":\"https:\/\/www.m2act.ch\/m2act-call-for-action-2023\/\",\"name\":\"m2act Call for Action 2023 - M2ACT\",\"isPartOf\":{\"@id\":\"https:\/\/www.m2act.ch\/en\/#website\"},\"datePublished\":\"2023-02-01T14:16:40+00:00\",\"dateModified\":\"2023-04-11T07:55:22+00:00\",\"breadcrumb\":{\"@id\":\"https:\/\/www.m2act.ch\/m2act-call-for-action-2023\/#breadcrumb\"},\"inLanguage\":\"fr-FR\",\"potentialAction\":[{\"@type\":\"ReadAction\",\"target\":[\"https:\/\/www.m2act.ch\/m2act-call-for-action-2023\/\"]}]},{\"@type\":\"BreadcrumbList\",\"@id\":\"https:\/\/www.m2act.ch\/m2act-call-for-action-2023\/#breadcrumb\",\"itemListElement\":[{\"@type\":\"ListItem\",\"position\":1,\"name\":\"Startseite\",\"item\":\"https:\/\/www.m2act.ch\/fr\/\"},{\"@type\":\"ListItem\",\"position\":2,\"name\":\"m2act Call for Action 2023\"}]},{\"@type\":\"WebSite\",\"@id\":\"https:\/\/www.m2act.ch\/en\/#website\",\"url\":\"https:\/\/www.m2act.ch\/en\/\",\"name\":\"M2ACT\",\"description\":\"Ein Projekt von Migros Kulturprozent\",\"potentialAction\":[{\"@type\":\"SearchAction\",\"target\":{\"@type\":\"EntryPoint\",\"urlTemplate\":\"https:\/\/www.m2act.ch\/en\/?s={search_term_string}\"},\"query-input\":{\"@type\":\"PropertyValueSpecification\",\"valueRequired\":true,\"valueName\":\"search_term_string\"}}],\"inLanguage\":\"fr-FR\"}]}<\/script>\n<!-- \/ Yoast SEO plugin. -->","yoast_head_json":{"title":"m2act Call for Action 2023 - M2ACT","robots":{"index":"index","follow":"follow","max-snippet":"max-snippet:-1","max-image-preview":"max-image-preview:large","max-video-preview":"max-video-preview:-1"},"canonical":"https:\/\/www.m2act.ch\/m2act-call-for-action-2023\/","og_locale":"fr_FR","og_type":"article","og_title":"m2act Call for Action 2023 - M2ACT","og_description":"Team up &amp; make a change \u2013 Faire \u00e9voluer durablement la pratique professionnelle \u00e0 l\u2019aide d\u2019expert-es Souhaitez-vous vous atteler \u00e0 un d\u00e9fi actuel et concret de votre r\u00e9alit\u00e9 professionnelle ou changer durablement votre fa\u00e7on de travailler? Souhaitez-vous aborder ce processus avec le soutien d\u2019expert-es? Souhaitez-vous utiliser certains outils, m\u00e9thodes ou processus sp\u00e9cifiques dans ce cadre? [&hellip;]","og_url":"https:\/\/www.m2act.ch\/m2act-call-for-action-2023\/","og_site_name":"M2ACT","article_modified_time":"2023-04-11T07:55:22+00:00","og_image":[{"width":2000,"height":640,"url":"https:\/\/www.m2act.ch\/wp-content\/uploads\/2025\/03\/Webbseite_Header.jpg","type":"image\/jpeg"}],"twitter_card":"summary_large_image","twitter_misc":{"Dur\u00e9e de lecture estim\u00e9e":"2 minutes"},"schema":{"@context":"https:\/\/schema.org","@graph":[{"@type":"WebPage","@id":"https:\/\/www.m2act.ch\/m2act-call-for-action-2023\/","url":"https:\/\/www.m2act.ch\/m2act-call-for-action-2023\/","name":"m2act Call for Action 2023 - M2ACT","isPartOf":{"@id":"https:\/\/www.m2act.ch\/en\/#website"},"datePublished":"2023-02-01T14:16:40+00:00","dateModified":"2023-04-11T07:55:22+00:00","breadcrumb":{"@id":"https:\/\/www.m2act.ch\/m2act-call-for-action-2023\/#breadcrumb"},"inLanguage":"fr-FR","potentialAction":[{"@type":"ReadAction","target":["https:\/\/www.m2act.ch\/m2act-call-for-action-2023\/"]}]},{"@type":"BreadcrumbList","@id":"https:\/\/www.m2act.ch\/m2act-call-for-action-2023\/#breadcrumb","itemListElement":[{"@type":"ListItem","position":1,"name":"Startseite","item":"https:\/\/www.m2act.ch\/fr\/"},{"@type":"ListItem","position":2,"name":"m2act Call for Action 2023"}]},{"@type":"WebSite","@id":"https:\/\/www.m2act.ch\/en\/#website","url":"https:\/\/www.m2act.ch\/en\/","name":"M2ACT","description":"Ein Projekt von Migros Kulturprozent","potentialAction":[{"@type":"SearchAction","target":{"@type":"EntryPoint","urlTemplate":"https:\/\/www.m2act.ch\/en\/?s={search_term_string}"},"query-input":{"@type":"PropertyValueSpecification","valueRequired":true,"valueName":"search_term_string"}}],"inLanguage":"fr-FR"}]}},"_links":{"self":[{"href":"https:\/\/www.m2act.ch\/fr\/wp-json\/wp\/v2\/pages\/6994","targetHints":{"allow":["GET"]}}],"collection":[{"href":"https:\/\/www.m2act.ch\/fr\/wp-json\/wp\/v2\/pages"}],"about":[{"href":"https:\/\/www.m2act.ch\/fr\/wp-json\/wp\/v2\/types\/page"}],"author":[{"embeddable":true,"href":"https:\/\/www.m2act.ch\/fr\/wp-json\/wp\/v2\/users\/2"}],"replies":[{"embeddable":true,"href":"https:\/\/www.m2act.ch\/fr\/wp-json\/wp\/v2\/comments?post=6994"}],"version-history":[{"count":27,"href":"https:\/\/www.m2act.ch\/fr\/wp-json\/wp\/v2\/pages\/6994\/revisions"}],"predecessor-version":[{"id":7472,"href":"https:\/\/www.m2act.ch\/fr\/wp-json\/wp\/v2\/pages\/6994\/revisions\/7472"}],"wp:attachment":[{"href":"https:\/\/www.m2act.ch\/fr\/wp-json\/wp\/v2\/media?parent=6994"}],"curies":[{"name":"wp","href":"https:\/\/api.w.org\/{rel}","templated":true}]}}