{"id":3675,"date":"2021-08-16T13:47:10","date_gmt":"2021-08-16T11:47:10","guid":{"rendered":"https:\/\/www.m2act.ch\/?page_id=3675"},"modified":"2025-02-11T17:24:40","modified_gmt":"2025-02-11T16:24:40","slug":"idee","status":"publish","type":"page","link":"https:\/\/www.m2act.ch\/fr\/idee\/","title":{"rendered":"Sur m2act"},"content":{"rendered":"\n<h3 class=\"wp-block-heading\">M2ACT ENCOURAGE LA <a href=\"https:\/\/www.m2act.ch\/fr\/glossar\/\">CO-CR\u00c9ATION CULTURELLE<\/a><\/h3>\n\n\n\n<p>Nous encourageons des processus et des projets d\u00e9velopp\u00e9s et r\u00e9alis\u00e9s par des actrices et acteurs culturel-les ensemble et de mani\u00e8re \u00e9galitaire avec d\u2019autres sp\u00e9cialistes.&nbsp;La collaboration combine des mani\u00e8res de travailler artistiques avec des m\u00e9thodes et des formats provenant d\u2019autres domaines tels que les affaires sociales, l\u2019\u00e9conomie, la soci\u00e9t\u00e9, la recherche, la science et la politique. Ces interfaces rec\u00e8lent un potentiel de cr\u00e9ation culturelle participative, novatrice et tourn\u00e9e vers l\u2019avenir.<\/p>\n\n\n\n<p><\/p>\n\n\n\n<h3 class=\"wp-block-heading\">M2ACT SOUTIENT LE <a href=\"https:\/\/www.m2act.ch\/fr\/glossar\/\">TRANSFERT OUVERT DE CONNAISSANCES<\/a><\/h3>\n\n\n\n<p>L\u2019\u00e9change d\u2019id\u00e9es, d\u2019approches, d\u2019exp\u00e9riences et de connaissances fait partie de notre ADN. Des aper\u00e7us et des r\u00e9sultats de toutes les activit\u00e9s sont document\u00e9s, trait\u00e9s et mis \u00e0 disposition des parties int\u00e9ress\u00e9es pour une utilisation et un d\u00e9veloppement ult\u00e9rieurs libres. Le transfert ouvert de connaissances favorise le changement durable et orient\u00e9 vers l\u2019avenir des processus et des structures dans les arts de la sc\u00e8ne.<\/p>\n\n\n\n<p><\/p>\n\n\n\n<h3 class=\"wp-block-heading\">M2ACT S\u2019ENGAGE POUR DES <a href=\"https:\/\/www.m2act.ch\/fr\/glossar\/\">PRATIQUES \u00c9QUITABLES<\/a><\/h3>\n\n\n\n<p>L\u2019\u00e9galit\u00e9, l\u2019inclusion et la durabilit\u00e9 sont les conditions de base de toutes les activit\u00e9s et offres du projet de soutien et de mise en r\u00e9seau. Nous accordons une grande importance \u00e0 l\u2019\u00e9galit\u00e9 sociale, des r\u00f4les et des genres, \u00e0 l\u2019attention port\u00e9e \u00e0 soi-m\u00eame et aux autres, et \u00e0 une r\u00e9mun\u00e9ration \u00e9quitable pour toutes les parties impliqu\u00e9es dans les projets de collaboration.<\/p>\n\n\n\n<p><\/p>\n\n\n\n<h3 class=\"wp-block-heading\">M2ACT SE CONSACRE AUX <a href=\"https:\/\/www.m2act.ch\/fr\/glossar\/\">STRUCTURES DURABLES<\/a><\/h3>\n\n\n\n<p>Les conditions-cadres, les processus et l\u2019environnement de travail dans les arts de la sc\u00e8ne doivent \u00eatre durables. Ils sont bas\u00e9s sur une utilisation consciente et responsable des ressources \u00e9cologiques, \u00e9conomiques et humaines. En collaboration avec d\u2019autres parties prenantes, nous d\u00e9veloppons des bases partageables et contraignantes pour des structures durables dans les arts de la sc\u00e8ne.&nbsp;<\/p>\n\n\n\n<div style=\"height:100px\" aria-hidden=\"true\" class=\"wp-block-spacer\"><\/div>\n\n\n\n<div id=\"testimonial-block_84525b29bd804cf28b1c25b14129d215\" class=\"mod-stoerer-button\">\n    <a href=\"https:\/\/www.m2act.ch\/fr\/glossar\/\" target=\"\" class=\"inner\">\n        <span class=\"title\">\n            Glossaire        <\/span>\n        <span class=\"more\">\n                        <\/span>\n    <\/a>\n<\/div>\n\n\n<p><br>Le <a href=\"https:\/\/www.m2act.ch\/fr\/glossar\/\">glossaire<\/a> renferme des informations compl\u00e9mentaires sur notre compr\u00e9hension de la co-cr\u00e9ation culturelle, du transfert ouvert de connaissances, des pratiques \u00e9quitables et des structures durables.\u00a0<\/p>\n","protected":false},"excerpt":{"rendered":"<p>M2ACT ENCOURAGE LA CO-CR\u00c9ATION CULTURELLE Nous encourageons des processus et des projets d\u00e9velopp\u00e9s et r\u00e9alis\u00e9s par des actrices et acteurs culturel-les ensemble et de mani\u00e8re \u00e9galitaire avec d\u2019autres sp\u00e9cialistes.&nbsp;La collaboration combine des mani\u00e8res de travailler artistiques avec des m\u00e9thodes et des formats provenant d\u2019autres domaines tels que les affaires sociales, l\u2019\u00e9conomie, la soci\u00e9t\u00e9, la recherche, [&hellip;]<\/p>\n","protected":false},"author":2,"featured_media":0,"parent":0,"menu_order":65,"comment_status":"closed","ping_status":"closed","template":"","meta":{"_acf_changed":false,"footnotes":""},"class_list":["post-3675","page","type-page","status-publish","hentry"],"acf":[],"yoast_head":"<!-- This site is optimized with the Yoast SEO plugin v27.2 - https:\/\/yoast.com\/product\/yoast-seo-wordpress\/ -->\n<title>Sur m2act - M2ACT<\/title>\n<meta name=\"robots\" content=\"index, follow, max-snippet:-1, max-image-preview:large, max-video-preview:-1\" \/>\n<link rel=\"canonical\" href=\"https:\/\/www.m2act.ch\/fr\/idee\/\" \/>\n<meta property=\"og:locale\" content=\"fr_FR\" \/>\n<meta property=\"og:type\" content=\"article\" \/>\n<meta property=\"og:title\" content=\"Sur m2act - M2ACT\" \/>\n<meta property=\"og:description\" content=\"M2ACT ENCOURAGE LA CO-CR\u00c9ATION CULTURELLE Nous encourageons des processus et des projets d\u00e9velopp\u00e9s et r\u00e9alis\u00e9s par des actrices et acteurs culturel-les ensemble et de mani\u00e8re \u00e9galitaire avec d\u2019autres sp\u00e9cialistes.&nbsp;La collaboration combine des mani\u00e8res de travailler artistiques avec des m\u00e9thodes et des formats provenant d\u2019autres domaines tels que les affaires sociales, l\u2019\u00e9conomie, la soci\u00e9t\u00e9, la recherche, [&hellip;]\" \/>\n<meta property=\"og:url\" content=\"https:\/\/www.m2act.ch\/fr\/idee\/\" \/>\n<meta property=\"og:site_name\" content=\"M2ACT\" \/>\n<meta property=\"article:modified_time\" content=\"2025-02-11T16:24:40+00:00\" \/>\n<meta property=\"og:image\" content=\"https:\/\/www.m2act.ch\/wp-content\/uploads\/2025\/03\/Webbseite_Header.jpg\" \/>\n\t<meta property=\"og:image:width\" content=\"2000\" \/>\n\t<meta property=\"og:image:height\" content=\"640\" \/>\n\t<meta property=\"og:image:type\" content=\"image\/jpeg\" \/>\n<meta name=\"twitter:card\" content=\"summary_large_image\" \/>\n<meta name=\"twitter:label1\" content=\"Dur\u00e9e de lecture estim\u00e9e\" \/>\n\t<meta name=\"twitter:data1\" content=\"2 minutes\" \/>\n<script type=\"application\/ld+json\" class=\"yoast-schema-graph\">{\"@context\":\"https:\/\/schema.org\",\"@graph\":[{\"@type\":\"WebPage\",\"@id\":\"https:\/\/www.m2act.ch\/fr\/idee\/\",\"url\":\"https:\/\/www.m2act.ch\/fr\/idee\/\",\"name\":\"Sur m2act - M2ACT\",\"isPartOf\":{\"@id\":\"https:\/\/www.m2act.ch\/en\/#website\"},\"datePublished\":\"2021-08-16T11:47:10+00:00\",\"dateModified\":\"2025-02-11T16:24:40+00:00\",\"breadcrumb\":{\"@id\":\"https:\/\/www.m2act.ch\/fr\/idee\/#breadcrumb\"},\"inLanguage\":\"fr-FR\",\"potentialAction\":[{\"@type\":\"ReadAction\",\"target\":[\"https:\/\/www.m2act.ch\/fr\/idee\/\"]}]},{\"@type\":\"BreadcrumbList\",\"@id\":\"https:\/\/www.m2act.ch\/fr\/idee\/#breadcrumb\",\"itemListElement\":[{\"@type\":\"ListItem\",\"position\":1,\"name\":\"Startseite\",\"item\":\"https:\/\/www.m2act.ch\/fr\/\"},{\"@type\":\"ListItem\",\"position\":2,\"name\":\"Sur m2act\"}]},{\"@type\":\"WebSite\",\"@id\":\"https:\/\/www.m2act.ch\/en\/#website\",\"url\":\"https:\/\/www.m2act.ch\/en\/\",\"name\":\"M2ACT\",\"description\":\"Ein Projekt von Migros Kulturprozent\",\"potentialAction\":[{\"@type\":\"SearchAction\",\"target\":{\"@type\":\"EntryPoint\",\"urlTemplate\":\"https:\/\/www.m2act.ch\/en\/?s={search_term_string}\"},\"query-input\":{\"@type\":\"PropertyValueSpecification\",\"valueRequired\":true,\"valueName\":\"search_term_string\"}}],\"inLanguage\":\"fr-FR\"}]}<\/script>\n<!-- \/ Yoast SEO plugin. -->","yoast_head_json":{"title":"Sur m2act - M2ACT","robots":{"index":"index","follow":"follow","max-snippet":"max-snippet:-1","max-image-preview":"max-image-preview:large","max-video-preview":"max-video-preview:-1"},"canonical":"https:\/\/www.m2act.ch\/fr\/idee\/","og_locale":"fr_FR","og_type":"article","og_title":"Sur m2act - M2ACT","og_description":"M2ACT ENCOURAGE LA CO-CR\u00c9ATION CULTURELLE Nous encourageons des processus et des projets d\u00e9velopp\u00e9s et r\u00e9alis\u00e9s par des actrices et acteurs culturel-les ensemble et de mani\u00e8re \u00e9galitaire avec d\u2019autres sp\u00e9cialistes.&nbsp;La collaboration combine des mani\u00e8res de travailler artistiques avec des m\u00e9thodes et des formats provenant d\u2019autres domaines tels que les affaires sociales, l\u2019\u00e9conomie, la soci\u00e9t\u00e9, la recherche, [&hellip;]","og_url":"https:\/\/www.m2act.ch\/fr\/idee\/","og_site_name":"M2ACT","article_modified_time":"2025-02-11T16:24:40+00:00","og_image":[{"width":2000,"height":640,"url":"https:\/\/www.m2act.ch\/wp-content\/uploads\/2025\/03\/Webbseite_Header.jpg","type":"image\/jpeg"}],"twitter_card":"summary_large_image","twitter_misc":{"Dur\u00e9e de lecture estim\u00e9e":"2 minutes"},"schema":{"@context":"https:\/\/schema.org","@graph":[{"@type":"WebPage","@id":"https:\/\/www.m2act.ch\/fr\/idee\/","url":"https:\/\/www.m2act.ch\/fr\/idee\/","name":"Sur m2act - M2ACT","isPartOf":{"@id":"https:\/\/www.m2act.ch\/en\/#website"},"datePublished":"2021-08-16T11:47:10+00:00","dateModified":"2025-02-11T16:24:40+00:00","breadcrumb":{"@id":"https:\/\/www.m2act.ch\/fr\/idee\/#breadcrumb"},"inLanguage":"fr-FR","potentialAction":[{"@type":"ReadAction","target":["https:\/\/www.m2act.ch\/fr\/idee\/"]}]},{"@type":"BreadcrumbList","@id":"https:\/\/www.m2act.ch\/fr\/idee\/#breadcrumb","itemListElement":[{"@type":"ListItem","position":1,"name":"Startseite","item":"https:\/\/www.m2act.ch\/fr\/"},{"@type":"ListItem","position":2,"name":"Sur m2act"}]},{"@type":"WebSite","@id":"https:\/\/www.m2act.ch\/en\/#website","url":"https:\/\/www.m2act.ch\/en\/","name":"M2ACT","description":"Ein Projekt von Migros Kulturprozent","potentialAction":[{"@type":"SearchAction","target":{"@type":"EntryPoint","urlTemplate":"https:\/\/www.m2act.ch\/en\/?s={search_term_string}"},"query-input":{"@type":"PropertyValueSpecification","valueRequired":true,"valueName":"search_term_string"}}],"inLanguage":"fr-FR"}]}},"_links":{"self":[{"href":"https:\/\/www.m2act.ch\/fr\/wp-json\/wp\/v2\/pages\/3675","targetHints":{"allow":["GET"]}}],"collection":[{"href":"https:\/\/www.m2act.ch\/fr\/wp-json\/wp\/v2\/pages"}],"about":[{"href":"https:\/\/www.m2act.ch\/fr\/wp-json\/wp\/v2\/types\/page"}],"author":[{"embeddable":true,"href":"https:\/\/www.m2act.ch\/fr\/wp-json\/wp\/v2\/users\/2"}],"replies":[{"embeddable":true,"href":"https:\/\/www.m2act.ch\/fr\/wp-json\/wp\/v2\/comments?post=3675"}],"version-history":[{"count":7,"href":"https:\/\/www.m2act.ch\/fr\/wp-json\/wp\/v2\/pages\/3675\/revisions"}],"predecessor-version":[{"id":10754,"href":"https:\/\/www.m2act.ch\/fr\/wp-json\/wp\/v2\/pages\/3675\/revisions\/10754"}],"wp:attachment":[{"href":"https:\/\/www.m2act.ch\/fr\/wp-json\/wp\/v2\/media?parent=3675"}],"curies":[{"name":"wp","href":"https:\/\/api.w.org\/{rel}","templated":true}]}}