{"id":15269,"date":"2026-03-16T16:35:32","date_gmt":"2026-03-16T15:35:32","guid":{"rendered":"https:\/\/www.m2act.ch\/?page_id=15269"},"modified":"2026-03-18T09:41:38","modified_gmt":"2026-03-18T08:41:38","slug":"m2act-x-cooperative-vaud","status":"publish","type":"page","link":"https:\/\/www.m2act.ch\/fr\/m2act-x-cooperative-vaud\/","title":{"rendered":"m2act x Coop\u00e9rative Vaud"},"content":{"rendered":"\n<p>Le 26 f\u00e9vrier 2026, la rencontre r\u00e9seau m2act x Coop\u00e9rative Vaud a eu lieu au Th\u00e9\u00e2tre Le Reflet \u00e0 Vevey. 20 acteur.trice.s de la sc\u00e8ne artistique et culturelle r\u00e9gionale, issus du th\u00e9\u00e2tre, de la danse, de la musique et de la litt\u00e9rature, ont particip\u00e9. Le soutien de m2act et du Pour-cent culturel Migros Vaud a \u00e9t\u00e9 pr\u00e9sent\u00e9. Le programme \u00e9tait enti\u00e8rement plac\u00e9 sous le signe de l&rsquo;inclusion. Tout d&rsquo;abord, 30 minutes du film \u00ab\u202f<a href=\"https:\/\/www.m2act.ch\/fr\/toolbox\/alle-inklusive-ein-kleintheater-will-mehr\/\">Alle inklusive &#8211; Ein Kleintheater will mehr\u202f<\/a>\u00bb ont \u00e9t\u00e9 projet\u00e9es, suivies d\u2019un atelier dirig\u00e9 par le <a href=\"https:\/\/www.m2act.ch\/fr\/projects\/kleintheater-luzern\/\">Kleintheater Luzern<\/a>, visant \u00e0 d\u00e9velopper des mesures concr\u00e8tes pour r\u00e9duire les obstacles. Il s\u2019est av\u00e9r\u00e9 que 90 minutes suffisent pour \u00e9laborer des premi\u00e8res mesures concr\u00e8tes et surtout r\u00e9alisables pour am\u00e9liorer l\u2019accessibilit\u00e9, permettant \u00e0 chacun.e de passer rapidement \u00e0 l\u2019action. L\u2019apr\u00e8s-midi s\u2019est termin\u00e9 par un ap\u00e9ro riche.<\/p>\n\n\n<div id=\"bild-slider-block_793f7ee63eb30099261ef34d863c5dad\" class=\"mod-bild-slider\">\n\t\t\t\t\t            <div class=\"slider\">\n\t\t\t\t                        <div class=\"slide\">\n                            <img decoding=\"async\" class=\"slide-image\"\n                                 srcset=\"https:\/\/www.m2act.ch\/wp-content\/uploads\/2026\/03\/image00003-scaled-1580x920c.jpeg 2x, https:\/\/www.m2act.ch\/wp-content\/uploads\/2026\/03\/image00003-scaled-790x460c.jpeg 1x\"\n                                 src=\"https:\/\/www.m2act.ch\/wp-content\/uploads\/2026\/03\/image00003-scaled-150x150c.jpeg\"\n                                 alt=\"\"\n                            >\n                        <\/div>\n\t\t\t\t\t            <\/div>\n\t\t\t<\/div>\n\n\n<div class=\"wp-bootstrap-blocks-row row\">\n\t\n\n<div class=\"col-12 col-md-6\">\n\t\t\t\n<div id=\"bild-slider-block_2eb96690fb4b63127bf801e0bdcaa715\" class=\"mod-bild-slider\">\n\t\t\t\t\t            <div class=\"slider\">\n\t\t\t\t                        <div class=\"slide\">\n                            <img decoding=\"async\" class=\"slide-image\"\n                                 srcset=\"https:\/\/www.m2act.ch\/wp-content\/uploads\/2026\/03\/image00018-scaled-1580x920c.jpeg 2x, https:\/\/www.m2act.ch\/wp-content\/uploads\/2026\/03\/image00018-scaled-790x460c.jpeg 1x\"\n                                 src=\"https:\/\/www.m2act.ch\/wp-content\/uploads\/2026\/03\/image00018-scaled-150x150c.jpeg\"\n                                 alt=\"\"\n                            >\n                        <\/div>\n\t\t\t\t\t            <\/div>\n\t\t\t<\/div>\n\n\t<\/div>\n\n\n\n<div class=\"col-12 col-md-6\">\n\t\t\t\n<div id=\"bild-slider-block_5f2dc81589c5a6e12a273d27d3caf4b1\" class=\"mod-bild-slider\">\n\t\t\t\t\t            <div class=\"slider\">\n\t\t\t\t                        <div class=\"slide\">\n                            <img decoding=\"async\" class=\"slide-image\"\n                                 srcset=\"https:\/\/www.m2act.ch\/wp-content\/uploads\/2026\/03\/image00011-scaled-1580x920c.jpeg 2x, https:\/\/www.m2act.ch\/wp-content\/uploads\/2026\/03\/image00011-scaled-790x460c.jpeg 1x\"\n                                 src=\"https:\/\/www.m2act.ch\/wp-content\/uploads\/2026\/03\/image00011-scaled-150x150c.jpeg\"\n                                 alt=\"\"\n                            >\n                        <\/div>\n\t\t\t\t\t            <\/div>\n\t\t\t<\/div>\n\n\t<\/div>\n\n<\/div>\n\n\n<div id=\"bild-slider-block_179ed40c895a27a65f6a3b9e0ccba130\" class=\"mod-bild-slider\">\n\t\t\t\t\t            <div class=\"slider\">\n\t\t\t\t                        <div class=\"slide\">\n                            <img decoding=\"async\" class=\"slide-image\"\n                                 srcset=\"https:\/\/www.m2act.ch\/wp-content\/uploads\/2026\/03\/image00039-scaled-1580x920c.jpeg 2x, https:\/\/www.m2act.ch\/wp-content\/uploads\/2026\/03\/image00039-scaled-790x460c.jpeg 1x\"\n                                 src=\"https:\/\/www.m2act.ch\/wp-content\/uploads\/2026\/03\/image00039-scaled-150x150c.jpeg\"\n                                 alt=\"\"\n                            >\n                        <\/div>\n\t\t\t\t\t            <\/div>\n\t\t\t<\/div>\n\n\n\n<p>Images : Dino Radoncic et Valeria Scheidegger<\/p>\n","protected":false},"excerpt":{"rendered":"<p>Le 26 f\u00e9vrier 2026, la rencontre r\u00e9seau m2act x Coop\u00e9rative Vaud a eu lieu au Th\u00e9\u00e2tre Le Reflet \u00e0 Vevey. 20 acteur.trice.s de la sc\u00e8ne artistique et culturelle r\u00e9gionale, issus du th\u00e9\u00e2tre, de la danse, de la musique et de la litt\u00e9rature, ont particip\u00e9. Le soutien de m2act et du Pour-cent culturel Migros Vaud a [&hellip;]<\/p>\n","protected":false},"author":3,"featured_media":0,"parent":0,"menu_order":2,"comment_status":"closed","ping_status":"closed","template":"","meta":{"_acf_changed":false,"footnotes":""},"class_list":["post-15269","page","type-page","status-publish","hentry"],"acf":[],"yoast_head":"<!-- This site is optimized with the Yoast SEO plugin v27.2 - https:\/\/yoast.com\/product\/yoast-seo-wordpress\/ -->\n<title>m2act x Coop\u00e9rative Vaud - M2ACT<\/title>\n<meta name=\"robots\" content=\"index, follow, max-snippet:-1, max-image-preview:large, max-video-preview:-1\" \/>\n<link rel=\"canonical\" href=\"https:\/\/www.m2act.ch\/fr\/m2act-x-cooperative-vaud\/\" \/>\n<meta property=\"og:locale\" content=\"fr_FR\" \/>\n<meta property=\"og:type\" content=\"article\" \/>\n<meta property=\"og:title\" content=\"m2act x Coop\u00e9rative Vaud - M2ACT\" \/>\n<meta property=\"og:description\" content=\"Le 26 f\u00e9vrier 2026, la rencontre r\u00e9seau m2act x Coop\u00e9rative Vaud a eu lieu au Th\u00e9\u00e2tre Le Reflet \u00e0 Vevey. 20 acteur.trice.s de la sc\u00e8ne artistique et culturelle r\u00e9gionale, issus du th\u00e9\u00e2tre, de la danse, de la musique et de la litt\u00e9rature, ont particip\u00e9. Le soutien de m2act et du Pour-cent culturel Migros Vaud a [&hellip;]\" \/>\n<meta property=\"og:url\" content=\"https:\/\/www.m2act.ch\/fr\/m2act-x-cooperative-vaud\/\" \/>\n<meta property=\"og:site_name\" content=\"M2ACT\" \/>\n<meta property=\"article:modified_time\" content=\"2026-03-18T08:41:38+00:00\" \/>\n<meta property=\"og:image\" content=\"https:\/\/www.m2act.ch\/wp-content\/uploads\/2025\/03\/Webbseite_Header.jpg\" \/>\n\t<meta property=\"og:image:width\" content=\"2000\" \/>\n\t<meta property=\"og:image:height\" content=\"640\" \/>\n\t<meta property=\"og:image:type\" content=\"image\/jpeg\" \/>\n<meta name=\"twitter:card\" content=\"summary_large_image\" \/>\n<meta name=\"twitter:label1\" content=\"Dur\u00e9e de lecture estim\u00e9e\" \/>\n\t<meta name=\"twitter:data1\" content=\"1 minute\" \/>\n<script type=\"application\/ld+json\" class=\"yoast-schema-graph\">{\"@context\":\"https:\/\/schema.org\",\"@graph\":[{\"@type\":\"WebPage\",\"@id\":\"https:\/\/www.m2act.ch\/fr\/m2act-x-cooperative-vaud\/\",\"url\":\"https:\/\/www.m2act.ch\/fr\/m2act-x-cooperative-vaud\/\",\"name\":\"m2act x Coop\u00e9rative Vaud - M2ACT\",\"isPartOf\":{\"@id\":\"https:\/\/www.m2act.ch\/en\/#website\"},\"datePublished\":\"2026-03-16T15:35:32+00:00\",\"dateModified\":\"2026-03-18T08:41:38+00:00\",\"breadcrumb\":{\"@id\":\"https:\/\/www.m2act.ch\/fr\/m2act-x-cooperative-vaud\/#breadcrumb\"},\"inLanguage\":\"fr-FR\",\"potentialAction\":[{\"@type\":\"ReadAction\",\"target\":[\"https:\/\/www.m2act.ch\/fr\/m2act-x-cooperative-vaud\/\"]}]},{\"@type\":\"BreadcrumbList\",\"@id\":\"https:\/\/www.m2act.ch\/fr\/m2act-x-cooperative-vaud\/#breadcrumb\",\"itemListElement\":[{\"@type\":\"ListItem\",\"position\":1,\"name\":\"Startseite\",\"item\":\"https:\/\/www.m2act.ch\/fr\/\"},{\"@type\":\"ListItem\",\"position\":2,\"name\":\"m2act x Coop\u00e9rative Vaud\"}]},{\"@type\":\"WebSite\",\"@id\":\"https:\/\/www.m2act.ch\/en\/#website\",\"url\":\"https:\/\/www.m2act.ch\/en\/\",\"name\":\"M2ACT\",\"description\":\"Ein Projekt von Migros Kulturprozent\",\"potentialAction\":[{\"@type\":\"SearchAction\",\"target\":{\"@type\":\"EntryPoint\",\"urlTemplate\":\"https:\/\/www.m2act.ch\/en\/?s={search_term_string}\"},\"query-input\":{\"@type\":\"PropertyValueSpecification\",\"valueRequired\":true,\"valueName\":\"search_term_string\"}}],\"inLanguage\":\"fr-FR\"}]}<\/script>\n<!-- \/ Yoast SEO plugin. -->","yoast_head_json":{"title":"m2act x Coop\u00e9rative Vaud - M2ACT","robots":{"index":"index","follow":"follow","max-snippet":"max-snippet:-1","max-image-preview":"max-image-preview:large","max-video-preview":"max-video-preview:-1"},"canonical":"https:\/\/www.m2act.ch\/fr\/m2act-x-cooperative-vaud\/","og_locale":"fr_FR","og_type":"article","og_title":"m2act x Coop\u00e9rative Vaud - M2ACT","og_description":"Le 26 f\u00e9vrier 2026, la rencontre r\u00e9seau m2act x Coop\u00e9rative Vaud a eu lieu au Th\u00e9\u00e2tre Le Reflet \u00e0 Vevey. 20 acteur.trice.s de la sc\u00e8ne artistique et culturelle r\u00e9gionale, issus du th\u00e9\u00e2tre, de la danse, de la musique et de la litt\u00e9rature, ont particip\u00e9. Le soutien de m2act et du Pour-cent culturel Migros Vaud a [&hellip;]","og_url":"https:\/\/www.m2act.ch\/fr\/m2act-x-cooperative-vaud\/","og_site_name":"M2ACT","article_modified_time":"2026-03-18T08:41:38+00:00","og_image":[{"width":2000,"height":640,"url":"https:\/\/www.m2act.ch\/wp-content\/uploads\/2025\/03\/Webbseite_Header.jpg","type":"image\/jpeg"}],"twitter_card":"summary_large_image","twitter_misc":{"Dur\u00e9e de lecture estim\u00e9e":"1 minute"},"schema":{"@context":"https:\/\/schema.org","@graph":[{"@type":"WebPage","@id":"https:\/\/www.m2act.ch\/fr\/m2act-x-cooperative-vaud\/","url":"https:\/\/www.m2act.ch\/fr\/m2act-x-cooperative-vaud\/","name":"m2act x Coop\u00e9rative Vaud - M2ACT","isPartOf":{"@id":"https:\/\/www.m2act.ch\/en\/#website"},"datePublished":"2026-03-16T15:35:32+00:00","dateModified":"2026-03-18T08:41:38+00:00","breadcrumb":{"@id":"https:\/\/www.m2act.ch\/fr\/m2act-x-cooperative-vaud\/#breadcrumb"},"inLanguage":"fr-FR","potentialAction":[{"@type":"ReadAction","target":["https:\/\/www.m2act.ch\/fr\/m2act-x-cooperative-vaud\/"]}]},{"@type":"BreadcrumbList","@id":"https:\/\/www.m2act.ch\/fr\/m2act-x-cooperative-vaud\/#breadcrumb","itemListElement":[{"@type":"ListItem","position":1,"name":"Startseite","item":"https:\/\/www.m2act.ch\/fr\/"},{"@type":"ListItem","position":2,"name":"m2act x Coop\u00e9rative Vaud"}]},{"@type":"WebSite","@id":"https:\/\/www.m2act.ch\/en\/#website","url":"https:\/\/www.m2act.ch\/en\/","name":"M2ACT","description":"Ein Projekt von Migros Kulturprozent","potentialAction":[{"@type":"SearchAction","target":{"@type":"EntryPoint","urlTemplate":"https:\/\/www.m2act.ch\/en\/?s={search_term_string}"},"query-input":{"@type":"PropertyValueSpecification","valueRequired":true,"valueName":"search_term_string"}}],"inLanguage":"fr-FR"}]}},"_links":{"self":[{"href":"https:\/\/www.m2act.ch\/fr\/wp-json\/wp\/v2\/pages\/15269","targetHints":{"allow":["GET"]}}],"collection":[{"href":"https:\/\/www.m2act.ch\/fr\/wp-json\/wp\/v2\/pages"}],"about":[{"href":"https:\/\/www.m2act.ch\/fr\/wp-json\/wp\/v2\/types\/page"}],"author":[{"embeddable":true,"href":"https:\/\/www.m2act.ch\/fr\/wp-json\/wp\/v2\/users\/3"}],"replies":[{"embeddable":true,"href":"https:\/\/www.m2act.ch\/fr\/wp-json\/wp\/v2\/comments?post=15269"}],"version-history":[{"count":3,"href":"https:\/\/www.m2act.ch\/fr\/wp-json\/wp\/v2\/pages\/15269\/revisions"}],"predecessor-version":[{"id":15316,"href":"https:\/\/www.m2act.ch\/fr\/wp-json\/wp\/v2\/pages\/15269\/revisions\/15316"}],"wp:attachment":[{"href":"https:\/\/www.m2act.ch\/fr\/wp-json\/wp\/v2\/media?parent=15269"}],"curies":[{"name":"wp","href":"https:\/\/api.w.org\/{rel}","templated":true}]}}