{"id":14795,"date":"2026-02-18T10:13:38","date_gmt":"2026-02-18T09:13:38","guid":{"rendered":"https:\/\/www.m2act.ch\/?page_id=14795"},"modified":"2026-04-16T10:41:17","modified_gmt":"2026-04-16T08:41:17","slug":"m2act-x-migros-genossenschaftsregionen","status":"publish","type":"page","link":"https:\/\/www.m2act.ch\/fr\/m2act-x-migros-genossenschaftsregionen\/","title":{"rendered":"m2act x coop\u00e9ratives r\u00e9gionales Migros"},"content":{"rendered":"\n<p><strong>RENCONTRES DE R\u00c9SEAUTAGE INDIVIDUELLES POUR LES ACTEUR.RICES PROFESSIONNEL.LES R\u00c9GIONAUX.ALES DES ARTS DE LA SC\u00c8NE<\/strong><\/p>\n\n\n\n<p>Le Pour-cent culturel Migros m2act f\u00eate cinq ann\u00e9es d\u2019inspiration, d\u2019\u00e9change et d\u2019engagement ! <\/p>\n\n\n\n<p>Cet \u00e9v\u00e9nement sp\u00e9cial sera c\u00e9l\u00e9br\u00e9 par une s\u00e9rie de rencontres dans les dix r\u00e9gions des coop\u00e9ratives Migros (Suisse orientale, Lucerne, B\u00e2le, Aare, Neuch\u00e2tel-Fribourg, Gen\u00e8ve, Tessin, Valais, Vaud et Zurich). m2act et ses partenaires r\u00e9gionaux, tels que les coop\u00e9ratives Migros ou le B\u00fchnennetzwerk, mettent \u00e0 disposition du temps et des espaces pour connecter les acteur.rices culturel.les des arts de la sc\u00e8ne dans les r\u00e9gions suburbaines, apprendre les un.es des autres et agir ensemble pour des structures durables. <\/p>\n\n\n\n<h3 class=\"wp-block-heading\">Au programme :<\/h3>\n\n\n\n<ul class=\"wp-block-list\">\n<li>Des approches inspirants sur des projets locaux et des opportunit\u00e9s de financement<\/li>\n\n\n\n<li>Des ateliers sur des th\u00e8mes centraux tels que la durabilit\u00e9, l\u2019inclusion et la collaboration<\/li>\n\n\n\n<li>Un espace pour les \u00e9changes, le r\u00e9seautage et les nouvelles id\u00e9es<\/li>\n\n\n\n<li>Un ap\u00e9ritif convivial pour cl\u00f4turer l\u2019\u00e9v\u00e9nement<\/li>\n<\/ul>\n\n\n\n    <div id=\"text-shadow-box-block_b245ea953a7f7683ac3e49be86c5515f\" class=\"mod-text-shadow-box\" data-scheme=\"yellow\">\n\t\t<h3>Rencontres de r\u00e9seautage pr\u00e9vues :<\/h3>\n<p><a href=\"https:\/\/www.m2act.ch\/fr\/m2act-x-cooperative-vaud\/\"><strong>m2act x Coop\u00e9rative Vaud avec un atelier du Kleintheater Luzern le 26 f\u00e9vrier 2026 au Th\u00e9\u00e2tre Le Reflet, Vevey<\/strong><\/a><\/p>\n<p><strong>m2act x Coop\u00e9rative Valais avec un atelier du Kleintheater Luzern le 23 avril 2026 \u00e0 Ferm Asile, Sion<br \/>\n<\/strong>15h00 &#8211; 20h00<br \/>\n<u><a title=\"https:\/\/forms.office.com\/Pages\/ResponsePage.aspx?id=W4yqNQqsFUuXiP9t-iKQH9HR-Cq2cppKlQQx8Hy-6VpUM1FBN04zNzFQTERUTUk1Qzc1WUhWVFM0VS4u\" href=\"https:\/\/forms.office.com\/Pages\/ResponsePage.aspx?id=W4yqNQqsFUuXiP9t-iKQH9HR-Cq2cppKlQQx8Hy-6VpUM1FBN04zNzFQTERUTUk1Qzc1WUhWVFM0VS4u\">Formulaire d&rsquo;inscription<\/a><\/u><strong><br \/>\n<\/strong><\/p>\n<p><strong>m2act x B\u00fchnennetzwerk avec un atelier de Fairspec le 28 avril 2026 dans la r\u00e9gion de la Coop\u00e9rative Migros Lucerne<br \/>\n<\/strong>12h00 &#8211; 17h00<br \/>\n<u><a title=\"https:\/\/forms.office.com\/Pages\/ResponsePage.aspx?id=W4yqNQqsFUuXiP9t-iKQH9HR-Cq2cppKlQQx8Hy-6VpUMjczU0JOSlNISlRGWlRJNDMxWlNFNjVUQS4u\" href=\"https:\/\/forms.office.com\/Pages\/ResponsePage.aspx?id=W4yqNQqsFUuXiP9t-iKQH9HR-Cq2cppKlQQx8Hy-6VpUMjczU0JOSlNISlRGWlRJNDMxWlNFNjVUQS4u\">Formulaire d&rsquo;inscription<\/a><\/u><strong><br \/>\n<\/strong><\/p>\n<p><strong>m2act x Coop\u00e9rative Zurich avec un atelier de Fairspec le 7 mai 2026<br \/>\n<\/strong>13h30 &#8211; 18h30<br \/>\n<a href=\"https:\/\/forms.office.com\/Pages\/ResponsePage.aspx?id=W4yqNQqsFUuXiP9t-iKQHzndeIYcbcRNnemLNiCRy1ZUNkJWUjhSSUJKMDRBM01XQ0NHMDQzRVNKSC4u\">Formulaire d&rsquo;inscription<\/a><strong><br \/>\n<\/strong><\/p>\n<p><strong>m2act x Coop\u00e9rative Tessin avec un atelier de Arts Sainement le 3 juin 2026<\/strong><\/p>\n<p><strong>m2act x B\u00fchnennetzwerk avec un atelier de Fairspec le 10 juin 2026 dans la r\u00e9gion de la Coop\u00e9rative Migros Aare<\/strong><\/p>\n<p><strong>m2act x B\u00fchnennetzwerk x Coop\u00e9rative Suisse orientale avec un atelier de Reflector le 20 ao\u00fbt 2026<\/strong><\/p>\n<p><strong>m2act x Coop\u00e9rative Neuch\u00e2tel-Fribourg avec un atelier de Arts Sainement le 27 ao\u00fbt 2026<\/strong><\/p>\n    <\/div>\n\n\n\n<p><\/p>\n","protected":false},"excerpt":{"rendered":"<p>RENCONTRES DE R\u00c9SEAUTAGE INDIVIDUELLES POUR LES ACTEUR.RICES PROFESSIONNEL.LES R\u00c9GIONAUX.ALES DES ARTS DE LA SC\u00c8NE Le Pour-cent culturel Migros m2act f\u00eate cinq ann\u00e9es d\u2019inspiration, d\u2019\u00e9change et d\u2019engagement ! Cet \u00e9v\u00e9nement sp\u00e9cial sera c\u00e9l\u00e9br\u00e9 par une s\u00e9rie de rencontres dans les dix r\u00e9gions des coop\u00e9ratives Migros (Suisse orientale, Lucerne, B\u00e2le, Aare, Neuch\u00e2tel-Fribourg, Gen\u00e8ve, Tessin, Valais, Vaud et [&hellip;]<\/p>\n","protected":false},"author":3,"featured_media":0,"parent":0,"menu_order":6,"comment_status":"closed","ping_status":"closed","template":"","meta":{"_acf_changed":false,"footnotes":""},"class_list":["post-14795","page","type-page","status-publish","hentry"],"acf":[],"yoast_head":"<!-- This site is optimized with the Yoast SEO plugin v27.6 - https:\/\/yoast.com\/product\/yoast-seo-wordpress\/ -->\n<title>m2act x coop\u00e9ratives r\u00e9gionales Migros - M2ACT<\/title>\n<meta name=\"robots\" content=\"index, follow, max-snippet:-1, max-image-preview:large, max-video-preview:-1\" \/>\n<link rel=\"canonical\" href=\"https:\/\/www.m2act.ch\/fr\/m2act-x-migros-genossenschaftsregionen\/\" \/>\n<meta property=\"og:locale\" content=\"fr_FR\" \/>\n<meta property=\"og:type\" content=\"article\" \/>\n<meta property=\"og:title\" content=\"m2act x coop\u00e9ratives r\u00e9gionales Migros - M2ACT\" \/>\n<meta property=\"og:description\" content=\"RENCONTRES DE R\u00c9SEAUTAGE INDIVIDUELLES POUR LES ACTEUR.RICES PROFESSIONNEL.LES R\u00c9GIONAUX.ALES DES ARTS DE LA SC\u00c8NE Le Pour-cent culturel Migros m2act f\u00eate cinq ann\u00e9es d\u2019inspiration, d\u2019\u00e9change et d\u2019engagement ! Cet \u00e9v\u00e9nement sp\u00e9cial sera c\u00e9l\u00e9br\u00e9 par une s\u00e9rie de rencontres dans les dix r\u00e9gions des coop\u00e9ratives Migros (Suisse orientale, Lucerne, B\u00e2le, Aare, Neuch\u00e2tel-Fribourg, Gen\u00e8ve, Tessin, Valais, Vaud et [&hellip;]\" \/>\n<meta property=\"og:url\" content=\"https:\/\/www.m2act.ch\/fr\/m2act-x-migros-genossenschaftsregionen\/\" \/>\n<meta property=\"og:site_name\" content=\"M2ACT\" \/>\n<meta property=\"article:modified_time\" content=\"2026-04-16T08:41:17+00:00\" \/>\n<meta property=\"og:image\" content=\"https:\/\/www.m2act.ch\/wp-content\/uploads\/2025\/03\/Webbseite_Header.jpg\" \/>\n\t<meta property=\"og:image:width\" content=\"2000\" \/>\n\t<meta property=\"og:image:height\" content=\"640\" \/>\n\t<meta property=\"og:image:type\" content=\"image\/jpeg\" \/>\n<meta name=\"twitter:card\" content=\"summary_large_image\" \/>\n<meta name=\"twitter:label1\" content=\"Dur\u00e9e de lecture estim\u00e9e\" \/>\n\t<meta name=\"twitter:data1\" content=\"1 minute\" \/>\n<script type=\"application\/ld+json\" class=\"yoast-schema-graph\">{\"@context\":\"https:\\\/\\\/schema.org\",\"@graph\":[{\"@type\":\"WebPage\",\"@id\":\"https:\\\/\\\/www.m2act.ch\\\/fr\\\/m2act-x-migros-genossenschaftsregionen\\\/\",\"url\":\"https:\\\/\\\/www.m2act.ch\\\/fr\\\/m2act-x-migros-genossenschaftsregionen\\\/\",\"name\":\"m2act x coop\u00e9ratives r\u00e9gionales Migros - M2ACT\",\"isPartOf\":{\"@id\":\"https:\\\/\\\/www.m2act.ch\\\/en\\\/#website\"},\"datePublished\":\"2026-02-18T09:13:38+00:00\",\"dateModified\":\"2026-04-16T08:41:17+00:00\",\"breadcrumb\":{\"@id\":\"https:\\\/\\\/www.m2act.ch\\\/fr\\\/m2act-x-migros-genossenschaftsregionen\\\/#breadcrumb\"},\"inLanguage\":\"fr-FR\",\"potentialAction\":[{\"@type\":\"ReadAction\",\"target\":[\"https:\\\/\\\/www.m2act.ch\\\/fr\\\/m2act-x-migros-genossenschaftsregionen\\\/\"]}]},{\"@type\":\"BreadcrumbList\",\"@id\":\"https:\\\/\\\/www.m2act.ch\\\/fr\\\/m2act-x-migros-genossenschaftsregionen\\\/#breadcrumb\",\"itemListElement\":[{\"@type\":\"ListItem\",\"position\":1,\"name\":\"Startseite\",\"item\":\"https:\\\/\\\/www.m2act.ch\\\/fr\\\/\"},{\"@type\":\"ListItem\",\"position\":2,\"name\":\"m2act x coop\u00e9ratives r\u00e9gionales Migros\"}]},{\"@type\":\"WebSite\",\"@id\":\"https:\\\/\\\/www.m2act.ch\\\/en\\\/#website\",\"url\":\"https:\\\/\\\/www.m2act.ch\\\/en\\\/\",\"name\":\"M2ACT\",\"description\":\"Ein Projekt von Migros Kulturprozent\",\"potentialAction\":[{\"@type\":\"SearchAction\",\"target\":{\"@type\":\"EntryPoint\",\"urlTemplate\":\"https:\\\/\\\/www.m2act.ch\\\/en\\\/?s={search_term_string}\"},\"query-input\":{\"@type\":\"PropertyValueSpecification\",\"valueRequired\":true,\"valueName\":\"search_term_string\"}}],\"inLanguage\":\"fr-FR\"}]}<\/script>\n<!-- \/ Yoast SEO plugin. -->","yoast_head_json":{"title":"m2act x coop\u00e9ratives r\u00e9gionales Migros - M2ACT","robots":{"index":"index","follow":"follow","max-snippet":"max-snippet:-1","max-image-preview":"max-image-preview:large","max-video-preview":"max-video-preview:-1"},"canonical":"https:\/\/www.m2act.ch\/fr\/m2act-x-migros-genossenschaftsregionen\/","og_locale":"fr_FR","og_type":"article","og_title":"m2act x coop\u00e9ratives r\u00e9gionales Migros - M2ACT","og_description":"RENCONTRES DE R\u00c9SEAUTAGE INDIVIDUELLES POUR LES ACTEUR.RICES PROFESSIONNEL.LES R\u00c9GIONAUX.ALES DES ARTS DE LA SC\u00c8NE Le Pour-cent culturel Migros m2act f\u00eate cinq ann\u00e9es d\u2019inspiration, d\u2019\u00e9change et d\u2019engagement ! Cet \u00e9v\u00e9nement sp\u00e9cial sera c\u00e9l\u00e9br\u00e9 par une s\u00e9rie de rencontres dans les dix r\u00e9gions des coop\u00e9ratives Migros (Suisse orientale, Lucerne, B\u00e2le, Aare, Neuch\u00e2tel-Fribourg, Gen\u00e8ve, Tessin, Valais, Vaud et [&hellip;]","og_url":"https:\/\/www.m2act.ch\/fr\/m2act-x-migros-genossenschaftsregionen\/","og_site_name":"M2ACT","article_modified_time":"2026-04-16T08:41:17+00:00","og_image":[{"width":2000,"height":640,"url":"https:\/\/www.m2act.ch\/wp-content\/uploads\/2025\/03\/Webbseite_Header.jpg","type":"image\/jpeg"}],"twitter_card":"summary_large_image","twitter_misc":{"Dur\u00e9e de lecture estim\u00e9e":"1 minute"},"schema":{"@context":"https:\/\/schema.org","@graph":[{"@type":"WebPage","@id":"https:\/\/www.m2act.ch\/fr\/m2act-x-migros-genossenschaftsregionen\/","url":"https:\/\/www.m2act.ch\/fr\/m2act-x-migros-genossenschaftsregionen\/","name":"m2act x coop\u00e9ratives r\u00e9gionales Migros - M2ACT","isPartOf":{"@id":"https:\/\/www.m2act.ch\/en\/#website"},"datePublished":"2026-02-18T09:13:38+00:00","dateModified":"2026-04-16T08:41:17+00:00","breadcrumb":{"@id":"https:\/\/www.m2act.ch\/fr\/m2act-x-migros-genossenschaftsregionen\/#breadcrumb"},"inLanguage":"fr-FR","potentialAction":[{"@type":"ReadAction","target":["https:\/\/www.m2act.ch\/fr\/m2act-x-migros-genossenschaftsregionen\/"]}]},{"@type":"BreadcrumbList","@id":"https:\/\/www.m2act.ch\/fr\/m2act-x-migros-genossenschaftsregionen\/#breadcrumb","itemListElement":[{"@type":"ListItem","position":1,"name":"Startseite","item":"https:\/\/www.m2act.ch\/fr\/"},{"@type":"ListItem","position":2,"name":"m2act x coop\u00e9ratives r\u00e9gionales Migros"}]},{"@type":"WebSite","@id":"https:\/\/www.m2act.ch\/en\/#website","url":"https:\/\/www.m2act.ch\/en\/","name":"M2ACT","description":"Ein Projekt von Migros Kulturprozent","potentialAction":[{"@type":"SearchAction","target":{"@type":"EntryPoint","urlTemplate":"https:\/\/www.m2act.ch\/en\/?s={search_term_string}"},"query-input":{"@type":"PropertyValueSpecification","valueRequired":true,"valueName":"search_term_string"}}],"inLanguage":"fr-FR"}]}},"_links":{"self":[{"href":"https:\/\/www.m2act.ch\/fr\/wp-json\/wp\/v2\/pages\/14795","targetHints":{"allow":["GET"]}}],"collection":[{"href":"https:\/\/www.m2act.ch\/fr\/wp-json\/wp\/v2\/pages"}],"about":[{"href":"https:\/\/www.m2act.ch\/fr\/wp-json\/wp\/v2\/types\/page"}],"author":[{"embeddable":true,"href":"https:\/\/www.m2act.ch\/fr\/wp-json\/wp\/v2\/users\/3"}],"replies":[{"embeddable":true,"href":"https:\/\/www.m2act.ch\/fr\/wp-json\/wp\/v2\/comments?post=14795"}],"version-history":[{"count":6,"href":"https:\/\/www.m2act.ch\/fr\/wp-json\/wp\/v2\/pages\/14795\/revisions"}],"predecessor-version":[{"id":15740,"href":"https:\/\/www.m2act.ch\/fr\/wp-json\/wp\/v2\/pages\/14795\/revisions\/15740"}],"wp:attachment":[{"href":"https:\/\/www.m2act.ch\/fr\/wp-json\/wp\/v2\/media?parent=14795"}],"curies":[{"name":"wp","href":"https:\/\/api.w.org\/{rel}","templated":true}]}}