{"id":13018,"date":"2025-10-27T14:52:57","date_gmt":"2025-10-27T13:52:57","guid":{"rendered":"https:\/\/www.m2act.ch\/?page_id=13018"},"modified":"2025-11-09T11:35:53","modified_gmt":"2025-11-09T10:35:53","slug":"m2act-x-helvetiarockt","status":"publish","type":"page","link":"https:\/\/www.m2act.ch\/fr\/m2act-x-helvetiarockt\/","title":{"rendered":"m2act \u00d7 Helvetiarockt"},"content":{"rendered":"\n<h3 class=\"wp-block-heading\">Awareness, Agency &amp; Accountability in Music and Performing Arts<\/h3>\n\n\n<p><iframe loading=\"lazy\" hcb-fetch-image-from=\"https:\/\/www.youtube.com\/watch?v=81h0TKSskZ4\" title=\"m2act \u00d7 Helvetiarockt 2025: Awareness, Agency &amp; Accountability in Music and Performing Arts\" width=\"500\" height=\"281\" src=\"https:\/\/www.youtube.com\/embed\/81h0TKSskZ4?feature=oembed\" frameborder=\"0\" allow=\"accelerometer; autoplay; clipboard-write; encrypted-media; gyroscope; picture-in-picture; web-share\" referrerpolicy=\"strict-origin-when-cross-origin\" allowfullscreen><\/iframe><\/p>\n\n\n\n<p>Helvetiarockt, Pour-cent culturel Migros m2act et Kaserne Basel ont invit\u00e9 les participant.e.s les 16 et 17 octobre 2025 \u00e0 la rencontre nationale m2act \u00d7 Helvetiarockt: Awareness, Agency &amp; Accountability in Music and Performing Arts \u00e0 la Kaserne Basel, au kHaus et au Parterre One. L\u2019\u00e9v\u00e9nement consacr\u00e9 aux violences sexualis\u00e9es qui existaient au sein de la sc\u00e8ne culturelle suisse. Les acteur.rice.s culturel.le.s des arts de la sc\u00e8ne et des musiques actuelles ont collabor\u00e9 pour d\u00e9velopper des strat\u00e9gies de pr\u00e9vention et d\u2019intervention, renforcer l\u2019autod\u00e9termination et assumer leurs responsabilit\u00e9s. Des ateliers, des tables rondes, des performances, un Empowerment Space et un Place de la March\u00e9, ainsi que des discussions et des \u00e9changes de bonnes pratiques, ont cr\u00e9\u00e9 un espace d\u00e9di\u00e9 \u00e0 l\u2019\u00e9change, \u00e0 l\u2019autonomisation et \u00e0 la solidarit\u00e9. Vers <a href=\"https:\/\/m2actxhelvetiarockt.events.migros-kulturprozent.ch\/fr\/#E73253\">le site web de l&rsquo;\u00e9v\u00e9nement<\/a>.<\/p>\n\n\n\n<h2 class=\"wp-block-heading\">Radio X<\/h2>\n\n\n\n<p>Le Keynote de vendredi matin et les dialogues de vendredi apr\u00e8s-midi peuvent \u00eatre r\u00e9\u00e9cout\u00e9 sur <a href=\"https:\/\/radiox.ch\/news-archiv\/m2act-helvetiarockt-kaserne-radiox.html\" target=\"_blank\" rel=\"noreferrer noopener\">Radio X<\/a>.<\/p>\n\n\n\n<h2 class=\"wp-block-heading\">Event gallery<\/h2>\n\n\n<div id=\"bild-slider-block_d2a0bbd6cad1e19806185c5ef8a252b0\" class=\"mod-bild-slider\">\n\t\t\t            <div class=\"titel\">\n                <h3> Impressions m2act \u00d7 Helvetiarockt 2025<\/h3>\n            <\/div>\n\t\t\t\t            <div class=\"slider\">\n\t\t\t\t                        <div class=\"slide\">\n                            <img decoding=\"async\" class=\"slide-image\"\n                                 srcset=\"https:\/\/www.m2act.ch\/wp-content\/uploads\/2025\/10\/2510_m2actxHelvetiarockt_copyrightNadineNuetzi-7-Kopie-scaled-1580x920c.jpg 2x, https:\/\/www.m2act.ch\/wp-content\/uploads\/2025\/10\/2510_m2actxHelvetiarockt_copyrightNadineNuetzi-7-Kopie-scaled-790x460c.jpg 1x\"\n                                 src=\"https:\/\/www.m2act.ch\/wp-content\/uploads\/2025\/10\/2510_m2actxHelvetiarockt_copyrightNadineNuetzi-7-Kopie-scaled-150x150c.jpg\"\n                                 alt=\"\"\n                            >\n                        <\/div>\n\t\t\t\t\t                        <div class=\"slide\">\n                            <img decoding=\"async\" class=\"slide-image\"\n                                 srcset=\"https:\/\/www.m2act.ch\/wp-content\/uploads\/2025\/10\/2510_m2actxHelvetiarockt_copyrightNadineNuetzi-3-scaled-1580x920c.jpg 2x, https:\/\/www.m2act.ch\/wp-content\/uploads\/2025\/10\/2510_m2actxHelvetiarockt_copyrightNadineNuetzi-3-scaled-790x460c.jpg 1x\"\n                                 src=\"https:\/\/www.m2act.ch\/wp-content\/uploads\/2025\/10\/2510_m2actxHelvetiarockt_copyrightNadineNuetzi-3-scaled-150x150c.jpg\"\n                                 alt=\"\"\n                            >\n                        <\/div>\n\t\t\t\t\t                        <div class=\"slide\">\n                            <img decoding=\"async\" class=\"slide-image\"\n                                 srcset=\"https:\/\/www.m2act.ch\/wp-content\/uploads\/2025\/10\/2510_m2actxHelvetiarockt_copyrightNadineNuetzi-17-3-scaled-1580x920c.jpg 2x, https:\/\/www.m2act.ch\/wp-content\/uploads\/2025\/10\/2510_m2actxHelvetiarockt_copyrightNadineNuetzi-17-3-scaled-790x460c.jpg 1x\"\n                                 src=\"https:\/\/www.m2act.ch\/wp-content\/uploads\/2025\/10\/2510_m2actxHelvetiarockt_copyrightNadineNuetzi-17-3-scaled-150x150c.jpg\"\n                                 alt=\"\"\n                            >\n                        <\/div>\n\t\t\t\t\t                        <div class=\"slide\">\n                            <img decoding=\"async\" class=\"slide-image\"\n                                 srcset=\"https:\/\/www.m2act.ch\/wp-content\/uploads\/2025\/10\/2510_m2actxHelvetiarockt_NadineNuetzi-12-scaled-1580x920c.jpg 2x, https:\/\/www.m2act.ch\/wp-content\/uploads\/2025\/10\/2510_m2actxHelvetiarockt_NadineNuetzi-12-scaled-790x460c.jpg 1x\"\n                                 src=\"https:\/\/www.m2act.ch\/wp-content\/uploads\/2025\/10\/2510_m2actxHelvetiarockt_NadineNuetzi-12-scaled-150x150c.jpg\"\n                                 alt=\"\"\n                            >\n                        <\/div>\n\t\t\t\t\t                        <div class=\"slide\">\n                            <img decoding=\"async\" class=\"slide-image\"\n                                 srcset=\"https:\/\/www.m2act.ch\/wp-content\/uploads\/2025\/10\/2510_m2actxHelvetiarockt_copyrightNadineNuetzi-33-scaled-1580x920c.jpg 2x, https:\/\/www.m2act.ch\/wp-content\/uploads\/2025\/10\/2510_m2actxHelvetiarockt_copyrightNadineNuetzi-33-scaled-790x460c.jpg 1x\"\n                                 src=\"https:\/\/www.m2act.ch\/wp-content\/uploads\/2025\/10\/2510_m2actxHelvetiarockt_copyrightNadineNuetzi-33-scaled-150x150c.jpg\"\n                                 alt=\"\"\n                            >\n                        <\/div>\n\t\t\t\t\t                        <div class=\"slide\">\n                            <img decoding=\"async\" class=\"slide-image\"\n                                 srcset=\"https:\/\/www.m2act.ch\/wp-content\/uploads\/2025\/10\/2510_m2actxHelvetiarockt_copyrightNadineNuetzi-8-Kopie-scaled-1580x920c.jpg 2x, https:\/\/www.m2act.ch\/wp-content\/uploads\/2025\/10\/2510_m2actxHelvetiarockt_copyrightNadineNuetzi-8-Kopie-scaled-790x460c.jpg 1x\"\n                                 src=\"https:\/\/www.m2act.ch\/wp-content\/uploads\/2025\/10\/2510_m2actxHelvetiarockt_copyrightNadineNuetzi-8-Kopie-scaled-150x150c.jpg\"\n                                 alt=\"\"\n                            >\n                        <\/div>\n\t\t\t\t\t                        <div class=\"slide\">\n                            <img decoding=\"async\" class=\"slide-image\"\n                                 srcset=\"https:\/\/www.m2act.ch\/wp-content\/uploads\/2025\/10\/2510_m2actxHelvetiarockt_copyrightNadineNuetzi-32-scaled-1580x920c.jpg 2x, https:\/\/www.m2act.ch\/wp-content\/uploads\/2025\/10\/2510_m2actxHelvetiarockt_copyrightNadineNuetzi-32-scaled-790x460c.jpg 1x\"\n                                 src=\"https:\/\/www.m2act.ch\/wp-content\/uploads\/2025\/10\/2510_m2actxHelvetiarockt_copyrightNadineNuetzi-32-scaled-150x150c.jpg\"\n                                 alt=\"\"\n                            >\n                        <\/div>\n\t\t\t\t\t                        <div class=\"slide\">\n                            <img decoding=\"async\" class=\"slide-image\"\n                                 srcset=\"https:\/\/www.m2act.ch\/wp-content\/uploads\/2025\/10\/2510_m2actxHelvetiarockt_copyrightNadineNuetzi-15-Kopie-scaled-1580x920c.jpg 2x, https:\/\/www.m2act.ch\/wp-content\/uploads\/2025\/10\/2510_m2actxHelvetiarockt_copyrightNadineNuetzi-15-Kopie-scaled-790x460c.jpg 1x\"\n                                 src=\"https:\/\/www.m2act.ch\/wp-content\/uploads\/2025\/10\/2510_m2actxHelvetiarockt_copyrightNadineNuetzi-15-Kopie-scaled-150x150c.jpg\"\n                                 alt=\"\"\n                            >\n                        <\/div>\n\t\t\t\t\t                        <div class=\"slide\">\n                            <img decoding=\"async\" class=\"slide-image\"\n                                 srcset=\"https:\/\/www.m2act.ch\/wp-content\/uploads\/2025\/10\/2510_m2actxHelvetiarockt_copyrightNadineNuetzi-26-scaled-1580x920c.jpg 2x, https:\/\/www.m2act.ch\/wp-content\/uploads\/2025\/10\/2510_m2actxHelvetiarockt_copyrightNadineNuetzi-26-scaled-790x460c.jpg 1x\"\n                                 src=\"https:\/\/www.m2act.ch\/wp-content\/uploads\/2025\/10\/2510_m2actxHelvetiarockt_copyrightNadineNuetzi-26-scaled-150x150c.jpg\"\n                                 alt=\"\"\n                            >\n                        <\/div>\n\t\t\t\t\t                        <div class=\"slide\">\n                            <img decoding=\"async\" class=\"slide-image\"\n                                 srcset=\"https:\/\/www.m2act.ch\/wp-content\/uploads\/2025\/10\/2510_m2actxHelvetiarockt_copyrightNadineNuetzi-1-scaled-1580x920c.jpg 2x, https:\/\/www.m2act.ch\/wp-content\/uploads\/2025\/10\/2510_m2actxHelvetiarockt_copyrightNadineNuetzi-1-scaled-790x460c.jpg 1x\"\n                                 src=\"https:\/\/www.m2act.ch\/wp-content\/uploads\/2025\/10\/2510_m2actxHelvetiarockt_copyrightNadineNuetzi-1-scaled-150x150c.jpg\"\n                                 alt=\"\"\n                            >\n                        <\/div>\n\t\t\t\t\t                        <div class=\"slide\">\n                            <img decoding=\"async\" class=\"slide-image\"\n                                 srcset=\"https:\/\/www.m2act.ch\/wp-content\/uploads\/2025\/10\/2510_m2actxHelvetiarockt_copyrightNadineNuetzi-5-scaled-1580x920c.jpg 2x, https:\/\/www.m2act.ch\/wp-content\/uploads\/2025\/10\/2510_m2actxHelvetiarockt_copyrightNadineNuetzi-5-scaled-790x460c.jpg 1x\"\n                                 src=\"https:\/\/www.m2act.ch\/wp-content\/uploads\/2025\/10\/2510_m2actxHelvetiarockt_copyrightNadineNuetzi-5-scaled-150x150c.jpg\"\n                                 alt=\"\"\n                            >\n                        <\/div>\n\t\t\t\t\t                        <div class=\"slide\">\n                            <img decoding=\"async\" class=\"slide-image\"\n                                 srcset=\"https:\/\/www.m2act.ch\/wp-content\/uploads\/2025\/10\/2510_m2actxHelvetiarockt_copyrightNadineNuetzi-21-Kopie-scaled-1580x920c.jpg 2x, https:\/\/www.m2act.ch\/wp-content\/uploads\/2025\/10\/2510_m2actxHelvetiarockt_copyrightNadineNuetzi-21-Kopie-scaled-790x460c.jpg 1x\"\n                                 src=\"https:\/\/www.m2act.ch\/wp-content\/uploads\/2025\/10\/2510_m2actxHelvetiarockt_copyrightNadineNuetzi-21-Kopie-scaled-150x150c.jpg\"\n                                 alt=\"\"\n                            >\n                        <\/div>\n\t\t\t\t\t                        <div class=\"slide\">\n                            <img decoding=\"async\" class=\"slide-image\"\n                                 srcset=\"https:\/\/www.m2act.ch\/wp-content\/uploads\/2025\/10\/2510_m2actxHelvetiarockt_copyrightNadineNuetzi-31-scaled-1580x920c.jpg 2x, https:\/\/www.m2act.ch\/wp-content\/uploads\/2025\/10\/2510_m2actxHelvetiarockt_copyrightNadineNuetzi-31-scaled-790x460c.jpg 1x\"\n                                 src=\"https:\/\/www.m2act.ch\/wp-content\/uploads\/2025\/10\/2510_m2actxHelvetiarockt_copyrightNadineNuetzi-31-scaled-150x150c.jpg\"\n                                 alt=\"\"\n                            >\n                        <\/div>\n\t\t\t\t\t                        <div class=\"slide\">\n                            <img decoding=\"async\" class=\"slide-image\"\n                                 srcset=\"https:\/\/www.m2act.ch\/wp-content\/uploads\/2025\/10\/2510_m2actxHelvetiarockt_copyrightNadineNuetzi-30-scaled-1580x920c.jpg 2x, https:\/\/www.m2act.ch\/wp-content\/uploads\/2025\/10\/2510_m2actxHelvetiarockt_copyrightNadineNuetzi-30-scaled-790x460c.jpg 1x\"\n                                 src=\"https:\/\/www.m2act.ch\/wp-content\/uploads\/2025\/10\/2510_m2actxHelvetiarockt_copyrightNadineNuetzi-30-scaled-150x150c.jpg\"\n                                 alt=\"\"\n                            >\n                        <\/div>\n\t\t\t\t\t                        <div class=\"slide\">\n                            <img decoding=\"async\" class=\"slide-image\"\n                                 srcset=\"https:\/\/www.m2act.ch\/wp-content\/uploads\/2025\/10\/2510_m2actxHelvetiarockt_copyrightNadineNuetzi-20-1-scaled-1580x920c.jpg 2x, https:\/\/www.m2act.ch\/wp-content\/uploads\/2025\/10\/2510_m2actxHelvetiarockt_copyrightNadineNuetzi-20-1-scaled-790x460c.jpg 1x\"\n                                 src=\"https:\/\/www.m2act.ch\/wp-content\/uploads\/2025\/10\/2510_m2actxHelvetiarockt_copyrightNadineNuetzi-20-1-scaled-150x150c.jpg\"\n                                 alt=\"\"\n                            >\n                        <\/div>\n\t\t\t\t\t                        <div class=\"slide\">\n                            <img decoding=\"async\" class=\"slide-image\"\n                                 srcset=\"https:\/\/www.m2act.ch\/wp-content\/uploads\/2025\/10\/2510_m2actxHelvetiarockt_copyrightNadineNuetzi-16-scaled-1580x920c.jpg 2x, https:\/\/www.m2act.ch\/wp-content\/uploads\/2025\/10\/2510_m2actxHelvetiarockt_copyrightNadineNuetzi-16-scaled-790x460c.jpg 1x\"\n                                 src=\"https:\/\/www.m2act.ch\/wp-content\/uploads\/2025\/10\/2510_m2actxHelvetiarockt_copyrightNadineNuetzi-16-scaled-150x150c.jpg\"\n                                 alt=\"\"\n                            >\n                        <\/div>\n\t\t\t\t\t                        <div class=\"slide\">\n                            <img decoding=\"async\" class=\"slide-image\"\n                                 srcset=\"https:\/\/www.m2act.ch\/wp-content\/uploads\/2025\/10\/2510_m2actxHelvetiarockt_copyrightNadineNuetzi-4-scaled-1580x920c.jpg 2x, https:\/\/www.m2act.ch\/wp-content\/uploads\/2025\/10\/2510_m2actxHelvetiarockt_copyrightNadineNuetzi-4-scaled-790x460c.jpg 1x\"\n                                 src=\"https:\/\/www.m2act.ch\/wp-content\/uploads\/2025\/10\/2510_m2actxHelvetiarockt_copyrightNadineNuetzi-4-scaled-150x150c.jpg\"\n                                 alt=\"\"\n                            >\n                        <\/div>\n\t\t\t\t\t                        <div class=\"slide\">\n                            <img decoding=\"async\" class=\"slide-image\"\n                                 srcset=\"https:\/\/www.m2act.ch\/wp-content\/uploads\/2025\/10\/2510_m2actxHelvetiarockt_copyrightNadineNuetzi-1-Kopie-scaled-1580x920c.jpg 2x, https:\/\/www.m2act.ch\/wp-content\/uploads\/2025\/10\/2510_m2actxHelvetiarockt_copyrightNadineNuetzi-1-Kopie-scaled-790x460c.jpg 1x\"\n                                 src=\"https:\/\/www.m2act.ch\/wp-content\/uploads\/2025\/10\/2510_m2actxHelvetiarockt_copyrightNadineNuetzi-1-Kopie-scaled-150x150c.jpg\"\n                                 alt=\"\"\n                            >\n                        <\/div>\n\t\t\t\t\t                        <div class=\"slide\">\n                            <img decoding=\"async\" class=\"slide-image\"\n                                 srcset=\"https:\/\/www.m2act.ch\/wp-content\/uploads\/2025\/10\/2510_m2actxHelvetiarockt_copyrightNadineNuetzi-19-scaled-1580x920c.jpg 2x, https:\/\/www.m2act.ch\/wp-content\/uploads\/2025\/10\/2510_m2actxHelvetiarockt_copyrightNadineNuetzi-19-scaled-790x460c.jpg 1x\"\n                                 src=\"https:\/\/www.m2act.ch\/wp-content\/uploads\/2025\/10\/2510_m2actxHelvetiarockt_copyrightNadineNuetzi-19-scaled-150x150c.jpg\"\n                                 alt=\"\"\n                            >\n                        <\/div>\n\t\t\t\t\t                        <div class=\"slide\">\n                            <img decoding=\"async\" class=\"slide-image\"\n                                 srcset=\"https:\/\/www.m2act.ch\/wp-content\/uploads\/2025\/10\/2510_m2actxHelvetiarockt_copyrightNadineNuetzi-40-scaled-1580x920c.jpg 2x, https:\/\/www.m2act.ch\/wp-content\/uploads\/2025\/10\/2510_m2actxHelvetiarockt_copyrightNadineNuetzi-40-scaled-790x460c.jpg 1x\"\n                                 src=\"https:\/\/www.m2act.ch\/wp-content\/uploads\/2025\/10\/2510_m2actxHelvetiarockt_copyrightNadineNuetzi-40-scaled-150x150c.jpg\"\n                                 alt=\"\"\n                            >\n                        <\/div>\n\t\t\t\t\t                        <div class=\"slide\">\n                            <img decoding=\"async\" class=\"slide-image\"\n                                 srcset=\"https:\/\/www.m2act.ch\/wp-content\/uploads\/2025\/10\/2510_m2actxHelvetiarockt_copyrightNadineNuetzi-39-scaled-1580x920c.jpg 2x, https:\/\/www.m2act.ch\/wp-content\/uploads\/2025\/10\/2510_m2actxHelvetiarockt_copyrightNadineNuetzi-39-scaled-790x460c.jpg 1x\"\n                                 src=\"https:\/\/www.m2act.ch\/wp-content\/uploads\/2025\/10\/2510_m2actxHelvetiarockt_copyrightNadineNuetzi-39-scaled-150x150c.jpg\"\n                                 alt=\"\"\n                            >\n                        <\/div>\n\t\t\t\t\t            <\/div>\n\t\t\t<\/div>\n\n\n\n<p><\/p>\n\n\n\n<p>Fotos: \u00a9 Nadine N\u00fctzi<br>Video: \u00a9 Elisabeth Bl\u00e4ttler<\/p>\n\n\n\n<p><\/p>\n","protected":false},"excerpt":{"rendered":"<p>Awareness, Agency &amp; Accountability in Music and Performing Arts Helvetiarockt, Pour-cent culturel Migros m2act et Kaserne Basel ont invit\u00e9 les participant.e.s les 16 et 17 octobre 2025 \u00e0 la rencontre nationale m2act \u00d7 Helvetiarockt: Awareness, Agency &amp; Accountability in Music and Performing Arts \u00e0 la Kaserne Basel, au kHaus et au Parterre One. L\u2019\u00e9v\u00e9nement consacr\u00e9 [&hellip;]<\/p>\n","protected":false},"author":2,"featured_media":0,"parent":0,"menu_order":53,"comment_status":"closed","ping_status":"closed","template":"","meta":{"_acf_changed":false,"footnotes":""},"class_list":["post-13018","page","type-page","status-publish","hentry"],"acf":[],"yoast_head":"<!-- This site is optimized with the Yoast SEO plugin v27.2 - https:\/\/yoast.com\/product\/yoast-seo-wordpress\/ -->\n<title>m2act \u00d7 Helvetiarockt - M2ACT<\/title>\n<meta name=\"robots\" content=\"index, follow, max-snippet:-1, max-image-preview:large, max-video-preview:-1\" \/>\n<link rel=\"canonical\" href=\"https:\/\/www.m2act.ch\/fr\/m2act-x-helvetiarockt\/\" \/>\n<meta property=\"og:locale\" content=\"fr_FR\" \/>\n<meta property=\"og:type\" content=\"article\" \/>\n<meta property=\"og:title\" content=\"m2act \u00d7 Helvetiarockt - M2ACT\" \/>\n<meta property=\"og:description\" content=\"Awareness, Agency &amp; Accountability in Music and Performing Arts Helvetiarockt, Pour-cent culturel Migros m2act et Kaserne Basel ont invit\u00e9 les participant.e.s les 16 et 17 octobre 2025 \u00e0 la rencontre nationale m2act \u00d7 Helvetiarockt: Awareness, Agency &amp; Accountability in Music and Performing Arts \u00e0 la Kaserne Basel, au kHaus et au Parterre One. L\u2019\u00e9v\u00e9nement consacr\u00e9 [&hellip;]\" \/>\n<meta property=\"og:url\" content=\"https:\/\/www.m2act.ch\/fr\/m2act-x-helvetiarockt\/\" \/>\n<meta property=\"og:site_name\" content=\"M2ACT\" \/>\n<meta property=\"article:modified_time\" content=\"2025-11-09T10:35:53+00:00\" \/>\n<meta property=\"og:image\" content=\"https:\/\/www.m2act.ch\/wp-content\/uploads\/2025\/03\/Webbseite_Header.jpg\" \/>\n\t<meta property=\"og:image:width\" content=\"2000\" \/>\n\t<meta property=\"og:image:height\" content=\"640\" \/>\n\t<meta property=\"og:image:type\" content=\"image\/jpeg\" \/>\n<meta name=\"twitter:card\" content=\"summary_large_image\" \/>\n<meta name=\"twitter:label1\" content=\"Dur\u00e9e de lecture estim\u00e9e\" \/>\n\t<meta name=\"twitter:data1\" content=\"1 minute\" \/>\n<script type=\"application\/ld+json\" class=\"yoast-schema-graph\">{\"@context\":\"https:\/\/schema.org\",\"@graph\":[{\"@type\":\"WebPage\",\"@id\":\"https:\/\/www.m2act.ch\/fr\/m2act-x-helvetiarockt\/\",\"url\":\"https:\/\/www.m2act.ch\/fr\/m2act-x-helvetiarockt\/\",\"name\":\"m2act \u00d7 Helvetiarockt - M2ACT\",\"isPartOf\":{\"@id\":\"https:\/\/www.m2act.ch\/en\/#website\"},\"datePublished\":\"2025-10-27T13:52:57+00:00\",\"dateModified\":\"2025-11-09T10:35:53+00:00\",\"breadcrumb\":{\"@id\":\"https:\/\/www.m2act.ch\/fr\/m2act-x-helvetiarockt\/#breadcrumb\"},\"inLanguage\":\"fr-FR\",\"potentialAction\":[{\"@type\":\"ReadAction\",\"target\":[\"https:\/\/www.m2act.ch\/fr\/m2act-x-helvetiarockt\/\"]}]},{\"@type\":\"BreadcrumbList\",\"@id\":\"https:\/\/www.m2act.ch\/fr\/m2act-x-helvetiarockt\/#breadcrumb\",\"itemListElement\":[{\"@type\":\"ListItem\",\"position\":1,\"name\":\"Startseite\",\"item\":\"https:\/\/www.m2act.ch\/fr\/\"},{\"@type\":\"ListItem\",\"position\":2,\"name\":\"m2act \u00d7 Helvetiarockt\"}]},{\"@type\":\"WebSite\",\"@id\":\"https:\/\/www.m2act.ch\/en\/#website\",\"url\":\"https:\/\/www.m2act.ch\/en\/\",\"name\":\"M2ACT\",\"description\":\"Ein Projekt von Migros Kulturprozent\",\"potentialAction\":[{\"@type\":\"SearchAction\",\"target\":{\"@type\":\"EntryPoint\",\"urlTemplate\":\"https:\/\/www.m2act.ch\/en\/?s={search_term_string}\"},\"query-input\":{\"@type\":\"PropertyValueSpecification\",\"valueRequired\":true,\"valueName\":\"search_term_string\"}}],\"inLanguage\":\"fr-FR\"}]}<\/script>\n<!-- \/ Yoast SEO plugin. -->","yoast_head_json":{"title":"m2act \u00d7 Helvetiarockt - M2ACT","robots":{"index":"index","follow":"follow","max-snippet":"max-snippet:-1","max-image-preview":"max-image-preview:large","max-video-preview":"max-video-preview:-1"},"canonical":"https:\/\/www.m2act.ch\/fr\/m2act-x-helvetiarockt\/","og_locale":"fr_FR","og_type":"article","og_title":"m2act \u00d7 Helvetiarockt - M2ACT","og_description":"Awareness, Agency &amp; Accountability in Music and Performing Arts Helvetiarockt, Pour-cent culturel Migros m2act et Kaserne Basel ont invit\u00e9 les participant.e.s les 16 et 17 octobre 2025 \u00e0 la rencontre nationale m2act \u00d7 Helvetiarockt: Awareness, Agency &amp; Accountability in Music and Performing Arts \u00e0 la Kaserne Basel, au kHaus et au Parterre One. L\u2019\u00e9v\u00e9nement consacr\u00e9 [&hellip;]","og_url":"https:\/\/www.m2act.ch\/fr\/m2act-x-helvetiarockt\/","og_site_name":"M2ACT","article_modified_time":"2025-11-09T10:35:53+00:00","og_image":[{"width":2000,"height":640,"url":"https:\/\/www.m2act.ch\/wp-content\/uploads\/2025\/03\/Webbseite_Header.jpg","type":"image\/jpeg"}],"twitter_card":"summary_large_image","twitter_misc":{"Dur\u00e9e de lecture estim\u00e9e":"1 minute"},"schema":{"@context":"https:\/\/schema.org","@graph":[{"@type":"WebPage","@id":"https:\/\/www.m2act.ch\/fr\/m2act-x-helvetiarockt\/","url":"https:\/\/www.m2act.ch\/fr\/m2act-x-helvetiarockt\/","name":"m2act \u00d7 Helvetiarockt - M2ACT","isPartOf":{"@id":"https:\/\/www.m2act.ch\/en\/#website"},"datePublished":"2025-10-27T13:52:57+00:00","dateModified":"2025-11-09T10:35:53+00:00","breadcrumb":{"@id":"https:\/\/www.m2act.ch\/fr\/m2act-x-helvetiarockt\/#breadcrumb"},"inLanguage":"fr-FR","potentialAction":[{"@type":"ReadAction","target":["https:\/\/www.m2act.ch\/fr\/m2act-x-helvetiarockt\/"]}]},{"@type":"BreadcrumbList","@id":"https:\/\/www.m2act.ch\/fr\/m2act-x-helvetiarockt\/#breadcrumb","itemListElement":[{"@type":"ListItem","position":1,"name":"Startseite","item":"https:\/\/www.m2act.ch\/fr\/"},{"@type":"ListItem","position":2,"name":"m2act \u00d7 Helvetiarockt"}]},{"@type":"WebSite","@id":"https:\/\/www.m2act.ch\/en\/#website","url":"https:\/\/www.m2act.ch\/en\/","name":"M2ACT","description":"Ein Projekt von Migros Kulturprozent","potentialAction":[{"@type":"SearchAction","target":{"@type":"EntryPoint","urlTemplate":"https:\/\/www.m2act.ch\/en\/?s={search_term_string}"},"query-input":{"@type":"PropertyValueSpecification","valueRequired":true,"valueName":"search_term_string"}}],"inLanguage":"fr-FR"}]}},"_links":{"self":[{"href":"https:\/\/www.m2act.ch\/fr\/wp-json\/wp\/v2\/pages\/13018","targetHints":{"allow":["GET"]}}],"collection":[{"href":"https:\/\/www.m2act.ch\/fr\/wp-json\/wp\/v2\/pages"}],"about":[{"href":"https:\/\/www.m2act.ch\/fr\/wp-json\/wp\/v2\/types\/page"}],"author":[{"embeddable":true,"href":"https:\/\/www.m2act.ch\/fr\/wp-json\/wp\/v2\/users\/2"}],"replies":[{"embeddable":true,"href":"https:\/\/www.m2act.ch\/fr\/wp-json\/wp\/v2\/comments?post=13018"}],"version-history":[{"count":6,"href":"https:\/\/www.m2act.ch\/fr\/wp-json\/wp\/v2\/pages\/13018\/revisions"}],"predecessor-version":[{"id":13460,"href":"https:\/\/www.m2act.ch\/fr\/wp-json\/wp\/v2\/pages\/13018\/revisions\/13460"}],"wp:attachment":[{"href":"https:\/\/www.m2act.ch\/fr\/wp-json\/wp\/v2\/media?parent=13018"}],"curies":[{"name":"wp","href":"https:\/\/api.w.org\/{rel}","templated":true}]}}