{"id":12374,"date":"2025-07-08T14:15:21","date_gmt":"2025-07-08T12:15:21","guid":{"rendered":"https:\/\/www.m2act.ch\/ausschreibungen\/"},"modified":"2025-12-15T13:09:40","modified_gmt":"2025-12-15T12:09:40","slug":"ausschreibungen","status":"publish","type":"page","link":"https:\/\/www.m2act.ch\/fr\/ausschreibungen\/","title":{"rendered":"Appels \u00e0 projets"},"content":{"rendered":"\n<p>Une fois par an, Pour-cent culturel Migros m2act&nbsp;lance un appel \u00e0 projets public et recherche des projets audacieux. Les th\u00e8mes et les axes de r\u00e9flexion varient d\u2019une ann\u00e9e \u00e0 l\u2019autre afin de toujours donner de nouvelles impulsions. De 2020 \u00e0 2022, l\u2019accent a \u00e9t\u00e9 mis sur de nouvelles id\u00e9es pour promouvoir le changement structurel. En 2023 et 2024, l\u2019appel \u00e0 projets s\u2019est concentr\u00e9 sur l\u2019utilisation d\u2019outils et de connaissances sp\u00e9cifiques existants ainsi que sur la mise en \u0153uvre r\u00e9ussie des processus. L\u2019appel \u00e0 l\u2019action 2025 \u00e9tait ax\u00e9 sur des projets visant \u00e0 renforcer la collaboration au sein des \u00e9quipes. Les compagnies, lieux, festivals, bureaux de production, r\u00e9seaux et autres formations ou structures \u00e9tablies ont eu le temps et l\u2019espace n\u00e9cessaires pour entamer un processus de changement dans leur quotidien professionnel.<\/p>\n\n\n\n<p>Avec l\u2019appel \u00e0 projets 2026, m2act \u00e9largit pour la premi\u00e8re fois son soutien aux disciplines des arts de la sc\u00e8ne, musique, arts visuels, films, jeux vid\u00e9os, culture num\u00e9rique, litt\u00e9rature et bande dessin\u00e9e, spoken word et pratiques interdisciplinaires<em>.<\/em><\/p>\n\n\n<div id=\"toolbox-list-box-block_0336d56f95b39b6f606fb366f5053493\" class=\"mod-toolbox-list\">\n    \n        <ul class=\"toolbox-items\">\n                            <li class=\"toolbox-item \"\n                    data-tools=\"\"\n                    data-targets=\"\"\n                    data-topics=\"\">\n                    <a class=\"toolbox-link\" href=\" https:\/\/www.m2act.ch\/fr\/ausschreibung\/appel-a-projets-m2act-2026-sharing-is-caring\/\">\n                        <div class=\"toolbox-shadow-wrapper\">\n                            <div class=\"filter-effect\">\n                                <div class=\"a-image \">\n\t                <picture class=\"a-image__picture js-lazyload\">\n\t                    <source media=\"(min-width: 1441px)\" data-srcset=\"https:\/\/www.m2act.ch\/wp-content\/uploads\/2025\/12\/KEYVISUAL_M2ACT_2026_1080x1080_LOGO-237x237c.jpg 1x, https:\/\/www.m2act.ch\/wp-content\/uploads\/2025\/12\/KEYVISUAL_M2ACT_2026_1080x1080_LOGO-474x474c.jpg 2x\">\n\t                    <source media=\"(min-width: 992px)\" data-srcset=\"https:\/\/www.m2act.ch\/wp-content\/uploads\/2025\/12\/KEYVISUAL_M2ACT_2026_1080x1080_LOGO-237x237c.jpg  1x, https:\/\/www.m2act.ch\/wp-content\/uploads\/2025\/12\/KEYVISUAL_M2ACT_2026_1080x1080_LOGO-474x474c.jpg 2x\">\n\t                    <source media=\"(min-width: 768px)\" data-srcset=\"https:\/\/www.m2act.ch\/wp-content\/uploads\/2025\/12\/KEYVISUAL_M2ACT_2026_1080x1080_LOGO-354x354c.jpg 1x, https:\/\/www.m2act.ch\/wp-content\/uploads\/2025\/12\/KEYVISUAL_M2ACT_2026_1080x1080_LOGO-708x708c.jpg 2x\">\n\t                    <source media=\"(min-width: 576px)\" data-srcset=\"https:\/\/www.m2act.ch\/wp-content\/uploads\/2025\/12\/KEYVISUAL_M2ACT_2026_1080x1080_LOGO-237x237c.jpg 1x, https:\/\/www.m2act.ch\/wp-content\/uploads\/2025\/12\/KEYVISUAL_M2ACT_2026_1080x1080_LOGO-474x474c.jpg 2x\">\n\t                    <img decoding=\"async\" class=\"a-image__image js-a-image__image lazyload\" src=\"data:image\/gif;base64,R0lGODlhAQABAAAAACH5BAEKAAEALAAAAAABAAEAAAICTAEAOw==\" \n\t                    data-src=\"https:\/\/www.m2act.ch\/wp-content\/uploads\/2025\/12\/KEYVISUAL_M2ACT_2026_1080x1080_LOGO-150x150c.jpg\" data-srcset=\"https:\/\/www.m2act.ch\/wp-content\/uploads\/2025\/12\/KEYVISUAL_M2ACT_2026_1080x1080_LOGO-300x300c.jpg 2x\" alt=\"\"\/>\n\t                <\/picture>\n\t          <\/div>                            <\/div>\n                            <div class=\"toolbox-image-shadow\"><\/div>\n                        <\/div>\n                        <span class=\"toolbox-category\"><\/span>\n                        <span class=\"toolbox-title\">2026<\/span>\n                    <\/a>\n                <\/li>\n                                <li class=\"toolbox-item \"\n                    data-tools=\"\"\n                    data-targets=\"\"\n                    data-topics=\"\">\n                    <a class=\"toolbox-link\" href=\" https:\/\/www.m2act.ch\/fr\/ausschreibung\/2025\/\">\n                        <div class=\"toolbox-shadow-wrapper\">\n                            <div class=\"filter-effect\">\n                                <div class=\"a-image \">\n\t                <picture class=\"a-image__picture js-lazyload\">\n\t                    <source media=\"(min-width: 1441px)\" data-srcset=\"https:\/\/www.m2act.ch\/wp-content\/uploads\/2025\/07\/M2ACT_300x210-237x237c.jpg 1x, https:\/\/www.m2act.ch\/wp-content\/uploads\/2025\/07\/M2ACT_300x210-474x474c.jpg 2x\">\n\t                    <source media=\"(min-width: 992px)\" data-srcset=\"https:\/\/www.m2act.ch\/wp-content\/uploads\/2025\/07\/M2ACT_300x210-237x237c.jpg  1x, https:\/\/www.m2act.ch\/wp-content\/uploads\/2025\/07\/M2ACT_300x210-474x474c.jpg 2x\">\n\t                    <source media=\"(min-width: 768px)\" data-srcset=\"https:\/\/www.m2act.ch\/wp-content\/uploads\/2025\/07\/M2ACT_300x210-354x354c.jpg 1x, https:\/\/www.m2act.ch\/wp-content\/uploads\/2025\/07\/M2ACT_300x210-708x708c.jpg 2x\">\n\t                    <source media=\"(min-width: 576px)\" data-srcset=\"https:\/\/www.m2act.ch\/wp-content\/uploads\/2025\/07\/M2ACT_300x210-237x237c.jpg 1x, https:\/\/www.m2act.ch\/wp-content\/uploads\/2025\/07\/M2ACT_300x210-474x474c.jpg 2x\">\n\t                    <img decoding=\"async\" class=\"a-image__image js-a-image__image lazyload\" src=\"data:image\/gif;base64,R0lGODlhAQABAAAAACH5BAEKAAEALAAAAAABAAEAAAICTAEAOw==\" \n\t                    data-src=\"https:\/\/www.m2act.ch\/wp-content\/uploads\/2025\/07\/M2ACT_300x210-150x150c.jpg\" data-srcset=\"https:\/\/www.m2act.ch\/wp-content\/uploads\/2025\/07\/M2ACT_300x210-300x300c.jpg 2x\" alt=\"\"\/>\n\t                <\/picture>\n\t          <\/div>                            <\/div>\n                            <div class=\"toolbox-image-shadow\"><\/div>\n                        <\/div>\n                        <span class=\"toolbox-category\"><\/span>\n                        <span class=\"toolbox-title\">2025<\/span>\n                    <\/a>\n                <\/li>\n                                <li class=\"toolbox-item \"\n                    data-tools=\"\"\n                    data-targets=\"\"\n                    data-topics=\"\">\n                    <a class=\"toolbox-link\" href=\" https:\/\/www.m2act.ch\/fr\/ausschreibung\/m2act-call-for-action-2024\/\">\n                        <div class=\"toolbox-shadow-wrapper\">\n                            <div class=\"filter-effect\">\n                                <div class=\"a-image \">\n\t                <picture class=\"a-image__picture js-lazyload\">\n\t                    <source media=\"(min-width: 1441px)\" data-srcset=\"https:\/\/www.m2act.ch\/wp-content\/uploads\/2024\/05\/cropped-KEYVISUAL_M2ACT_300x300-237x237c.jpg 1x, https:\/\/www.m2act.ch\/wp-content\/uploads\/2024\/05\/cropped-KEYVISUAL_M2ACT_300x300-474x474c.jpg 2x\">\n\t                    <source media=\"(min-width: 992px)\" data-srcset=\"https:\/\/www.m2act.ch\/wp-content\/uploads\/2024\/05\/cropped-KEYVISUAL_M2ACT_300x300-237x237c.jpg  1x, https:\/\/www.m2act.ch\/wp-content\/uploads\/2024\/05\/cropped-KEYVISUAL_M2ACT_300x300-474x474c.jpg 2x\">\n\t                    <source media=\"(min-width: 768px)\" data-srcset=\"https:\/\/www.m2act.ch\/wp-content\/uploads\/2024\/05\/cropped-KEYVISUAL_M2ACT_300x300-354x354c.jpg 1x, https:\/\/www.m2act.ch\/wp-content\/uploads\/2024\/05\/cropped-KEYVISUAL_M2ACT_300x300-708x708c.jpg 2x\">\n\t                    <source media=\"(min-width: 576px)\" data-srcset=\"https:\/\/www.m2act.ch\/wp-content\/uploads\/2024\/05\/cropped-KEYVISUAL_M2ACT_300x300-237x237c.jpg 1x, https:\/\/www.m2act.ch\/wp-content\/uploads\/2024\/05\/cropped-KEYVISUAL_M2ACT_300x300-474x474c.jpg 2x\">\n\t                    <img decoding=\"async\" class=\"a-image__image js-a-image__image lazyload\" src=\"data:image\/gif;base64,R0lGODlhAQABAAAAACH5BAEKAAEALAAAAAABAAEAAAICTAEAOw==\" \n\t                    data-src=\"https:\/\/www.m2act.ch\/wp-content\/uploads\/2024\/05\/cropped-KEYVISUAL_M2ACT_300x300-150x150c.jpg\" data-srcset=\"https:\/\/www.m2act.ch\/wp-content\/uploads\/2024\/05\/cropped-KEYVISUAL_M2ACT_300x300-300x300c.jpg 2x\" alt=\"\"\/>\n\t                <\/picture>\n\t          <\/div>                            <\/div>\n                            <div class=\"toolbox-image-shadow\"><\/div>\n                        <\/div>\n                        <span class=\"toolbox-category\"><\/span>\n                        <span class=\"toolbox-title\">2024<\/span>\n                    <\/a>\n                <\/li>\n                                <li class=\"toolbox-item \"\n                    data-tools=\"\"\n                    data-targets=\"\"\n                    data-topics=\"\">\n                    <a class=\"toolbox-link\" href=\" https:\/\/www.m2act.ch\/fr\/ausschreibung\/m2act-call-for-action-2023\/\">\n                        <div class=\"toolbox-shadow-wrapper\">\n                            <div class=\"filter-effect\">\n                                <div class=\"a-image \">\n\t                <picture class=\"a-image__picture js-lazyload\">\n\t                    <source media=\"(min-width: 1441px)\" data-srcset=\"https:\/\/www.m2act.ch\/wp-content\/uploads\/2023\/03\/cropped-M2ACT_2023_1080x1080-237x237c.jpg 1x, https:\/\/www.m2act.ch\/wp-content\/uploads\/2023\/03\/cropped-M2ACT_2023_1080x1080-474x474c.jpg 2x\">\n\t                    <source media=\"(min-width: 992px)\" data-srcset=\"https:\/\/www.m2act.ch\/wp-content\/uploads\/2023\/03\/cropped-M2ACT_2023_1080x1080-237x237c.jpg  1x, https:\/\/www.m2act.ch\/wp-content\/uploads\/2023\/03\/cropped-M2ACT_2023_1080x1080-474x474c.jpg 2x\">\n\t                    <source media=\"(min-width: 768px)\" data-srcset=\"https:\/\/www.m2act.ch\/wp-content\/uploads\/2023\/03\/cropped-M2ACT_2023_1080x1080-354x354c.jpg 1x, https:\/\/www.m2act.ch\/wp-content\/uploads\/2023\/03\/cropped-M2ACT_2023_1080x1080-708x708c.jpg 2x\">\n\t                    <source media=\"(min-width: 576px)\" data-srcset=\"https:\/\/www.m2act.ch\/wp-content\/uploads\/2023\/03\/cropped-M2ACT_2023_1080x1080-237x237c.jpg 1x, https:\/\/www.m2act.ch\/wp-content\/uploads\/2023\/03\/cropped-M2ACT_2023_1080x1080-474x474c.jpg 2x\">\n\t                    <img decoding=\"async\" class=\"a-image__image js-a-image__image lazyload\" src=\"data:image\/gif;base64,R0lGODlhAQABAAAAACH5BAEKAAEALAAAAAABAAEAAAICTAEAOw==\" \n\t                    data-src=\"https:\/\/www.m2act.ch\/wp-content\/uploads\/2023\/03\/cropped-M2ACT_2023_1080x1080-150x150c.jpg\" data-srcset=\"https:\/\/www.m2act.ch\/wp-content\/uploads\/2023\/03\/cropped-M2ACT_2023_1080x1080-300x300c.jpg 2x\" alt=\"\"\/>\n\t                <\/picture>\n\t          <\/div>                            <\/div>\n                            <div class=\"toolbox-image-shadow\"><\/div>\n                        <\/div>\n                        <span class=\"toolbox-category\"><\/span>\n                        <span class=\"toolbox-title\">2023<\/span>\n                    <\/a>\n                <\/li>\n                                <li class=\"toolbox-item \"\n                    data-tools=\"\"\n                    data-targets=\"\"\n                    data-topics=\"\">\n                    <a class=\"toolbox-link\" href=\" https:\/\/www.m2act.ch\/fr\/ausschreibung\/appel-a-projets-m2act-2022\/\">\n                        <div class=\"toolbox-shadow-wrapper\">\n                            <div class=\"filter-effect\">\n                                <div class=\"a-image \">\n\t                <picture class=\"a-image__picture js-lazyload\">\n\t                    <source media=\"(min-width: 1441px)\" data-srcset=\"https:\/\/www.m2act.ch\/wp-content\/uploads\/2022\/06\/cropped-M2AC_POST_1080x1080_PIX-237x237c.jpg 1x, https:\/\/www.m2act.ch\/wp-content\/uploads\/2022\/06\/cropped-M2AC_POST_1080x1080_PIX-474x474c.jpg 2x\">\n\t                    <source media=\"(min-width: 992px)\" data-srcset=\"https:\/\/www.m2act.ch\/wp-content\/uploads\/2022\/06\/cropped-M2AC_POST_1080x1080_PIX-237x237c.jpg  1x, https:\/\/www.m2act.ch\/wp-content\/uploads\/2022\/06\/cropped-M2AC_POST_1080x1080_PIX-474x474c.jpg 2x\">\n\t                    <source media=\"(min-width: 768px)\" data-srcset=\"https:\/\/www.m2act.ch\/wp-content\/uploads\/2022\/06\/cropped-M2AC_POST_1080x1080_PIX-354x354c.jpg 1x, https:\/\/www.m2act.ch\/wp-content\/uploads\/2022\/06\/cropped-M2AC_POST_1080x1080_PIX-708x708c.jpg 2x\">\n\t                    <source media=\"(min-width: 576px)\" data-srcset=\"https:\/\/www.m2act.ch\/wp-content\/uploads\/2022\/06\/cropped-M2AC_POST_1080x1080_PIX-237x237c.jpg 1x, https:\/\/www.m2act.ch\/wp-content\/uploads\/2022\/06\/cropped-M2AC_POST_1080x1080_PIX-474x474c.jpg 2x\">\n\t                    <img decoding=\"async\" class=\"a-image__image js-a-image__image lazyload\" src=\"data:image\/gif;base64,R0lGODlhAQABAAAAACH5BAEKAAEALAAAAAABAAEAAAICTAEAOw==\" \n\t                    data-src=\"https:\/\/www.m2act.ch\/wp-content\/uploads\/2022\/06\/cropped-M2AC_POST_1080x1080_PIX-150x150c.jpg\" data-srcset=\"https:\/\/www.m2act.ch\/wp-content\/uploads\/2022\/06\/cropped-M2AC_POST_1080x1080_PIX-300x300c.jpg 2x\" alt=\"\"\/>\n\t                <\/picture>\n\t          <\/div>                            <\/div>\n                            <div class=\"toolbox-image-shadow\"><\/div>\n                        <\/div>\n                        <span class=\"toolbox-category\"><\/span>\n                        <span class=\"toolbox-title\">2022<\/span>\n                    <\/a>\n                <\/li>\n                                <li class=\"toolbox-item \"\n                    data-tools=\"\"\n                    data-targets=\"\"\n                    data-topics=\"\">\n                    <a class=\"toolbox-link\" href=\" https:\/\/www.m2act.ch\/fr\/ausschreibung\/2021\/\">\n                        <div class=\"toolbox-shadow-wrapper\">\n                            <div class=\"filter-effect\">\n                                <div class=\"a-image \">\n\t                <picture class=\"a-image__picture js-lazyload\">\n\t                    <source media=\"(min-width: 1441px)\" data-srcset=\"https:\/\/www.m2act.ch\/wp-content\/uploads\/2025\/07\/KEYVISUAL_2021_KOMPOSITION_FINAL7-2-237x237c.jpg 1x, https:\/\/www.m2act.ch\/wp-content\/uploads\/2025\/07\/KEYVISUAL_2021_KOMPOSITION_FINAL7-2-474x474c.jpg 2x\">\n\t                    <source media=\"(min-width: 992px)\" data-srcset=\"https:\/\/www.m2act.ch\/wp-content\/uploads\/2025\/07\/KEYVISUAL_2021_KOMPOSITION_FINAL7-2-237x237c.jpg  1x, https:\/\/www.m2act.ch\/wp-content\/uploads\/2025\/07\/KEYVISUAL_2021_KOMPOSITION_FINAL7-2-474x474c.jpg 2x\">\n\t                    <source media=\"(min-width: 768px)\" data-srcset=\"https:\/\/www.m2act.ch\/wp-content\/uploads\/2025\/07\/KEYVISUAL_2021_KOMPOSITION_FINAL7-2-354x354c.jpg 1x, https:\/\/www.m2act.ch\/wp-content\/uploads\/2025\/07\/KEYVISUAL_2021_KOMPOSITION_FINAL7-2-708x708c.jpg 2x\">\n\t                    <source media=\"(min-width: 576px)\" data-srcset=\"https:\/\/www.m2act.ch\/wp-content\/uploads\/2025\/07\/KEYVISUAL_2021_KOMPOSITION_FINAL7-2-237x237c.jpg 1x, https:\/\/www.m2act.ch\/wp-content\/uploads\/2025\/07\/KEYVISUAL_2021_KOMPOSITION_FINAL7-2-474x474c.jpg 2x\">\n\t                    <img decoding=\"async\" class=\"a-image__image js-a-image__image lazyload\" src=\"data:image\/gif;base64,R0lGODlhAQABAAAAACH5BAEKAAEALAAAAAABAAEAAAICTAEAOw==\" \n\t                    data-src=\"https:\/\/www.m2act.ch\/wp-content\/uploads\/2025\/07\/KEYVISUAL_2021_KOMPOSITION_FINAL7-2-150x150c.jpg\" data-srcset=\"https:\/\/www.m2act.ch\/wp-content\/uploads\/2025\/07\/KEYVISUAL_2021_KOMPOSITION_FINAL7-2-300x300c.jpg 2x\" alt=\"\"\/>\n\t                <\/picture>\n\t          <\/div>                            <\/div>\n                            <div class=\"toolbox-image-shadow\"><\/div>\n                        <\/div>\n                        <span class=\"toolbox-category\"><\/span>\n                        <span class=\"toolbox-title\">2021<\/span>\n                    <\/a>\n                <\/li>\n                                <li class=\"toolbox-item item--hidden\"\n                    data-tools=\"\"\n                    data-targets=\"\"\n                    data-topics=\"\">\n                    <a class=\"toolbox-link\" href=\" https:\/\/www.m2act.ch\/fr\/ausschreibung\/2020\/\">\n                        <div class=\"toolbox-shadow-wrapper\">\n                            <div class=\"filter-effect\">\n                                <div class=\"a-image \">\n\t                <picture class=\"a-image__picture js-lazyload\">\n\t                    <source media=\"(min-width: 1441px)\" data-srcset=\"https:\/\/www.m2act.ch\/wp-content\/uploads\/2025\/07\/M2ACT_320x260_2020-237x237c.jpg 1x, https:\/\/www.m2act.ch\/wp-content\/uploads\/2025\/07\/M2ACT_320x260_2020-474x474c.jpg 2x\">\n\t                    <source media=\"(min-width: 992px)\" data-srcset=\"https:\/\/www.m2act.ch\/wp-content\/uploads\/2025\/07\/M2ACT_320x260_2020-237x237c.jpg  1x, https:\/\/www.m2act.ch\/wp-content\/uploads\/2025\/07\/M2ACT_320x260_2020-474x474c.jpg 2x\">\n\t                    <source media=\"(min-width: 768px)\" data-srcset=\"https:\/\/www.m2act.ch\/wp-content\/uploads\/2025\/07\/M2ACT_320x260_2020-354x354c.jpg 1x, https:\/\/www.m2act.ch\/wp-content\/uploads\/2025\/07\/M2ACT_320x260_2020-708x708c.jpg 2x\">\n\t                    <source media=\"(min-width: 576px)\" data-srcset=\"https:\/\/www.m2act.ch\/wp-content\/uploads\/2025\/07\/M2ACT_320x260_2020-237x237c.jpg 1x, https:\/\/www.m2act.ch\/wp-content\/uploads\/2025\/07\/M2ACT_320x260_2020-474x474c.jpg 2x\">\n\t                    <img decoding=\"async\" class=\"a-image__image js-a-image__image lazyload\" src=\"data:image\/gif;base64,R0lGODlhAQABAAAAACH5BAEKAAEALAAAAAABAAEAAAICTAEAOw==\" \n\t                    data-src=\"https:\/\/www.m2act.ch\/wp-content\/uploads\/2025\/07\/M2ACT_320x260_2020-150x150c.jpg\" data-srcset=\"https:\/\/www.m2act.ch\/wp-content\/uploads\/2025\/07\/M2ACT_320x260_2020-300x300c.jpg 2x\" alt=\"\"\/>\n\t                <\/picture>\n\t          <\/div>                            <\/div>\n                            <div class=\"toolbox-image-shadow\"><\/div>\n                        <\/div>\n                        <span class=\"toolbox-category\"><\/span>\n                        <span class=\"toolbox-title\">2020<\/span>\n                    <\/a>\n                <\/li>\n                            <li class=\"no-items d-none\">\n                <div>Keine Toolbox Eintr\u00e4ge<\/div>\n            <\/li>\n        <\/ul>\n                <div class=\"show-more\">\n            <button class=\"js-show-more show-more-button\">Tout afficher<\/button>\n        <\/div>\n        \n<\/div>\n\n\n<h3 class=\"wp-block-heading\" id=\"was-ist-m2act\"><\/h3>\n\n\n\n<p><\/p>\n\n\n\n<p>Tu trouveras d&rsquo;autres projets de soutien sp\u00e9cifiques \u00e0 des pratiques interdisciplinaires et transdisciplinaires du Pour-cent culturel Migros sur <a href=\"https:\/\/engagement.migros.ch\/fr\/demander-subvention\">engagement.migros.ch<\/a>.<\/p>\n\n\n\n<p><\/p>\n","protected":false},"excerpt":{"rendered":"<p>Une fois par an, Pour-cent culturel Migros m2act&nbsp;lance un appel \u00e0 projets public et recherche des projets audacieux. Les th\u00e8mes et les axes de r\u00e9flexion varient d\u2019une ann\u00e9e \u00e0 l\u2019autre afin de toujours donner de nouvelles impulsions. De 2020 \u00e0 2022, l\u2019accent a \u00e9t\u00e9 mis sur de nouvelles id\u00e9es pour promouvoir le changement structurel. En [&hellip;]<\/p>\n","protected":false},"author":1,"featured_media":0,"parent":0,"menu_order":22,"comment_status":"closed","ping_status":"closed","template":"","meta":{"_acf_changed":false,"footnotes":""},"class_list":["post-12374","page","type-page","status-publish","hentry"],"acf":[],"yoast_head":"<!-- This site is optimized with the Yoast SEO plugin v27.6 - https:\/\/yoast.com\/product\/yoast-seo-wordpress\/ -->\n<title>Appels \u00e0 projets - M2ACT<\/title>\n<meta name=\"robots\" content=\"index, follow, max-snippet:-1, max-image-preview:large, max-video-preview:-1\" \/>\n<link rel=\"canonical\" href=\"https:\/\/www.m2act.ch\/fr\/ausschreibungen\/\" \/>\n<meta property=\"og:locale\" content=\"fr_FR\" \/>\n<meta property=\"og:type\" content=\"article\" \/>\n<meta property=\"og:title\" content=\"Appels \u00e0 projets - M2ACT\" \/>\n<meta property=\"og:description\" content=\"Une fois par an, Pour-cent culturel Migros m2act&nbsp;lance un appel \u00e0 projets public et recherche des projets audacieux. Les th\u00e8mes et les axes de r\u00e9flexion varient d\u2019une ann\u00e9e \u00e0 l\u2019autre afin de toujours donner de nouvelles impulsions. De 2020 \u00e0 2022, l\u2019accent a \u00e9t\u00e9 mis sur de nouvelles id\u00e9es pour promouvoir le changement structurel. En [&hellip;]\" \/>\n<meta property=\"og:url\" content=\"https:\/\/www.m2act.ch\/fr\/ausschreibungen\/\" \/>\n<meta property=\"og:site_name\" content=\"M2ACT\" \/>\n<meta property=\"article:modified_time\" content=\"2025-12-15T12:09:40+00:00\" \/>\n<meta property=\"og:image\" content=\"https:\/\/www.m2act.ch\/wp-content\/uploads\/2025\/03\/Webbseite_Header.jpg\" \/>\n\t<meta property=\"og:image:width\" content=\"2000\" \/>\n\t<meta property=\"og:image:height\" content=\"640\" \/>\n\t<meta property=\"og:image:type\" content=\"image\/jpeg\" \/>\n<meta name=\"twitter:card\" content=\"summary_large_image\" \/>\n<meta name=\"twitter:label1\" content=\"Dur\u00e9e de lecture estim\u00e9e\" \/>\n\t<meta name=\"twitter:data1\" content=\"2 minutes\" \/>\n<script type=\"application\/ld+json\" class=\"yoast-schema-graph\">{\"@context\":\"https:\\\/\\\/schema.org\",\"@graph\":[{\"@type\":\"WebPage\",\"@id\":\"https:\\\/\\\/www.m2act.ch\\\/fr\\\/ausschreibungen\\\/\",\"url\":\"https:\\\/\\\/www.m2act.ch\\\/fr\\\/ausschreibungen\\\/\",\"name\":\"Appels \u00e0 projets - M2ACT\",\"isPartOf\":{\"@id\":\"https:\\\/\\\/www.m2act.ch\\\/en\\\/#website\"},\"datePublished\":\"2025-07-08T12:15:21+00:00\",\"dateModified\":\"2025-12-15T12:09:40+00:00\",\"breadcrumb\":{\"@id\":\"https:\\\/\\\/www.m2act.ch\\\/fr\\\/ausschreibungen\\\/#breadcrumb\"},\"inLanguage\":\"fr-FR\",\"potentialAction\":[{\"@type\":\"ReadAction\",\"target\":[\"https:\\\/\\\/www.m2act.ch\\\/fr\\\/ausschreibungen\\\/\"]}]},{\"@type\":\"BreadcrumbList\",\"@id\":\"https:\\\/\\\/www.m2act.ch\\\/fr\\\/ausschreibungen\\\/#breadcrumb\",\"itemListElement\":[{\"@type\":\"ListItem\",\"position\":1,\"name\":\"Startseite\",\"item\":\"https:\\\/\\\/www.m2act.ch\\\/fr\\\/\"},{\"@type\":\"ListItem\",\"position\":2,\"name\":\"Appels \u00e0 projets\"}]},{\"@type\":\"WebSite\",\"@id\":\"https:\\\/\\\/www.m2act.ch\\\/en\\\/#website\",\"url\":\"https:\\\/\\\/www.m2act.ch\\\/en\\\/\",\"name\":\"M2ACT\",\"description\":\"Ein Projekt von Migros Kulturprozent\",\"potentialAction\":[{\"@type\":\"SearchAction\",\"target\":{\"@type\":\"EntryPoint\",\"urlTemplate\":\"https:\\\/\\\/www.m2act.ch\\\/en\\\/?s={search_term_string}\"},\"query-input\":{\"@type\":\"PropertyValueSpecification\",\"valueRequired\":true,\"valueName\":\"search_term_string\"}}],\"inLanguage\":\"fr-FR\"}]}<\/script>\n<!-- \/ Yoast SEO plugin. -->","yoast_head_json":{"title":"Appels \u00e0 projets - M2ACT","robots":{"index":"index","follow":"follow","max-snippet":"max-snippet:-1","max-image-preview":"max-image-preview:large","max-video-preview":"max-video-preview:-1"},"canonical":"https:\/\/www.m2act.ch\/fr\/ausschreibungen\/","og_locale":"fr_FR","og_type":"article","og_title":"Appels \u00e0 projets - M2ACT","og_description":"Une fois par an, Pour-cent culturel Migros m2act&nbsp;lance un appel \u00e0 projets public et recherche des projets audacieux. Les th\u00e8mes et les axes de r\u00e9flexion varient d\u2019une ann\u00e9e \u00e0 l\u2019autre afin de toujours donner de nouvelles impulsions. De 2020 \u00e0 2022, l\u2019accent a \u00e9t\u00e9 mis sur de nouvelles id\u00e9es pour promouvoir le changement structurel. En [&hellip;]","og_url":"https:\/\/www.m2act.ch\/fr\/ausschreibungen\/","og_site_name":"M2ACT","article_modified_time":"2025-12-15T12:09:40+00:00","og_image":[{"width":2000,"height":640,"url":"https:\/\/www.m2act.ch\/wp-content\/uploads\/2025\/03\/Webbseite_Header.jpg","type":"image\/jpeg"}],"twitter_card":"summary_large_image","twitter_misc":{"Dur\u00e9e de lecture estim\u00e9e":"2 minutes"},"schema":{"@context":"https:\/\/schema.org","@graph":[{"@type":"WebPage","@id":"https:\/\/www.m2act.ch\/fr\/ausschreibungen\/","url":"https:\/\/www.m2act.ch\/fr\/ausschreibungen\/","name":"Appels \u00e0 projets - M2ACT","isPartOf":{"@id":"https:\/\/www.m2act.ch\/en\/#website"},"datePublished":"2025-07-08T12:15:21+00:00","dateModified":"2025-12-15T12:09:40+00:00","breadcrumb":{"@id":"https:\/\/www.m2act.ch\/fr\/ausschreibungen\/#breadcrumb"},"inLanguage":"fr-FR","potentialAction":[{"@type":"ReadAction","target":["https:\/\/www.m2act.ch\/fr\/ausschreibungen\/"]}]},{"@type":"BreadcrumbList","@id":"https:\/\/www.m2act.ch\/fr\/ausschreibungen\/#breadcrumb","itemListElement":[{"@type":"ListItem","position":1,"name":"Startseite","item":"https:\/\/www.m2act.ch\/fr\/"},{"@type":"ListItem","position":2,"name":"Appels \u00e0 projets"}]},{"@type":"WebSite","@id":"https:\/\/www.m2act.ch\/en\/#website","url":"https:\/\/www.m2act.ch\/en\/","name":"M2ACT","description":"Ein Projekt von Migros Kulturprozent","potentialAction":[{"@type":"SearchAction","target":{"@type":"EntryPoint","urlTemplate":"https:\/\/www.m2act.ch\/en\/?s={search_term_string}"},"query-input":{"@type":"PropertyValueSpecification","valueRequired":true,"valueName":"search_term_string"}}],"inLanguage":"fr-FR"}]}},"_links":{"self":[{"href":"https:\/\/www.m2act.ch\/fr\/wp-json\/wp\/v2\/pages\/12374","targetHints":{"allow":["GET"]}}],"collection":[{"href":"https:\/\/www.m2act.ch\/fr\/wp-json\/wp\/v2\/pages"}],"about":[{"href":"https:\/\/www.m2act.ch\/fr\/wp-json\/wp\/v2\/types\/page"}],"author":[{"embeddable":true,"href":"https:\/\/www.m2act.ch\/fr\/wp-json\/wp\/v2\/users\/1"}],"replies":[{"embeddable":true,"href":"https:\/\/www.m2act.ch\/fr\/wp-json\/wp\/v2\/comments?post=12374"}],"version-history":[{"count":7,"href":"https:\/\/www.m2act.ch\/fr\/wp-json\/wp\/v2\/pages\/12374\/revisions"}],"predecessor-version":[{"id":13913,"href":"https:\/\/www.m2act.ch\/fr\/wp-json\/wp\/v2\/pages\/12374\/revisions\/13913"}],"wp:attachment":[{"href":"https:\/\/www.m2act.ch\/fr\/wp-json\/wp\/v2\/media?parent=12374"}],"curies":[{"name":"wp","href":"https:\/\/api.w.org\/{rel}","templated":true}]}}