{"id":10332,"date":"2025-01-10T15:18:03","date_gmt":"2025-01-10T14:18:03","guid":{"rendered":"https:\/\/www.m2act.ch\/?page_id=10332"},"modified":"2025-01-20T15:25:06","modified_gmt":"2025-01-20T14:25:06","slug":"m2act-x-forum-danse","status":"publish","type":"page","link":"https:\/\/www.m2act.ch\/fr\/m2act-x-forum-danse\/","title":{"rendered":"M2ACT \u00d7 FORUM DANSE"},"content":{"rendered":"\n<h3 class=\"wp-block-heading\"><strong>THE ART OF SOLIDARITY<\/strong><\/h3>\n\n\n\n<p><strong>Les alliances dans les arts de la sc\u00e8ne<\/strong><\/p>\n\n\n\n<p><\/p>\n\n\n<p><iframe loading=\"lazy\" hcb-fetch-image-from=\"https:\/\/www.youtube.com\/watch?v=h3XOvEzRHog\" title=\"Review-Trailer M2ACT x FORUM TANZ\" width=\"500\" height=\"281\" src=\"https:\/\/www.youtube.com\/embed\/h3XOvEzRHog?feature=oembed\" frameborder=\"0\" allow=\"accelerometer; autoplay; clipboard-write; encrypted-media; gyroscope; picture-in-picture; web-share\" referrerpolicy=\"strict-origin-when-cross-origin\" allowfullscreen><\/iframe><\/p>\n\n\n\n<p>Le 22 novembre 2024, des professionnel.le.s de la danse, des \u00e9tudiant.e.s ainsi que diff\u00e9rents repr\u00e9sentant.e.s des arts de la sc\u00e8ne et des d\u00e9cideur.euse.s de la politique et de la culture se rencontreront \u00e0 Bienne dans la Maison.Farel.Haus &amp; Nebia\u00b7Bienne spectaculaire.<\/p>\n\n\n\n<p>Des th\u00e8mes tr\u00e8s actuels tels que la durabilit\u00e9, les pratiques \u00e9quitables, la solidarit\u00e9 internationale et la repr\u00e9sentation des minorit\u00e9s dans les arts du spectacle seront discut\u00e9s. Les participant.e.s prennent part \u00e0 des panels, des discussions et des ateliers, \u00e9changent des id\u00e9es, s&rsquo;inspirent et nouent de nouveaux partenariats.<\/p>\n\n\n\n<p><a href=\"https:\/\/m2act-x-forumtanz-2024.events.migros-kulturprozent.ch\/fr\/\">Site web de l&rsquo;\u00e9v\u00e9nement<\/a><\/p>\n\n\n\n<h2 class=\"wp-block-heading\">Event gallery<\/h2>\n\n\n\n<p><\/p>\n\n\n<div id=\"bild-slider-block_4f931bdaa7c13b524b3de291dfeddf29\" class=\"mod-bild-slider\">\n\t\t\t\t\t            <div class=\"slider\">\n\t\t\t\t                        <div class=\"slide\">\n                            <img decoding=\"async\" class=\"slide-image\"\n                                 srcset=\"https:\/\/www.m2act.ch\/wp-content\/uploads\/2025\/01\/ForumTanz2024-236231-1580x920c.jpg 2x, https:\/\/www.m2act.ch\/wp-content\/uploads\/2025\/01\/ForumTanz2024-236231-790x460c.jpg 1x\"\n                                 src=\"https:\/\/www.m2act.ch\/wp-content\/uploads\/2025\/01\/ForumTanz2024-236231-150x150c.jpg\"\n                                 alt=\"\"\n                            >\n                        <\/div>\n\t\t\t\t\t                        <div class=\"slide\">\n                            <img decoding=\"async\" class=\"slide-image\"\n                                 srcset=\"https:\/\/www.m2act.ch\/wp-content\/uploads\/2025\/01\/ForumTanz2024-236105-1580x920c.jpg 2x, https:\/\/www.m2act.ch\/wp-content\/uploads\/2025\/01\/ForumTanz2024-236105-790x460c.jpg 1x\"\n                                 src=\"https:\/\/www.m2act.ch\/wp-content\/uploads\/2025\/01\/ForumTanz2024-236105-150x150c.jpg\"\n                                 alt=\"\"\n                            >\n                        <\/div>\n\t\t\t\t\t                        <div class=\"slide\">\n                            <img decoding=\"async\" class=\"slide-image\"\n                                 srcset=\"https:\/\/www.m2act.ch\/wp-content\/uploads\/2025\/01\/ForumTanz2024-236287-1-1580x920c.jpg 2x, https:\/\/www.m2act.ch\/wp-content\/uploads\/2025\/01\/ForumTanz2024-236287-1-790x460c.jpg 1x\"\n                                 src=\"https:\/\/www.m2act.ch\/wp-content\/uploads\/2025\/01\/ForumTanz2024-236287-1-150x150c.jpg\"\n                                 alt=\"\"\n                            >\n                        <\/div>\n\t\t\t\t\t                        <div class=\"slide\">\n                            <img decoding=\"async\" class=\"slide-image\"\n                                 srcset=\"https:\/\/www.m2act.ch\/wp-content\/uploads\/2025\/01\/ForumTanz2024-236553-1580x920c.jpg 2x, https:\/\/www.m2act.ch\/wp-content\/uploads\/2025\/01\/ForumTanz2024-236553-790x460c.jpg 1x\"\n                                 src=\"https:\/\/www.m2act.ch\/wp-content\/uploads\/2025\/01\/ForumTanz2024-236553-150x150c.jpg\"\n                                 alt=\"\"\n                            >\n                        <\/div>\n\t\t\t\t\t                        <div class=\"slide\">\n                            <img decoding=\"async\" class=\"slide-image\"\n                                 srcset=\"https:\/\/www.m2act.ch\/wp-content\/uploads\/2025\/01\/ForumTanz2024-236600-1580x920c.jpg 2x, https:\/\/www.m2act.ch\/wp-content\/uploads\/2025\/01\/ForumTanz2024-236600-790x460c.jpg 1x\"\n                                 src=\"https:\/\/www.m2act.ch\/wp-content\/uploads\/2025\/01\/ForumTanz2024-236600-150x150c.jpg\"\n                                 alt=\"\"\n                            >\n                        <\/div>\n\t\t\t\t\t                        <div class=\"slide\">\n                            <img decoding=\"async\" class=\"slide-image\"\n                                 srcset=\"https:\/\/www.m2act.ch\/wp-content\/uploads\/2025\/01\/ForumTanz2024-236710-1580x920c.jpg 2x, https:\/\/www.m2act.ch\/wp-content\/uploads\/2025\/01\/ForumTanz2024-236710-790x460c.jpg 1x\"\n                                 src=\"https:\/\/www.m2act.ch\/wp-content\/uploads\/2025\/01\/ForumTanz2024-236710-150x150c.jpg\"\n                                 alt=\"\"\n                            >\n                        <\/div>\n\t\t\t\t\t                        <div class=\"slide\">\n                            <img decoding=\"async\" class=\"slide-image\"\n                                 srcset=\"https:\/\/www.m2act.ch\/wp-content\/uploads\/2025\/01\/ForumTanz2024-236738-1580x920c.jpg 2x, https:\/\/www.m2act.ch\/wp-content\/uploads\/2025\/01\/ForumTanz2024-236738-790x460c.jpg 1x\"\n                                 src=\"https:\/\/www.m2act.ch\/wp-content\/uploads\/2025\/01\/ForumTanz2024-236738-150x150c.jpg\"\n                                 alt=\"\"\n                            >\n                        <\/div>\n\t\t\t\t\t                        <div class=\"slide\">\n                            <img decoding=\"async\" class=\"slide-image\"\n                                 srcset=\"https:\/\/www.m2act.ch\/wp-content\/uploads\/2025\/01\/ForumTanz2024-236853-1580x920c.jpg 2x, https:\/\/www.m2act.ch\/wp-content\/uploads\/2025\/01\/ForumTanz2024-236853-790x460c.jpg 1x\"\n                                 src=\"https:\/\/www.m2act.ch\/wp-content\/uploads\/2025\/01\/ForumTanz2024-236853-150x150c.jpg\"\n                                 alt=\"\"\n                            >\n                        <\/div>\n\t\t\t\t\t                        <div class=\"slide\">\n                            <img decoding=\"async\" class=\"slide-image\"\n                                 srcset=\"https:\/\/www.m2act.ch\/wp-content\/uploads\/2025\/01\/ForumTanz2024-237043-1580x920c.jpg 2x, https:\/\/www.m2act.ch\/wp-content\/uploads\/2025\/01\/ForumTanz2024-237043-790x460c.jpg 1x\"\n                                 src=\"https:\/\/www.m2act.ch\/wp-content\/uploads\/2025\/01\/ForumTanz2024-237043-150x150c.jpg\"\n                                 alt=\"\"\n                            >\n                        <\/div>\n\t\t\t\t\t                        <div class=\"slide\">\n                            <img decoding=\"async\" class=\"slide-image\"\n                                 srcset=\"https:\/\/www.m2act.ch\/wp-content\/uploads\/2025\/01\/ForumTanz2024-237202-1580x920c.jpg 2x, https:\/\/www.m2act.ch\/wp-content\/uploads\/2025\/01\/ForumTanz2024-237202-790x460c.jpg 1x\"\n                                 src=\"https:\/\/www.m2act.ch\/wp-content\/uploads\/2025\/01\/ForumTanz2024-237202-150x150c.jpg\"\n                                 alt=\"\"\n                            >\n                        <\/div>\n\t\t\t\t\t                        <div class=\"slide\">\n                            <img decoding=\"async\" class=\"slide-image\"\n                                 srcset=\"https:\/\/www.m2act.ch\/wp-content\/uploads\/2025\/01\/ForumTanz2024-237448-1580x920c.jpg 2x, https:\/\/www.m2act.ch\/wp-content\/uploads\/2025\/01\/ForumTanz2024-237448-790x460c.jpg 1x\"\n                                 src=\"https:\/\/www.m2act.ch\/wp-content\/uploads\/2025\/01\/ForumTanz2024-237448-150x150c.jpg\"\n                                 alt=\"\"\n                            >\n                        <\/div>\n\t\t\t\t\t                        <div class=\"slide\">\n                            <img decoding=\"async\" class=\"slide-image\"\n                                 srcset=\"https:\/\/www.m2act.ch\/wp-content\/uploads\/2025\/01\/ForumTanz2024-237579-1580x920c.jpg 2x, https:\/\/www.m2act.ch\/wp-content\/uploads\/2025\/01\/ForumTanz2024-237579-790x460c.jpg 1x\"\n                                 src=\"https:\/\/www.m2act.ch\/wp-content\/uploads\/2025\/01\/ForumTanz2024-237579-150x150c.jpg\"\n                                 alt=\"\"\n                            >\n                        <\/div>\n\t\t\t\t\t                        <div class=\"slide\">\n                            <img decoding=\"async\" class=\"slide-image\"\n                                 srcset=\"https:\/\/www.m2act.ch\/wp-content\/uploads\/2025\/01\/ForumTanz2024-237757-1580x920c.jpg 2x, https:\/\/www.m2act.ch\/wp-content\/uploads\/2025\/01\/ForumTanz2024-237757-790x460c.jpg 1x\"\n                                 src=\"https:\/\/www.m2act.ch\/wp-content\/uploads\/2025\/01\/ForumTanz2024-237757-150x150c.jpg\"\n                                 alt=\"\"\n                            >\n                        <\/div>\n\t\t\t\t\t                        <div class=\"slide\">\n                            <img decoding=\"async\" class=\"slide-image\"\n                                 srcset=\"https:\/\/www.m2act.ch\/wp-content\/uploads\/2025\/01\/ForumTanz2024-237945-1580x920c.jpg 2x, https:\/\/www.m2act.ch\/wp-content\/uploads\/2025\/01\/ForumTanz2024-237945-790x460c.jpg 1x\"\n                                 src=\"https:\/\/www.m2act.ch\/wp-content\/uploads\/2025\/01\/ForumTanz2024-237945-150x150c.jpg\"\n                                 alt=\"\"\n                            >\n                        <\/div>\n\t\t\t\t\t                        <div class=\"slide\">\n                            <img decoding=\"async\" class=\"slide-image\"\n                                 srcset=\"https:\/\/www.m2act.ch\/wp-content\/uploads\/2025\/01\/ForumTanz2024-237547-1580x920c.jpg 2x, https:\/\/www.m2act.ch\/wp-content\/uploads\/2025\/01\/ForumTanz2024-237547-790x460c.jpg 1x\"\n                                 src=\"https:\/\/www.m2act.ch\/wp-content\/uploads\/2025\/01\/ForumTanz2024-237547-150x150c.jpg\"\n                                 alt=\"\"\n                            >\n                        <\/div>\n\t\t\t\t\t                        <div class=\"slide\">\n                            <img decoding=\"async\" class=\"slide-image\"\n                                 srcset=\"https:\/\/www.m2act.ch\/wp-content\/uploads\/2025\/01\/ForumTanz2024-237999-1580x920c.jpg 2x, https:\/\/www.m2act.ch\/wp-content\/uploads\/2025\/01\/ForumTanz2024-237999-790x460c.jpg 1x\"\n                                 src=\"https:\/\/www.m2act.ch\/wp-content\/uploads\/2025\/01\/ForumTanz2024-237999-150x150c.jpg\"\n                                 alt=\"\"\n                            >\n                        <\/div>\n\t\t\t\t\t                        <div class=\"slide\">\n                            <img decoding=\"async\" class=\"slide-image\"\n                                 srcset=\"https:\/\/www.m2act.ch\/wp-content\/uploads\/2025\/01\/ForumTanz2024-238059-1580x920c.jpg 2x, https:\/\/www.m2act.ch\/wp-content\/uploads\/2025\/01\/ForumTanz2024-238059-790x460c.jpg 1x\"\n                                 src=\"https:\/\/www.m2act.ch\/wp-content\/uploads\/2025\/01\/ForumTanz2024-238059-150x150c.jpg\"\n                                 alt=\"\"\n                            >\n                        <\/div>\n\t\t\t\t\t                        <div class=\"slide\">\n                            <img decoding=\"async\" class=\"slide-image\"\n                                 srcset=\"https:\/\/www.m2act.ch\/wp-content\/uploads\/2025\/01\/ForumTanz2024-238095-1580x920c.jpg 2x, https:\/\/www.m2act.ch\/wp-content\/uploads\/2025\/01\/ForumTanz2024-238095-790x460c.jpg 1x\"\n                                 src=\"https:\/\/www.m2act.ch\/wp-content\/uploads\/2025\/01\/ForumTanz2024-238095-150x150c.jpg\"\n                                 alt=\"\"\n                            >\n                        <\/div>\n\t\t\t\t\t                        <div class=\"slide\">\n                            <img decoding=\"async\" class=\"slide-image\"\n                                 srcset=\"https:\/\/www.m2act.ch\/wp-content\/uploads\/2025\/01\/ForumTanz2024-238155-1580x920c.jpg 2x, https:\/\/www.m2act.ch\/wp-content\/uploads\/2025\/01\/ForumTanz2024-238155-790x460c.jpg 1x\"\n                                 src=\"https:\/\/www.m2act.ch\/wp-content\/uploads\/2025\/01\/ForumTanz2024-238155-150x150c.jpg\"\n                                 alt=\"\"\n                            >\n                        <\/div>\n\t\t\t\t\t            <\/div>\n\t\t\t<\/div>\n\n\n\n<p><\/p>\n\n\n\n<p>Photos: \u00a9 Nelly Rodriguez<br>Vid\u00e9o: \u00a9 Elisabeth Bl\u00e4ttler<\/p>\n\n\n\n<p><\/p>\n","protected":false},"excerpt":{"rendered":"<p>THE ART OF SOLIDARITY Les alliances dans les arts de la sc\u00e8ne Le 22 novembre 2024, des professionnel.le.s de la danse, des \u00e9tudiant.e.s ainsi que diff\u00e9rents repr\u00e9sentant.e.s des arts de la sc\u00e8ne et des d\u00e9cideur.euse.s de la politique et de la culture se rencontreront \u00e0 Bienne dans la Maison.Farel.Haus &amp; Nebia\u00b7Bienne spectaculaire. Des th\u00e8mes tr\u00e8s [&hellip;]<\/p>\n","protected":false},"author":2,"featured_media":0,"parent":0,"menu_order":45,"comment_status":"closed","ping_status":"closed","template":"","meta":{"_acf_changed":false,"footnotes":""},"class_list":["post-10332","page","type-page","status-publish","hentry"],"acf":[],"yoast_head":"<!-- This site is optimized with the Yoast SEO plugin v27.2 - https:\/\/yoast.com\/product\/yoast-seo-wordpress\/ -->\n<title>M2ACT \u00d7 FORUM DANSE - M2ACT<\/title>\n<meta name=\"robots\" content=\"index, follow, max-snippet:-1, max-image-preview:large, max-video-preview:-1\" \/>\n<link rel=\"canonical\" href=\"https:\/\/www.m2act.ch\/fr\/m2act-x-forum-danse\/\" \/>\n<meta property=\"og:locale\" content=\"fr_FR\" \/>\n<meta property=\"og:type\" content=\"article\" \/>\n<meta property=\"og:title\" content=\"M2ACT \u00d7 FORUM DANSE - M2ACT\" \/>\n<meta property=\"og:description\" content=\"THE ART OF SOLIDARITY Les alliances dans les arts de la sc\u00e8ne Le 22 novembre 2024, des professionnel.le.s de la danse, des \u00e9tudiant.e.s ainsi que diff\u00e9rents repr\u00e9sentant.e.s des arts de la sc\u00e8ne et des d\u00e9cideur.euse.s de la politique et de la culture se rencontreront \u00e0 Bienne dans la Maison.Farel.Haus &amp; Nebia\u00b7Bienne spectaculaire. Des th\u00e8mes tr\u00e8s [&hellip;]\" \/>\n<meta property=\"og:url\" content=\"https:\/\/www.m2act.ch\/fr\/m2act-x-forum-danse\/\" \/>\n<meta property=\"og:site_name\" content=\"M2ACT\" \/>\n<meta property=\"article:modified_time\" content=\"2025-01-20T14:25:06+00:00\" \/>\n<meta property=\"og:image\" content=\"https:\/\/www.m2act.ch\/wp-content\/uploads\/2025\/03\/Webbseite_Header.jpg\" \/>\n\t<meta property=\"og:image:width\" content=\"2000\" \/>\n\t<meta property=\"og:image:height\" content=\"640\" \/>\n\t<meta property=\"og:image:type\" content=\"image\/jpeg\" \/>\n<meta name=\"twitter:card\" content=\"summary_large_image\" \/>\n<meta name=\"twitter:label1\" content=\"Dur\u00e9e de lecture estim\u00e9e\" \/>\n\t<meta name=\"twitter:data1\" content=\"1 minute\" \/>\n<script type=\"application\/ld+json\" class=\"yoast-schema-graph\">{\"@context\":\"https:\/\/schema.org\",\"@graph\":[{\"@type\":\"WebPage\",\"@id\":\"https:\/\/www.m2act.ch\/fr\/m2act-x-forum-danse\/\",\"url\":\"https:\/\/www.m2act.ch\/fr\/m2act-x-forum-danse\/\",\"name\":\"M2ACT \u00d7 FORUM DANSE - M2ACT\",\"isPartOf\":{\"@id\":\"https:\/\/www.m2act.ch\/en\/#website\"},\"datePublished\":\"2025-01-10T14:18:03+00:00\",\"dateModified\":\"2025-01-20T14:25:06+00:00\",\"breadcrumb\":{\"@id\":\"https:\/\/www.m2act.ch\/fr\/m2act-x-forum-danse\/#breadcrumb\"},\"inLanguage\":\"fr-FR\",\"potentialAction\":[{\"@type\":\"ReadAction\",\"target\":[\"https:\/\/www.m2act.ch\/fr\/m2act-x-forum-danse\/\"]}]},{\"@type\":\"BreadcrumbList\",\"@id\":\"https:\/\/www.m2act.ch\/fr\/m2act-x-forum-danse\/#breadcrumb\",\"itemListElement\":[{\"@type\":\"ListItem\",\"position\":1,\"name\":\"Startseite\",\"item\":\"https:\/\/www.m2act.ch\/fr\/\"},{\"@type\":\"ListItem\",\"position\":2,\"name\":\"M2ACT \u00d7 FORUM DANSE\"}]},{\"@type\":\"WebSite\",\"@id\":\"https:\/\/www.m2act.ch\/en\/#website\",\"url\":\"https:\/\/www.m2act.ch\/en\/\",\"name\":\"M2ACT\",\"description\":\"Ein Projekt von Migros Kulturprozent\",\"potentialAction\":[{\"@type\":\"SearchAction\",\"target\":{\"@type\":\"EntryPoint\",\"urlTemplate\":\"https:\/\/www.m2act.ch\/en\/?s={search_term_string}\"},\"query-input\":{\"@type\":\"PropertyValueSpecification\",\"valueRequired\":true,\"valueName\":\"search_term_string\"}}],\"inLanguage\":\"fr-FR\"}]}<\/script>\n<!-- \/ Yoast SEO plugin. -->","yoast_head_json":{"title":"M2ACT \u00d7 FORUM DANSE - M2ACT","robots":{"index":"index","follow":"follow","max-snippet":"max-snippet:-1","max-image-preview":"max-image-preview:large","max-video-preview":"max-video-preview:-1"},"canonical":"https:\/\/www.m2act.ch\/fr\/m2act-x-forum-danse\/","og_locale":"fr_FR","og_type":"article","og_title":"M2ACT \u00d7 FORUM DANSE - M2ACT","og_description":"THE ART OF SOLIDARITY Les alliances dans les arts de la sc\u00e8ne Le 22 novembre 2024, des professionnel.le.s de la danse, des \u00e9tudiant.e.s ainsi que diff\u00e9rents repr\u00e9sentant.e.s des arts de la sc\u00e8ne et des d\u00e9cideur.euse.s de la politique et de la culture se rencontreront \u00e0 Bienne dans la Maison.Farel.Haus &amp; Nebia\u00b7Bienne spectaculaire. Des th\u00e8mes tr\u00e8s [&hellip;]","og_url":"https:\/\/www.m2act.ch\/fr\/m2act-x-forum-danse\/","og_site_name":"M2ACT","article_modified_time":"2025-01-20T14:25:06+00:00","og_image":[{"width":2000,"height":640,"url":"https:\/\/www.m2act.ch\/wp-content\/uploads\/2025\/03\/Webbseite_Header.jpg","type":"image\/jpeg"}],"twitter_card":"summary_large_image","twitter_misc":{"Dur\u00e9e de lecture estim\u00e9e":"1 minute"},"schema":{"@context":"https:\/\/schema.org","@graph":[{"@type":"WebPage","@id":"https:\/\/www.m2act.ch\/fr\/m2act-x-forum-danse\/","url":"https:\/\/www.m2act.ch\/fr\/m2act-x-forum-danse\/","name":"M2ACT \u00d7 FORUM DANSE - M2ACT","isPartOf":{"@id":"https:\/\/www.m2act.ch\/en\/#website"},"datePublished":"2025-01-10T14:18:03+00:00","dateModified":"2025-01-20T14:25:06+00:00","breadcrumb":{"@id":"https:\/\/www.m2act.ch\/fr\/m2act-x-forum-danse\/#breadcrumb"},"inLanguage":"fr-FR","potentialAction":[{"@type":"ReadAction","target":["https:\/\/www.m2act.ch\/fr\/m2act-x-forum-danse\/"]}]},{"@type":"BreadcrumbList","@id":"https:\/\/www.m2act.ch\/fr\/m2act-x-forum-danse\/#breadcrumb","itemListElement":[{"@type":"ListItem","position":1,"name":"Startseite","item":"https:\/\/www.m2act.ch\/fr\/"},{"@type":"ListItem","position":2,"name":"M2ACT \u00d7 FORUM DANSE"}]},{"@type":"WebSite","@id":"https:\/\/www.m2act.ch\/en\/#website","url":"https:\/\/www.m2act.ch\/en\/","name":"M2ACT","description":"Ein Projekt von Migros Kulturprozent","potentialAction":[{"@type":"SearchAction","target":{"@type":"EntryPoint","urlTemplate":"https:\/\/www.m2act.ch\/en\/?s={search_term_string}"},"query-input":{"@type":"PropertyValueSpecification","valueRequired":true,"valueName":"search_term_string"}}],"inLanguage":"fr-FR"}]}},"_links":{"self":[{"href":"https:\/\/www.m2act.ch\/fr\/wp-json\/wp\/v2\/pages\/10332","targetHints":{"allow":["GET"]}}],"collection":[{"href":"https:\/\/www.m2act.ch\/fr\/wp-json\/wp\/v2\/pages"}],"about":[{"href":"https:\/\/www.m2act.ch\/fr\/wp-json\/wp\/v2\/types\/page"}],"author":[{"embeddable":true,"href":"https:\/\/www.m2act.ch\/fr\/wp-json\/wp\/v2\/users\/2"}],"replies":[{"embeddable":true,"href":"https:\/\/www.m2act.ch\/fr\/wp-json\/wp\/v2\/comments?post=10332"}],"version-history":[{"count":6,"href":"https:\/\/www.m2act.ch\/fr\/wp-json\/wp\/v2\/pages\/10332\/revisions"}],"predecessor-version":[{"id":10669,"href":"https:\/\/www.m2act.ch\/fr\/wp-json\/wp\/v2\/pages\/10332\/revisions\/10669"}],"wp:attachment":[{"href":"https:\/\/www.m2act.ch\/fr\/wp-json\/wp\/v2\/media?parent=10332"}],"curies":[{"name":"wp","href":"https:\/\/api.w.org\/{rel}","templated":true}]}}