{"id":934,"date":"2020-09-15T10:31:40","date_gmt":"2020-09-15T08:31:40","guid":{"rendered":"https:\/\/www.m2act.ch\/impressum\/"},"modified":"2024-10-11T15:33:25","modified_gmt":"2024-10-11T13:33:25","slug":"impressum","status":"publish","type":"page","link":"https:\/\/www.m2act.ch\/en\/impressum\/","title":{"rendered":"Impressum"},"content":{"rendered":"\n<p>Federation of Migros Cooperatives<\/p>\n\n\n\n<p><\/p>\n\n\n\n<p><strong><strong>Overall responsibility<\/strong><\/strong><br>Mira Song, Head of the Social Affairs and Culture Department<br><\/p>\n\n\n\n<p><strong>Migros Culture Percentage m2act<\/strong><br>Saima S\u00e4gesser, Lead Migros Culture Percentage m2act<br>Federation of Migros Cooperatives<br>Social Affairs and Culture Department <br>L\u00f6wenbr\u00e4ukunst-Areal<br>Limmatstrasse 270<br>PO Box 1766<br>CH-8031 Z\u00fcrich<br><\/p>\n\n\n\n<p><strong>Contact<\/strong><br><a href=\"mailto:m2act@mgb.ch\">m2act@mgb.ch<\/a><\/p>\n\n\n\n<p>Concept and design:&nbsp;<a rel=\"noreferrer noopener\" href=\"http:\/\/www.sonjastuder.ch\/\" target=\"_blank\">Sonja Studer<\/a><br>Programming website:&nbsp;<a href=\"http:\/\/www.aleaiactadigital.ch\/\">alea iacta digital<\/a><br>Text: m2act team and Patrick Ilg<\/p>\n\n\n\n<p><\/p>\n\n\n\n<p><strong>Images<\/strong><br>Key Visual 2024: Daniela Ruocco \u00a9 Mali Lazell \/ Firma f\u00fcr Zwischenbereiche: &#8220;Meine Heidi, deine Heidi&#8221; \u00a9 Ketty Bertossi<\/p>\n\n\n\n<p>Key Visuals 2023: BRUNING ISSUES 2020 \u00a9 Rebecca R\u00fctten \/ Frauenstreik 2019 \u00a9 Eleni Kougionis<\/p>\n\n\n\n<p>Key Visuals 2022: \u00abSoya the Cow\u00bb \u00a9 Olivia Schenker \/ still from \u00abAnimal Remains\u00bb, 2018, video installation, Badel\/Sarbach<\/p>\n\n\n\n<p>Key Visuals 2021: Kinda Gozo, Cie Linga: &#8220;Sottovoce&#8221; \u00a9 Gregory Batardon \/ Cie Greffe: &#8220;Elementen III &#8211; Blazing Wreck&#8221; \u00a9 Christian Lutz<\/p>\n\n\n\n<p><\/p>\n\n\n\n<p>Key Visuals 2020: Manaka Empowerment Prod.: &#8220;Black. Space. Race&#8221; \u00a9 Janosch Abel \/ Unplush: &#8220;Of Humans and other Artifacts&#8221; \u00a9 Roman Brunner<\/p>\n\n\n\n<p>Photos m2act@S\u00fcdpol 2020 \u00a9 Nicolas Gysin<br>Photos m2act@Gessnerallee 2021 \u00a9 Nicolas Gysin<br>Photos m2act@grange-unil 2022 \u00a9 Nora Rupp<br>Photos m2act x Burning Issues 2023 \u00a9 Nora Rupp<\/p>\n","protected":false},"excerpt":{"rendered":"<p>Federation of Migros Cooperatives Overall responsibilityMira Song, Head of the Social Affairs and Culture Department Migros Culture Percentage m2actSaima S\u00e4gesser, Lead Migros Culture Percentage m2actFederation of Migros CooperativesSocial Affairs and Culture Department L\u00f6wenbr\u00e4ukunst-ArealLimmatstrasse 270PO Box 1766CH-8031 Z\u00fcrich Contactm2act@mgb.ch Concept and design:&nbsp;Sonja StuderProgramming website:&nbsp;alea iacta digitalText: m2act team and Patrick Ilg ImagesKey Visual 2024: Daniela Ruocco [&hellip;]<\/p>\n","protected":false},"author":1,"featured_media":0,"parent":0,"menu_order":138,"comment_status":"closed","ping_status":"closed","template":"","meta":{"_acf_changed":false,"footnotes":""},"class_list":["post-934","page","type-page","status-publish","hentry"],"acf":[],"yoast_head":"<!-- This site is optimized with the Yoast SEO plugin v27.2 - https:\/\/yoast.com\/product\/yoast-seo-wordpress\/ -->\n<title>Impressum - M2ACT<\/title>\n<meta name=\"robots\" content=\"index, follow, max-snippet:-1, max-image-preview:large, max-video-preview:-1\" \/>\n<link rel=\"canonical\" href=\"https:\/\/www.m2act.ch\/en\/impressum\/\" \/>\n<meta property=\"og:locale\" content=\"en_US\" \/>\n<meta property=\"og:type\" content=\"article\" \/>\n<meta property=\"og:title\" content=\"Impressum - M2ACT\" \/>\n<meta property=\"og:description\" content=\"Federation of Migros Cooperatives Overall responsibilityMira Song, Head of the Social Affairs and Culture Department Migros Culture Percentage m2actSaima S\u00e4gesser, Lead Migros Culture Percentage m2actFederation of Migros CooperativesSocial Affairs and Culture Department L\u00f6wenbr\u00e4ukunst-ArealLimmatstrasse 270PO Box 1766CH-8031 Z\u00fcrich Contactm2act@mgb.ch Concept and design:&nbsp;Sonja StuderProgramming website:&nbsp;alea iacta digitalText: m2act team and Patrick Ilg ImagesKey Visual 2024: Daniela Ruocco [&hellip;]\" \/>\n<meta property=\"og:url\" content=\"https:\/\/www.m2act.ch\/en\/impressum\/\" \/>\n<meta property=\"og:site_name\" content=\"M2ACT\" \/>\n<meta property=\"article:modified_time\" content=\"2024-10-11T13:33:25+00:00\" \/>\n<meta property=\"og:image\" content=\"https:\/\/www.m2act.ch\/wp-content\/uploads\/2025\/03\/Webbseite_Header.jpg\" \/>\n\t<meta property=\"og:image:width\" content=\"2000\" \/>\n\t<meta property=\"og:image:height\" content=\"640\" \/>\n\t<meta property=\"og:image:type\" content=\"image\/jpeg\" \/>\n<meta name=\"twitter:card\" content=\"summary_large_image\" \/>\n<meta name=\"twitter:label1\" content=\"Est. reading time\" \/>\n\t<meta name=\"twitter:data1\" content=\"2 minutes\" \/>\n<script type=\"application\/ld+json\" class=\"yoast-schema-graph\">{\"@context\":\"https:\/\/schema.org\",\"@graph\":[{\"@type\":\"WebPage\",\"@id\":\"https:\/\/www.m2act.ch\/en\/impressum\/\",\"url\":\"https:\/\/www.m2act.ch\/en\/impressum\/\",\"name\":\"Impressum - M2ACT\",\"isPartOf\":{\"@id\":\"https:\/\/www.m2act.ch\/en\/#website\"},\"datePublished\":\"2020-09-15T08:31:40+00:00\",\"dateModified\":\"2024-10-11T13:33:25+00:00\",\"breadcrumb\":{\"@id\":\"https:\/\/www.m2act.ch\/en\/impressum\/#breadcrumb\"},\"inLanguage\":\"en-US\",\"potentialAction\":[{\"@type\":\"ReadAction\",\"target\":[\"https:\/\/www.m2act.ch\/en\/impressum\/\"]}]},{\"@type\":\"BreadcrumbList\",\"@id\":\"https:\/\/www.m2act.ch\/en\/impressum\/#breadcrumb\",\"itemListElement\":[{\"@type\":\"ListItem\",\"position\":1,\"name\":\"Startseite\",\"item\":\"https:\/\/www.m2act.ch\/en\/\"},{\"@type\":\"ListItem\",\"position\":2,\"name\":\"Impressum\"}]},{\"@type\":\"WebSite\",\"@id\":\"https:\/\/www.m2act.ch\/en\/#website\",\"url\":\"https:\/\/www.m2act.ch\/en\/\",\"name\":\"M2ACT\",\"description\":\"Ein Projekt von Migros Kulturprozent\",\"potentialAction\":[{\"@type\":\"SearchAction\",\"target\":{\"@type\":\"EntryPoint\",\"urlTemplate\":\"https:\/\/www.m2act.ch\/en\/?s={search_term_string}\"},\"query-input\":{\"@type\":\"PropertyValueSpecification\",\"valueRequired\":true,\"valueName\":\"search_term_string\"}}],\"inLanguage\":\"en-US\"}]}<\/script>\n<!-- \/ Yoast SEO plugin. -->","yoast_head_json":{"title":"Impressum - M2ACT","robots":{"index":"index","follow":"follow","max-snippet":"max-snippet:-1","max-image-preview":"max-image-preview:large","max-video-preview":"max-video-preview:-1"},"canonical":"https:\/\/www.m2act.ch\/en\/impressum\/","og_locale":"en_US","og_type":"article","og_title":"Impressum - M2ACT","og_description":"Federation of Migros Cooperatives Overall responsibilityMira Song, Head of the Social Affairs and Culture Department Migros Culture Percentage m2actSaima S\u00e4gesser, Lead Migros Culture Percentage m2actFederation of Migros CooperativesSocial Affairs and Culture Department L\u00f6wenbr\u00e4ukunst-ArealLimmatstrasse 270PO Box 1766CH-8031 Z\u00fcrich Contactm2act@mgb.ch Concept and design:&nbsp;Sonja StuderProgramming website:&nbsp;alea iacta digitalText: m2act team and Patrick Ilg ImagesKey Visual 2024: Daniela Ruocco [&hellip;]","og_url":"https:\/\/www.m2act.ch\/en\/impressum\/","og_site_name":"M2ACT","article_modified_time":"2024-10-11T13:33:25+00:00","og_image":[{"width":2000,"height":640,"url":"https:\/\/www.m2act.ch\/wp-content\/uploads\/2025\/03\/Webbseite_Header.jpg","type":"image\/jpeg"}],"twitter_card":"summary_large_image","twitter_misc":{"Est. reading time":"2 minutes"},"schema":{"@context":"https:\/\/schema.org","@graph":[{"@type":"WebPage","@id":"https:\/\/www.m2act.ch\/en\/impressum\/","url":"https:\/\/www.m2act.ch\/en\/impressum\/","name":"Impressum - M2ACT","isPartOf":{"@id":"https:\/\/www.m2act.ch\/en\/#website"},"datePublished":"2020-09-15T08:31:40+00:00","dateModified":"2024-10-11T13:33:25+00:00","breadcrumb":{"@id":"https:\/\/www.m2act.ch\/en\/impressum\/#breadcrumb"},"inLanguage":"en-US","potentialAction":[{"@type":"ReadAction","target":["https:\/\/www.m2act.ch\/en\/impressum\/"]}]},{"@type":"BreadcrumbList","@id":"https:\/\/www.m2act.ch\/en\/impressum\/#breadcrumb","itemListElement":[{"@type":"ListItem","position":1,"name":"Startseite","item":"https:\/\/www.m2act.ch\/en\/"},{"@type":"ListItem","position":2,"name":"Impressum"}]},{"@type":"WebSite","@id":"https:\/\/www.m2act.ch\/en\/#website","url":"https:\/\/www.m2act.ch\/en\/","name":"M2ACT","description":"Ein Projekt von Migros Kulturprozent","potentialAction":[{"@type":"SearchAction","target":{"@type":"EntryPoint","urlTemplate":"https:\/\/www.m2act.ch\/en\/?s={search_term_string}"},"query-input":{"@type":"PropertyValueSpecification","valueRequired":true,"valueName":"search_term_string"}}],"inLanguage":"en-US"}]}},"_links":{"self":[{"href":"https:\/\/www.m2act.ch\/en\/wp-json\/wp\/v2\/pages\/934","targetHints":{"allow":["GET"]}}],"collection":[{"href":"https:\/\/www.m2act.ch\/en\/wp-json\/wp\/v2\/pages"}],"about":[{"href":"https:\/\/www.m2act.ch\/en\/wp-json\/wp\/v2\/types\/page"}],"author":[{"embeddable":true,"href":"https:\/\/www.m2act.ch\/en\/wp-json\/wp\/v2\/users\/1"}],"replies":[{"embeddable":true,"href":"https:\/\/www.m2act.ch\/en\/wp-json\/wp\/v2\/comments?post=934"}],"version-history":[{"count":12,"href":"https:\/\/www.m2act.ch\/en\/wp-json\/wp\/v2\/pages\/934\/revisions"}],"predecessor-version":[{"id":10116,"href":"https:\/\/www.m2act.ch\/en\/wp-json\/wp\/v2\/pages\/934\/revisions\/10116"}],"wp:attachment":[{"href":"https:\/\/www.m2act.ch\/en\/wp-json\/wp\/v2\/media?parent=934"}],"curies":[{"name":"wp","href":"https:\/\/api.w.org\/{rel}","templated":true}]}}