{"id":12347,"date":"2025-07-08T14:24:14","date_gmt":"2025-07-08T12:24:14","guid":{"rendered":"https:\/\/www.m2act.ch\/im-gespraech\/"},"modified":"2026-03-13T10:20:14","modified_gmt":"2026-03-13T09:20:14","slug":"im-gespraech","status":"publish","type":"page","link":"https:\/\/www.m2act.ch\/en\/im-gespraech\/","title":{"rendered":"In dialogue"},"content":{"rendered":"\n<p><strong><strong>m2act is committed to bringing visibility to the structural change in the Swiss cultural work.<\/strong><\/strong><\/p>\n\n\n\n<p>As part of its funding programmes, m2act works closely with representatives of funded projects to raise awareness among the public and cultural policymakers of the concerns of cultural professionals. Various communication measures support this process.<\/p>\n\n\n\n<p><strong>Media and reports:<\/strong><\/p>\n\n\n\n<ul class=\"wp-block-list\">\n<li><strong><a href=\"https:\/\/www.m2act.ch\/wp-content\/uploads\/2026\/03\/04_TdZ_1225_Insert.pdf\">Article Theater der Zeit<\/a><\/strong>: m2act x Helvetiarockt 2025: Pr\u00e4vention als Kultur<\/li>\n\n\n\n<li><strong><a href=\"https:\/\/ensemble-magazin.ch\/2026\/02\/03\/buehne-backstage-awareness-bringt-sicherheit\/\">Article Ensemble Magazin 2026<\/a><\/strong>: B\u00fchne &amp; Backstage: \u00abAwareness bringt Sicherheit\u00bb<\/li>\n\n\n\n<li><strong><a href=\"https:\/\/artofintervention.ch\/ein-netzwerktreffen-gegen-das-schweigen\/\">Article AOI<\/a><\/strong>: m2act x Helvetiarockt 2025: A networking event against silence<\/li>\n\n\n\n<li><a href=\"https:\/\/radiox.ch\/news-archiv\/m2act-helvetiarockt-kaserne-radiox.html\"><strong>Listen to the Radio X broadcast:<\/strong> <\/a>m2act x Helvetiarockt 2025: keynote by Agota Lavoyer and panel dialogues featuring, among others, Naomi Chinasa B\u00f6gli (Federal Office of Culture), Noemi Gr\u00fctter, Mattia Iacobelli, Agota Lavoyer, Agathe Raboud, Themis (Trust Center against Sexual Harassment and Violence), and Andrea Zimmermann.<\/li>\n\n\n\n<li><strong><a href=\"https:\/\/ensemble-magazin.ch\/2025\/05\/02\/in-den-rollenspielen-gehts-auch-um-heikle-situationen\/\">Article Ensemble Magazin 2025<\/a><\/strong>: biografie.art: Auch heikle Situationen in Rollenspielen<\/li>\n\n\n\n<li><strong><a href=\"https:\/\/www.m2act.ch\/wp-content\/uploads\/2025\/11\/Ensemble-Magazin-Artikel.pdf\">Article Ensemble Magazine 2025<\/a><\/strong>: produktionsDOCK: Endlich ein Profi-Leitfaden f\u00fcr B\u00fchnenprojekte!<\/li>\n\n\n\n<li><strong><a href=\"https:\/\/www.m2act.ch\/en\/allianz-kollaboration-teilhabe-praktische-und-theoretische-denkanstosse-fur-eine-kunst-der-solidaritat\/\" target=\"_blank\" rel=\"noreferrer noopener\">Input#1<\/a>:<\/strong> Rohit Jain, m2act x forum dance 2024: Allianz, Kollaboration, Teilhabe? Praktische und theoretische Denkanst\u00f6sse f\u00fcr eine Kunst der Solidarit\u00e4t<\/li>\n\n\n\n<li><strong><a href=\"https:\/\/www.m2act.ch\/en\/interview\/\">Interview, November 2023:<\/a><\/strong> Conversation with Lucrezia Perrig and Noemi Gr\u00fctter about <em>Das Rosa Heft<\/em>.<\/li>\n\n\n\n<li><a href=\"https:\/\/storage.googleapis.com\/evenito-uploads-prod\/spaces\/048aa437-d557-46e9-b1f4-50a813fb2686\/795d10de-8ed3-48e5-85f9-53550a7dd155.mp3\" target=\"_blank\" rel=\"noreferrer noopener\"><strong>Listen to the Radio RaBe broadcast:<\/strong><\/a> m2act x burning issues 2023: the reporters Soya the Cow and Maja Br\u00f6nnimann reported in a live broadcast on Radio RaBe.<\/li>\n\n\n\n<li><a href=\"https:\/\/old.rabe.ch\/2023\/08\/17\/brennende-themen-in-den-darstellenden-kuensten\/\"><strong>Listen to the Radio RaBe: m2act x burning issues 2023<\/strong><\/a>: Burning topics in the performing arts<\/li>\n\n\n\n<li><strong><a href=\"https:\/\/www.m2act.ch\/wp-content\/uploads\/2025\/09\/Foerderpolitik_Ein-lernendes-Projekt-Im-Gespraec\">Interview, 2022:<\/a><\/strong> In conversation: The magazine&nbsp;Theater heute&nbsp;with Matthias Baumgartner.<\/li>\n\n\n\n<li><strong><a href=\"https:\/\/www.m2act.ch\/en\/dialog-02\/\">Dialogue #02, 2021<\/a>:<\/strong> Discussion with Bj\u00f6rn M\u00fcller about transformation processes.<\/li>\n\n\n\n<li><strong><a href=\"https:\/\/www.m2act.ch\/en\/dialog-01\/\">Dialogue #01, 2021:<\/a><\/strong> Exchange with Moritz von Rappard about co-creation.<\/li>\n<\/ul>\n\n\n\n<p>These contributions offer valuable insights into the challenges and opportunities presented by structural change and promote dialogue between cultural professionals in the Swiss cultural landscapeand the public.<\/p>\n\n\n\n<p><\/p>\n","protected":false},"excerpt":{"rendered":"<p>m2act is committed to bringing visibility to the structural change in the Swiss cultural work. As part of its funding programmes, m2act works closely with representatives of funded projects to raise awareness among the public and cultural policymakers of the concerns of cultural professionals. Various communication measures support this process. Media and reports: These contributions [&hellip;]<\/p>\n","protected":false},"author":1,"featured_media":0,"parent":0,"menu_order":9,"comment_status":"closed","ping_status":"closed","template":"","meta":{"_acf_changed":false,"footnotes":""},"class_list":["post-12347","page","type-page","status-publish","hentry"],"acf":[],"yoast_head":"<!-- This site is optimized with the Yoast SEO plugin v27.2 - https:\/\/yoast.com\/product\/yoast-seo-wordpress\/ -->\n<title>In dialogue - M2ACT<\/title>\n<meta name=\"robots\" content=\"index, follow, max-snippet:-1, max-image-preview:large, max-video-preview:-1\" \/>\n<link rel=\"canonical\" href=\"https:\/\/www.m2act.ch\/en\/im-gespraech\/\" \/>\n<meta property=\"og:locale\" content=\"en_US\" \/>\n<meta property=\"og:type\" content=\"article\" \/>\n<meta property=\"og:title\" content=\"In dialogue - M2ACT\" \/>\n<meta property=\"og:description\" content=\"m2act is committed to bringing visibility to the structural change in the Swiss cultural work. As part of its funding programmes, m2act works closely with representatives of funded projects to raise awareness among the public and cultural policymakers of the concerns of cultural professionals. Various communication measures support this process. Media and reports: These contributions [&hellip;]\" \/>\n<meta property=\"og:url\" content=\"https:\/\/www.m2act.ch\/en\/im-gespraech\/\" \/>\n<meta property=\"og:site_name\" content=\"M2ACT\" \/>\n<meta property=\"article:modified_time\" content=\"2026-03-13T09:20:14+00:00\" \/>\n<meta property=\"og:image\" content=\"https:\/\/www.m2act.ch\/wp-content\/uploads\/2025\/03\/Webbseite_Header.jpg\" \/>\n\t<meta property=\"og:image:width\" content=\"2000\" \/>\n\t<meta property=\"og:image:height\" content=\"640\" \/>\n\t<meta property=\"og:image:type\" content=\"image\/jpeg\" \/>\n<meta name=\"twitter:card\" content=\"summary_large_image\" \/>\n<meta name=\"twitter:label1\" content=\"Est. reading time\" \/>\n\t<meta name=\"twitter:data1\" content=\"2 minutes\" \/>\n<script type=\"application\/ld+json\" class=\"yoast-schema-graph\">{\"@context\":\"https:\/\/schema.org\",\"@graph\":[{\"@type\":\"WebPage\",\"@id\":\"https:\/\/www.m2act.ch\/en\/im-gespraech\/\",\"url\":\"https:\/\/www.m2act.ch\/en\/im-gespraech\/\",\"name\":\"In dialogue - M2ACT\",\"isPartOf\":{\"@id\":\"https:\/\/www.m2act.ch\/en\/#website\"},\"datePublished\":\"2025-07-08T12:24:14+00:00\",\"dateModified\":\"2026-03-13T09:20:14+00:00\",\"breadcrumb\":{\"@id\":\"https:\/\/www.m2act.ch\/en\/im-gespraech\/#breadcrumb\"},\"inLanguage\":\"en-US\",\"potentialAction\":[{\"@type\":\"ReadAction\",\"target\":[\"https:\/\/www.m2act.ch\/en\/im-gespraech\/\"]}]},{\"@type\":\"BreadcrumbList\",\"@id\":\"https:\/\/www.m2act.ch\/en\/im-gespraech\/#breadcrumb\",\"itemListElement\":[{\"@type\":\"ListItem\",\"position\":1,\"name\":\"Startseite\",\"item\":\"https:\/\/www.m2act.ch\/en\/\"},{\"@type\":\"ListItem\",\"position\":2,\"name\":\"In dialogue\"}]},{\"@type\":\"WebSite\",\"@id\":\"https:\/\/www.m2act.ch\/en\/#website\",\"url\":\"https:\/\/www.m2act.ch\/en\/\",\"name\":\"M2ACT\",\"description\":\"Ein Projekt von Migros Kulturprozent\",\"potentialAction\":[{\"@type\":\"SearchAction\",\"target\":{\"@type\":\"EntryPoint\",\"urlTemplate\":\"https:\/\/www.m2act.ch\/en\/?s={search_term_string}\"},\"query-input\":{\"@type\":\"PropertyValueSpecification\",\"valueRequired\":true,\"valueName\":\"search_term_string\"}}],\"inLanguage\":\"en-US\"}]}<\/script>\n<!-- \/ Yoast SEO plugin. -->","yoast_head_json":{"title":"In dialogue - M2ACT","robots":{"index":"index","follow":"follow","max-snippet":"max-snippet:-1","max-image-preview":"max-image-preview:large","max-video-preview":"max-video-preview:-1"},"canonical":"https:\/\/www.m2act.ch\/en\/im-gespraech\/","og_locale":"en_US","og_type":"article","og_title":"In dialogue - M2ACT","og_description":"m2act is committed to bringing visibility to the structural change in the Swiss cultural work. As part of its funding programmes, m2act works closely with representatives of funded projects to raise awareness among the public and cultural policymakers of the concerns of cultural professionals. Various communication measures support this process. Media and reports: These contributions [&hellip;]","og_url":"https:\/\/www.m2act.ch\/en\/im-gespraech\/","og_site_name":"M2ACT","article_modified_time":"2026-03-13T09:20:14+00:00","og_image":[{"width":2000,"height":640,"url":"https:\/\/www.m2act.ch\/wp-content\/uploads\/2025\/03\/Webbseite_Header.jpg","type":"image\/jpeg"}],"twitter_card":"summary_large_image","twitter_misc":{"Est. reading time":"2 minutes"},"schema":{"@context":"https:\/\/schema.org","@graph":[{"@type":"WebPage","@id":"https:\/\/www.m2act.ch\/en\/im-gespraech\/","url":"https:\/\/www.m2act.ch\/en\/im-gespraech\/","name":"In dialogue - M2ACT","isPartOf":{"@id":"https:\/\/www.m2act.ch\/en\/#website"},"datePublished":"2025-07-08T12:24:14+00:00","dateModified":"2026-03-13T09:20:14+00:00","breadcrumb":{"@id":"https:\/\/www.m2act.ch\/en\/im-gespraech\/#breadcrumb"},"inLanguage":"en-US","potentialAction":[{"@type":"ReadAction","target":["https:\/\/www.m2act.ch\/en\/im-gespraech\/"]}]},{"@type":"BreadcrumbList","@id":"https:\/\/www.m2act.ch\/en\/im-gespraech\/#breadcrumb","itemListElement":[{"@type":"ListItem","position":1,"name":"Startseite","item":"https:\/\/www.m2act.ch\/en\/"},{"@type":"ListItem","position":2,"name":"In dialogue"}]},{"@type":"WebSite","@id":"https:\/\/www.m2act.ch\/en\/#website","url":"https:\/\/www.m2act.ch\/en\/","name":"M2ACT","description":"Ein Projekt von Migros Kulturprozent","potentialAction":[{"@type":"SearchAction","target":{"@type":"EntryPoint","urlTemplate":"https:\/\/www.m2act.ch\/en\/?s={search_term_string}"},"query-input":{"@type":"PropertyValueSpecification","valueRequired":true,"valueName":"search_term_string"}}],"inLanguage":"en-US"}]}},"_links":{"self":[{"href":"https:\/\/www.m2act.ch\/en\/wp-json\/wp\/v2\/pages\/12347","targetHints":{"allow":["GET"]}}],"collection":[{"href":"https:\/\/www.m2act.ch\/en\/wp-json\/wp\/v2\/pages"}],"about":[{"href":"https:\/\/www.m2act.ch\/en\/wp-json\/wp\/v2\/types\/page"}],"author":[{"embeddable":true,"href":"https:\/\/www.m2act.ch\/en\/wp-json\/wp\/v2\/users\/1"}],"replies":[{"embeddable":true,"href":"https:\/\/www.m2act.ch\/en\/wp-json\/wp\/v2\/comments?post=12347"}],"version-history":[{"count":32,"href":"https:\/\/www.m2act.ch\/en\/wp-json\/wp\/v2\/pages\/12347\/revisions"}],"predecessor-version":[{"id":15152,"href":"https:\/\/www.m2act.ch\/en\/wp-json\/wp\/v2\/pages\/12347\/revisions\/15152"}],"wp:attachment":[{"href":"https:\/\/www.m2act.ch\/en\/wp-json\/wp\/v2\/media?parent=12347"}],"curies":[{"name":"wp","href":"https:\/\/api.w.org\/{rel}","templated":true}]}}